{"id":1308,"date":"2026-04-01T07:25:43","date_gmt":"2026-04-01T07:25:43","guid":{"rendered":"https:\/\/digitalecec.eu\/%ce%b5%cf%84%ce%b1%ce%af%cf%81%ce%bf%ce%b9\/"},"modified":"2026-04-07T08:26:54","modified_gmt":"2026-04-07T08:26:54","slug":"%ce%b5%cf%84%ce%b1%ce%af%cf%81%ce%bf%ce%b9","status":"publish","type":"page","link":"https:\/\/digitalecec.eu\/el\/%ce%b5%cf%84%ce%b1%ce%af%cf%81%ce%bf%ce%b9\/","title":{"rendered":"\u0395\u03c4\u03b1\u03af\u03c1\u03bf\u03b9"},"content":{"rendered":"\t\t<div data-elementor-type=\"wp-page\" data-elementor-id=\"1308\" class=\"elementor elementor-1308 elementor-74\" data-elementor-post-type=\"page\">\n\t\t\t\t<div class=\"elementor-element elementor-element-9a13e93 e-flex e-con-boxed e-con e-parent\" data-id=\"9a13e93\" data-element_type=\"container\">\n\t\t\t\t\t<div class=\"e-con-inner\">\n\t\t\t\t<div class=\"elementor-element elementor-element-e3f274d elementor-widget elementor-widget-image\" data-id=\"e3f274d\" data-element_type=\"widget\" data-widget_type=\"image.default\">\n\t\t\t\t\t\t\t\t\t\t\t\t\t\t\t<img fetchpriority=\"high\" decoding=\"async\" width=\"800\" height=\"527\" src=\"https:\/\/digitalecec.eu\/wp-content\/uploads\/2026\/01\/Digital-ECEC2-partners-image.png\" class=\"attachment-large size-large wp-image-1041\" alt=\"\" srcset=\"https:\/\/digitalecec.eu\/wp-content\/uploads\/2026\/01\/Digital-ECEC2-partners-image.png 1021w, https:\/\/digitalecec.eu\/wp-content\/uploads\/2026\/01\/Digital-ECEC2-partners-image-300x197.png 300w, https:\/\/digitalecec.eu\/wp-content\/uploads\/2026\/01\/Digital-ECEC2-partners-image-768x505.png 768w\" sizes=\"(max-width: 800px) 100vw, 800px\" \/>\t\t\t\t\t\t\t\t\t\t\t\t\t\t\t<\/div>\n\t\t\t\t<div class=\"elementor-element elementor-element-b875e78 elementor-widget elementor-widget-heading\" data-id=\"b875e78\" data-element_type=\"widget\" data-widget_type=\"heading.default\">\n\t\t\t\t\t<h2 class=\"elementor-heading-title elementor-size-default\">\u0395\u03c4\u03b1\u03af\u03c1\u03bf\u03b9<\/h2>\t\t\t\t<\/div>\n\t\t\t\t\t<\/div>\n\t\t\t\t<\/div>\n\t\t<div class=\"elementor-element elementor-element-dd45c82 e-flex e-con-boxed e-con e-parent\" data-id=\"dd45c82\" data-element_type=\"container\">\n\t\t\t\t\t<div class=\"e-con-inner\">\n\t\t<div class=\"elementor-element elementor-element-51b17ef e-con-full e-flex e-con e-child\" data-id=\"51b17ef\" data-element_type=\"container\">\n\t\t<div class=\"elementor-element elementor-element-7895c10 e-con-full e-flex e-con e-child\" data-id=\"7895c10\" data-element_type=\"container\" data-settings=\"{&quot;background_background&quot;:&quot;classic&quot;}\">\n\t\t\t\t<div class=\"elementor-element elementor-element-c0c039b elementor-widget elementor-widget-image\" data-id=\"c0c039b\" data-element_type=\"widget\" data-widget_type=\"image.default\">\n\t\t\t\t\t\t\t\t\t\t\t\t\t\t\t<img decoding=\"async\" width=\"600\" height=\"400\" src=\"https:\/\/digitalecec.eu\/wp-content\/uploads\/2026\/01\/MARIJAMPOLES-logo-600x400-1.png\" class=\"attachment-large size-large wp-image-953\" alt=\"\" srcset=\"https:\/\/digitalecec.eu\/wp-content\/uploads\/2026\/01\/MARIJAMPOLES-logo-600x400-1.png 600w, https:\/\/digitalecec.eu\/wp-content\/uploads\/2026\/01\/MARIJAMPOLES-logo-600x400-1-300x200.png 300w\" sizes=\"(max-width: 600px) 100vw, 600px\" \/>\t\t\t\t\t\t\t\t\t\t\t\t\t\t\t<\/div>\n\t\t\t\t<div class=\"elementor-element elementor-element-1acf43b elementor-widget elementor-widget-heading\" data-id=\"1acf43b\" data-element_type=\"widget\" data-widget_type=\"heading.default\">\n\t\t\t\t\t<h6 class=\"elementor-heading-title elementor-size-default\">Marijampol\u0117s vaik\u0173 lop\u0161elis-dar\u017eelis <\/h6>\t\t\t\t<\/div>\n\t\t\t\t<div class=\"elementor-element elementor-element-9ccba4b elementor-widget elementor-widget-heading\" data-id=\"9ccba4b\" data-element_type=\"widget\" data-widget_type=\"heading.default\">\n\t\t\t\t\t<h6 class=\"elementor-heading-title elementor-size-default\">\u039b\u03b9\u03b8\u03bf\u03c5\u03b1\u03bd\u03af\u03b1 \ud83c\uddf1\ud83c\uddf9<\/h6>\t\t\t\t<\/div>\n\t\t\t\t<div class=\"elementor-element elementor-element-b4e1efb elementor-widget elementor-widget-button\" data-id=\"b4e1efb\" data-element_type=\"widget\" data-widget_type=\"button.default\">\n\t\t\t\t\t\t\t\t\t\t<a class=\"elementor-button elementor-button-link elementor-size-sm elementor-animation-grow\" href=\"https:\/\/digitalecec.eu\/el\/%ce%b5%cf%84%ce%b1%ce%af%cf%81%ce%bf%ce%b9\/marijampole-kindergarten\/\">\n\t\t\t\t\t\t<span class=\"elementor-button-content-wrapper\">\n\t\t\t\t\t\t\t\t\t<span class=\"elementor-button-text\">\u03b4\u03b9\u03b1\u03b2\u03ac\u03c3\u03c4\u03b5 \u03c0\u03b5\u03c1\u03b9\u03c3\u03c3\u03cc\u03c4\u03b5\u03c1\u03b1<\/span>\n\t\t\t\t\t<\/span>\n\t\t\t\t\t<\/a>\n\t\t\t\t\t\t\t\t<\/div>\n\t\t\t\t<\/div>\n\t\t<div class=\"elementor-element elementor-element-4a588df e-con-full e-flex e-con e-child\" data-id=\"4a588df\" data-element_type=\"container\" data-settings=\"{&quot;background_background&quot;:&quot;classic&quot;}\">\n\t\t\t\t<div class=\"elementor-element elementor-element-1ffd95c elementor-widget elementor-widget-image\" data-id=\"1ffd95c\" data-element_type=\"widget\" data-widget_type=\"image.default\">\n\t\t\t\t\t\t\t\t\t\t\t\t\t\t\t<img decoding=\"async\" width=\"600\" height=\"400\" src=\"https:\/\/digitalecec.eu\/wp-content\/uploads\/2026\/01\/LSMPS-logo-600x400-1.png\" class=\"attachment-large size-large wp-image-949\" alt=\"\" srcset=\"https:\/\/digitalecec.eu\/wp-content\/uploads\/2026\/01\/LSMPS-logo-600x400-1.png 600w, https:\/\/digitalecec.eu\/wp-content\/uploads\/2026\/01\/LSMPS-logo-600x400-1-300x200.png 300w\" sizes=\"(max-width: 600px) 100vw, 600px\" \/>\t\t\t\t\t\t\t\t\t\t\t\t\t\t\t<\/div>\n\t\t\t\t<div class=\"elementor-element elementor-element-5e512e7 elementor-widget elementor-widget-heading\" data-id=\"5e512e7\" data-element_type=\"widget\" data-widget_type=\"heading.default\">\n\t\t\t\t\t<h6 class=\"elementor-heading-title elementor-size-default\">LIETUVOS SVIETIMO IR MOKSLO PROFESINE SAJUNGA <\/h6>\t\t\t\t<\/div>\n\t\t\t\t<div class=\"elementor-element elementor-element-9d24975 elementor-widget elementor-widget-heading\" data-id=\"9d24975\" data-element_type=\"widget\" data-widget_type=\"heading.default\">\n\t\t\t\t\t<h6 class=\"elementor-heading-title elementor-size-default\">\u039b\u03b9\u03b8\u03bf\u03c5\u03b1\u03bd\u03af\u03b1 \ud83c\uddf1\ud83c\uddf9<\/h6>\t\t\t\t<\/div>\n\t\t\t\t<div class=\"elementor-element elementor-element-f15a3aa elementor-widget elementor-widget-button\" data-id=\"f15a3aa\" data-element_type=\"widget\" data-widget_type=\"button.default\">\n\t\t\t\t\t\t\t\t\t\t<a class=\"elementor-button elementor-button-link elementor-size-sm elementor-animation-grow\" href=\"https:\/\/digitalecec.eu\/el\/%ce%b5%cf%84%ce%b1%ce%af%cf%81%ce%bf%ce%b9\/%ce%bb%ce%b9%ce%b8%ce%bf%cf%85%ce%b1%ce%bd%ce%b9%ce%ba%cf%8c-%cf%83%cf%85%ce%bd%ce%b4%ce%b9%ce%ba%ce%ac%cf%84%ce%bf-%ce%b5%ce%ba%cf%80%ce%b1%ce%af%ce%b4%ce%b5%cf%85%cf%83%ce%b7%cf%82-%ce%ba%ce%b1\/\">\n\t\t\t\t\t\t<span class=\"elementor-button-content-wrapper\">\n\t\t\t\t\t\t\t\t\t<span class=\"elementor-button-text\">\u03b4\u03b9\u03b1\u03b2\u03ac\u03c3\u03c4\u03b5 \u03c0\u03b5\u03c1\u03b9\u03c3\u03c3\u03cc\u03c4\u03b5\u03c1\u03b1<\/span>\n\t\t\t\t\t<\/span>\n\t\t\t\t\t<\/a>\n\t\t\t\t\t\t\t\t<\/div>\n\t\t\t\t<\/div>\n\t\t<div class=\"elementor-element elementor-element-b7f21d8 e-con-full e-flex e-con e-child\" data-id=\"b7f21d8\" data-element_type=\"container\" data-settings=\"{&quot;background_background&quot;:&quot;classic&quot;}\">\n\t\t\t\t<div class=\"elementor-element elementor-element-3b41760 elementor-widget elementor-widget-image\" data-id=\"3b41760\" data-element_type=\"widget\" data-widget_type=\"image.default\">\n\t\t\t\t\t\t\t\t\t\t\t\t\t\t\t<img loading=\"lazy\" decoding=\"async\" width=\"600\" height=\"400\" src=\"https:\/\/digitalecec.eu\/wp-content\/uploads\/2026\/01\/p-consulting-logo-600x400-1.png\" class=\"attachment-large size-large wp-image-957\" alt=\"\" srcset=\"https:\/\/digitalecec.eu\/wp-content\/uploads\/2026\/01\/p-consulting-logo-600x400-1.png 600w, https:\/\/digitalecec.eu\/wp-content\/uploads\/2026\/01\/p-consulting-logo-600x400-1-300x200.png 300w\" sizes=\"(max-width: 600px) 100vw, 600px\" \/>\t\t\t\t\t\t\t\t\t\t\t\t\t\t\t<\/div>\n\t\t\t\t<div class=\"elementor-element elementor-element-1e0d56c elementor-widget elementor-widget-heading\" data-id=\"1e0d56c\" data-element_type=\"widget\" data-widget_type=\"heading.default\">\n\t\t\t\t\t<h6 class=\"elementor-heading-title elementor-size-default\">p-consulting.gr <\/h6>\t\t\t\t<\/div>\n\t\t\t\t<div class=\"elementor-element elementor-element-4c4d473 elementor-widget elementor-widget-heading\" data-id=\"4c4d473\" data-element_type=\"widget\" data-widget_type=\"heading.default\">\n\t\t\t\t\t<h6 class=\"elementor-heading-title elementor-size-default\">\u0395\u03bb\u03bb\u03ac\u03b4\u03b1 \ud83c\uddec\ud83c\uddf7<\/h6>\t\t\t\t<\/div>\n\t\t\t\t<div class=\"elementor-element elementor-element-f3b6ef4 elementor-widget elementor-widget-button\" data-id=\"f3b6ef4\" data-element_type=\"widget\" data-widget_type=\"button.default\">\n\t\t\t\t\t\t\t\t\t\t<a class=\"elementor-button elementor-button-link elementor-size-sm elementor-animation-grow\" href=\"https:\/\/digitalecec.eu\/el\/%ce%b5%cf%84%ce%b1%ce%af%cf%81%ce%bf%ce%b9\/p-consulting-gr\/\">\n\t\t\t\t\t\t<span class=\"elementor-button-content-wrapper\">\n\t\t\t\t\t\t\t\t\t<span class=\"elementor-button-text\">\u03b4\u03b9\u03b1\u03b2\u03ac\u03c3\u03c4\u03b5 \u03c0\u03b5\u03c1\u03b9\u03c3\u03c3\u03cc\u03c4\u03b5\u03c1\u03b1<\/span>\n\t\t\t\t\t<\/span>\n\t\t\t\t\t<\/a>\n\t\t\t\t\t\t\t\t<\/div>\n\t\t\t\t<\/div>\n\t\t<div class=\"elementor-element elementor-element-404746a e-con-full e-flex e-con e-child\" data-id=\"404746a\" data-element_type=\"container\" data-settings=\"{&quot;background_background&quot;:&quot;classic&quot;}\">\n\t\t\t\t<div class=\"elementor-element elementor-element-47737d3 elementor-widget elementor-widget-image\" data-id=\"47737d3\" data-element_type=\"widget\" data-widget_type=\"image.default\">\n\t\t\t\t\t\t\t\t\t\t\t\t\t\t\t<img loading=\"lazy\" decoding=\"async\" width=\"600\" height=\"400\" src=\"https:\/\/digitalecec.eu\/wp-content\/uploads\/2026\/02\/kotronis_logo_en_600x400.png\" class=\"attachment-large size-large wp-image-1217\" alt=\"\" srcset=\"https:\/\/digitalecec.eu\/wp-content\/uploads\/2026\/02\/kotronis_logo_en_600x400.png 600w, https:\/\/digitalecec.eu\/wp-content\/uploads\/2026\/02\/kotronis_logo_en_600x400-300x200.png 300w\" sizes=\"(max-width: 600px) 100vw, 600px\" \/>\t\t\t\t\t\t\t\t\t\t\t\t\t\t\t<\/div>\n\t\t\t\t<div class=\"elementor-element elementor-element-c52cd9e elementor-widget elementor-widget-heading\" data-id=\"c52cd9e\" data-element_type=\"widget\" data-widget_type=\"heading.default\">\n\t\t\t\t\t<h6 class=\"elementor-heading-title elementor-size-default\">EKPAIDEYTIRIA DYTIKIS ELLADOS SINGLE MEMBER P.C. <\/h6>\t\t\t\t<\/div>\n\t\t\t\t<div class=\"elementor-element elementor-element-7a9e1d9 elementor-widget elementor-widget-heading\" data-id=\"7a9e1d9\" data-element_type=\"widget\" data-widget_type=\"heading.default\">\n\t\t\t\t\t<h6 class=\"elementor-heading-title elementor-size-default\">\u0395\u03bb\u03bb\u03ac\u03b4\u03b1 \ud83c\uddec\ud83c\uddf7<\/h6>\t\t\t\t<\/div>\n\t\t\t\t<div class=\"elementor-element elementor-element-2218ad3 elementor-widget elementor-widget-button\" data-id=\"2218ad3\" data-element_type=\"widget\" data-widget_type=\"button.default\">\n\t\t\t\t\t\t\t\t\t\t<a class=\"elementor-button elementor-button-link elementor-size-sm elementor-animation-grow\" href=\"https:\/\/digitalecec.eu\/el\/%ce%b5%cf%84%ce%b1%ce%af%cf%81%ce%bf%ce%b9\/%ce%b5%ce%ba%cf%80%ce%b1%ce%b9%ce%b4%ce%b5%cf%85%cf%84%ce%ae%cf%81%ce%b9%ce%b1-%ce%ba%ce%bf%cf%84%cf%81%cf%8e%ce%bd%ce%b7\/\">\n\t\t\t\t\t\t<span class=\"elementor-button-content-wrapper\">\n\t\t\t\t\t\t\t\t\t<span class=\"elementor-button-text\">\u03b4\u03b9\u03b1\u03b2\u03ac\u03c3\u03c4\u03b5 \u03c0\u03b5\u03c1\u03b9\u03c3\u03c3\u03cc\u03c4\u03b5\u03c1\u03b1<\/span>\n\t\t\t\t\t<\/span>\n\t\t\t\t\t<\/a>\n\t\t\t\t\t\t\t\t<\/div>\n\t\t\t\t<\/div>\n\t\t\t\t<\/div>\n\t\t<div class=\"elementor-element elementor-element-79eb263 e-con-full e-flex e-con e-child\" data-id=\"79eb263\" data-element_type=\"container\">\n\t\t<div class=\"elementor-element elementor-element-e70c79d e-con-full e-flex e-con e-child\" data-id=\"e70c79d\" data-element_type=\"container\" data-settings=\"{&quot;background_background&quot;:&quot;classic&quot;}\">\n\t\t\t\t<div class=\"elementor-element elementor-element-e2015da elementor-widget elementor-widget-image\" data-id=\"e2015da\" data-element_type=\"widget\" data-widget_type=\"image.default\">\n\t\t\t\t\t\t\t\t\t\t\t\t\t\t\t<img loading=\"lazy\" decoding=\"async\" width=\"600\" height=\"400\" src=\"https:\/\/digitalecec.eu\/wp-content\/uploads\/2026\/01\/pomoc-logo-600x400-1.png\" class=\"attachment-large size-large wp-image-961\" alt=\"\" srcset=\"https:\/\/digitalecec.eu\/wp-content\/uploads\/2026\/01\/pomoc-logo-600x400-1.png 600w, https:\/\/digitalecec.eu\/wp-content\/uploads\/2026\/01\/pomoc-logo-600x400-1-300x200.png 300w\" sizes=\"(max-width: 600px) 100vw, 600px\" \/>\t\t\t\t\t\t\t\t\t\t\t\t\t\t\t<\/div>\n\t\t\t\t<div class=\"elementor-element elementor-element-8c7a479 elementor-widget elementor-widget-heading\" data-id=\"8c7a479\" data-element_type=\"widget\" data-widget_type=\"heading.default\">\n\t\t\t\t\t<h6 class=\"elementor-heading-title elementor-size-default\">POMOC DECI UDRUZENJE GRADJANA <\/h6>\t\t\t\t<\/div>\n\t\t\t\t<div class=\"elementor-element elementor-element-1228e67 elementor-widget elementor-widget-heading\" data-id=\"1228e67\" data-element_type=\"widget\" data-widget_type=\"heading.default\">\n\t\t\t\t\t<h6 class=\"elementor-heading-title elementor-size-default\">\u03a3\u03b5\u03c1\u03b2\u03af\u03b1 \ud83c\uddf7\ud83c\uddf8<\/h6>\t\t\t\t<\/div>\n\t\t\t\t<div class=\"elementor-element elementor-element-628d29f elementor-widget elementor-widget-button\" data-id=\"628d29f\" data-element_type=\"widget\" data-widget_type=\"button.default\">\n\t\t\t\t\t\t\t\t\t\t<a class=\"elementor-button elementor-button-link elementor-size-sm elementor-animation-grow\" href=\"https:\/\/digitalecec.eu\/el\/%ce%b5%cf%84%ce%b1%ce%af%cf%81%ce%bf%ce%b9\/pomoc-deci-%ce%bf%cf%81%ce%b3%ce%b1%ce%bd%ce%b9%cf%83%ce%bc%cf%8c%cf%82-%cf%85%cf%80%ce%bf%cf%83%cf%84%ce%ae%cf%81%ce%b9%ce%be%ce%b7%cf%82-%cf%80%ce%b1%ce%b9%ce%b4%ce%b9%cf%8e%ce%bd-%ce%ba%ce%b1%ce%b9\/\">\n\t\t\t\t\t\t<span class=\"elementor-button-content-wrapper\">\n\t\t\t\t\t\t\t\t\t<span class=\"elementor-button-text\">\u03b4\u03b9\u03b1\u03b2\u03ac\u03c3\u03c4\u03b5 \u03c0\u03b5\u03c1\u03b9\u03c3\u03c3\u03cc\u03c4\u03b5\u03c1\u03b1<\/span>\n\t\t\t\t\t<\/span>\n\t\t\t\t\t<\/a>\n\t\t\t\t\t\t\t\t<\/div>\n\t\t\t\t<\/div>\n\t\t<div class=\"elementor-element elementor-element-bb0b8f9 e-con-full e-flex e-con e-child\" data-id=\"bb0b8f9\" data-element_type=\"container\" data-settings=\"{&quot;background_background&quot;:&quot;classic&quot;}\">\n\t\t\t\t<div class=\"elementor-element elementor-element-5cddd1d elementor-widget elementor-widget-image\" data-id=\"5cddd1d\" data-element_type=\"widget\" data-widget_type=\"image.default\">\n\t\t\t\t\t\t\t\t\t\t\t\t\t\t\t<img loading=\"lazy\" decoding=\"async\" width=\"600\" height=\"400\" src=\"https:\/\/digitalecec.eu\/wp-content\/uploads\/2026\/01\/Ser1-logo-600x400-1.png\" class=\"attachment-large size-large wp-image-1045\" alt=\"\" srcset=\"https:\/\/digitalecec.eu\/wp-content\/uploads\/2026\/01\/Ser1-logo-600x400-1.png 600w, https:\/\/digitalecec.eu\/wp-content\/uploads\/2026\/01\/Ser1-logo-600x400-1-300x200.png 300w\" sizes=\"(max-width: 600px) 100vw, 600px\" \/>\t\t\t\t\t\t\t\t\t\t\t\t\t\t\t<\/div>\n\t\t\t\t<div class=\"elementor-element elementor-element-74c7fee elementor-widget elementor-widget-heading\" data-id=\"74c7fee\" data-element_type=\"widget\" data-widget_type=\"heading.default\">\n\t\t\t\t\t<h6 class=\"elementor-heading-title elementor-size-default\">Decja radost <\/h6>\t\t\t\t<\/div>\n\t\t\t\t<div class=\"elementor-element elementor-element-2a91ac6 elementor-widget elementor-widget-heading\" data-id=\"2a91ac6\" data-element_type=\"widget\" data-widget_type=\"heading.default\">\n\t\t\t\t\t<h6 class=\"elementor-heading-title elementor-size-default\">\u03a3\u03b5\u03c1\u03b2\u03af\u03b1 \ud83c\uddf7\ud83c\uddf8<\/h6>\t\t\t\t<\/div>\n\t\t\t\t<div class=\"elementor-element elementor-element-7fd3dfb elementor-widget elementor-widget-button\" data-id=\"7fd3dfb\" data-element_type=\"widget\" data-widget_type=\"button.default\">\n\t\t\t\t\t\t\t\t\t\t<a class=\"elementor-button elementor-button-link elementor-size-sm elementor-animation-grow\" href=\"https:\/\/digitalecec.eu\/el\/%ce%b5%cf%84%ce%b1%ce%af%cf%81%ce%bf%ce%b9\/decja-radost\/\">\n\t\t\t\t\t\t<span class=\"elementor-button-content-wrapper\">\n\t\t\t\t\t\t\t\t\t<span class=\"elementor-button-text\">\u03b4\u03b9\u03b1\u03b2\u03ac\u03c3\u03c4\u03b5 \u03c0\u03b5\u03c1\u03b9\u03c3\u03c3\u03cc\u03c4\u03b5\u03c1\u03b1<\/span>\n\t\t\t\t\t<\/span>\n\t\t\t\t\t<\/a>\n\t\t\t\t\t\t\t\t<\/div>\n\t\t\t\t<\/div>\n\t\t<div class=\"elementor-element elementor-element-0efd094 e-con-full e-flex e-con e-child\" data-id=\"0efd094\" data-element_type=\"container\" data-settings=\"{&quot;background_background&quot;:&quot;classic&quot;}\">\n\t\t\t\t<div class=\"elementor-element elementor-element-2a0b1a0 elementor-widget elementor-widget-image\" data-id=\"2a0b1a0\" data-element_type=\"widget\" data-widget_type=\"image.default\">\n\t\t\t\t\t\t\t\t\t\t\t\t\t\t\t<img loading=\"lazy\" decoding=\"async\" width=\"600\" height=\"400\" src=\"https:\/\/digitalecec.eu\/wp-content\/uploads\/2026\/01\/Forma-azione-logo-600x400-1.png\" class=\"attachment-large size-large wp-image-941\" alt=\"\" srcset=\"https:\/\/digitalecec.eu\/wp-content\/uploads\/2026\/01\/Forma-azione-logo-600x400-1.png 600w, https:\/\/digitalecec.eu\/wp-content\/uploads\/2026\/01\/Forma-azione-logo-600x400-1-300x200.png 300w\" sizes=\"(max-width: 600px) 100vw, 600px\" \/>\t\t\t\t\t\t\t\t\t\t\t\t\t\t\t<\/div>\n\t\t\t\t<div class=\"elementor-element elementor-element-c921f20 elementor-widget elementor-widget-heading\" data-id=\"c921f20\" data-element_type=\"widget\" data-widget_type=\"heading.default\">\n\t\t\t\t\t<h6 class=\"elementor-heading-title elementor-size-default\">FORMA.AZIONE SRL <\/h6>\t\t\t\t<\/div>\n\t\t\t\t<div class=\"elementor-element elementor-element-3b50b46 elementor-widget elementor-widget-heading\" data-id=\"3b50b46\" data-element_type=\"widget\" data-widget_type=\"heading.default\">\n\t\t\t\t\t<h6 class=\"elementor-heading-title elementor-size-default\">\u0399\u03c4\u03b1\u03bb\u03af\u03b1 \ud83c\uddee\ud83c\uddf9<\/h6>\t\t\t\t<\/div>\n\t\t\t\t<div class=\"elementor-element elementor-element-d950205 elementor-widget elementor-widget-button\" data-id=\"d950205\" data-element_type=\"widget\" data-widget_type=\"button.default\">\n\t\t\t\t\t\t\t\t\t\t<a class=\"elementor-button elementor-button-link elementor-size-sm elementor-animation-grow\" href=\"https:\/\/digitalecec.eu\/el\/%ce%b5%cf%84%ce%b1%ce%af%cf%81%ce%bf%ce%b9\/forma-azione-srl\/\">\n\t\t\t\t\t\t<span class=\"elementor-button-content-wrapper\">\n\t\t\t\t\t\t\t\t\t<span class=\"elementor-button-text\">\u03b4\u03b9\u03b1\u03b2\u03ac\u03c3\u03c4\u03b5 \u03c0\u03b5\u03c1\u03b9\u03c3\u03c3\u03cc\u03c4\u03b5\u03c1\u03b1<\/span>\n\t\t\t\t\t<\/span>\n\t\t\t\t\t<\/a>\n\t\t\t\t\t\t\t\t<\/div>\n\t\t\t\t<\/div>\n\t\t<div class=\"elementor-element elementor-element-a592588 e-con-full e-flex e-con e-child\" data-id=\"a592588\" data-element_type=\"container\" data-settings=\"{&quot;background_background&quot;:&quot;classic&quot;}\">\n\t\t\t\t<div class=\"elementor-element elementor-element-e01512e elementor-widget elementor-widget-image\" data-id=\"e01512e\" data-element_type=\"widget\" data-widget_type=\"image.default\">\n\t\t\t\t\t\t\t\t\t\t\t\t\t\t\t<img loading=\"lazy\" decoding=\"async\" width=\"600\" height=\"400\" src=\"https:\/\/digitalecec.eu\/wp-content\/uploads\/2026\/01\/Santa-Croce-logo-600x400-1.png\" class=\"attachment-large size-large wp-image-965\" alt=\"\" srcset=\"https:\/\/digitalecec.eu\/wp-content\/uploads\/2026\/01\/Santa-Croce-logo-600x400-1.png 600w, https:\/\/digitalecec.eu\/wp-content\/uploads\/2026\/01\/Santa-Croce-logo-600x400-1-300x200.png 300w\" sizes=\"(max-width: 600px) 100vw, 600px\" \/>\t\t\t\t\t\t\t\t\t\t\t\t\t\t\t<\/div>\n\t\t\t\t<div class=\"elementor-element elementor-element-de2e334 elementor-widget elementor-widget-heading\" data-id=\"de2e334\" data-element_type=\"widget\" data-widget_type=\"heading.default\">\n\t\t\t\t\t<h6 class=\"elementor-heading-title elementor-size-default\">Scuola dell'Infanzia Santa Croce \u2013 Casa dei Bambini Maria Montessori <\/h6>\t\t\t\t<\/div>\n\t\t\t\t<div class=\"elementor-element elementor-element-cfe6d55 elementor-widget elementor-widget-heading\" data-id=\"cfe6d55\" data-element_type=\"widget\" data-widget_type=\"heading.default\">\n\t\t\t\t\t<h6 class=\"elementor-heading-title elementor-size-default\">\u0399\u03c4\u03b1\u03bb\u03af\u03b1 \ud83c\uddee\ud83c\uddf9<\/h6>\t\t\t\t<\/div>\n\t\t\t\t<div class=\"elementor-element elementor-element-07b4d9e elementor-widget elementor-widget-button\" data-id=\"07b4d9e\" data-element_type=\"widget\" data-widget_type=\"button.default\">\n\t\t\t\t\t\t\t\t\t\t<a class=\"elementor-button elementor-button-link elementor-size-sm elementor-animation-grow\" href=\"https:\/\/digitalecec.eu\/el\/%ce%b5%cf%84%ce%b1%ce%af%cf%81%ce%bf%ce%b9\/ente-santa-croce-maria-montessori\/\">\n\t\t\t\t\t\t<span class=\"elementor-button-content-wrapper\">\n\t\t\t\t\t\t\t\t\t<span class=\"elementor-button-text\">\u03b4\u03b9\u03b1\u03b2\u03ac\u03c3\u03c4\u03b5 \u03c0\u03b5\u03c1\u03b9\u03c3\u03c3\u03cc\u03c4\u03b5\u03c1\u03b1<\/span>\n\t\t\t\t\t<\/span>\n\t\t\t\t\t<\/a>\n\t\t\t\t\t\t\t\t<\/div>\n\t\t\t\t<\/div>\n\t\t\t\t<\/div>\n\t\t\t\t\t<\/div>\n\t\t\t\t<\/div>\n\t\t\t\t<\/div>\n\t\t","protected":false},"excerpt":{"rendered":"<p>\u0395\u03c4\u03b1\u03af\u03c1\u03bf\u03b9 Marijampol\u0117s vaik\u0173 lop\u0161elis-dar\u017eelis \u039b\u03b9\u03b8\u03bf\u03c5\u03b1\u03bd\u03af\u03b1 \ud83c\uddf1\ud83c\uddf9 \u03b4\u03b9\u03b1\u03b2\u03ac\u03c3\u03c4\u03b5 \u03c0\u03b5\u03c1\u03b9\u03c3\u03c3\u03cc\u03c4\u03b5\u03c1\u03b1 LIETUVOS SVIETIMO IR MOKSLO PROFESINE SAJUNGA \u039b\u03b9\u03b8\u03bf\u03c5\u03b1\u03bd\u03af\u03b1 \ud83c\uddf1\ud83c\uddf9 \u03b4\u03b9\u03b1\u03b2\u03ac\u03c3\u03c4\u03b5 \u03c0\u03b5\u03c1\u03b9\u03c3\u03c3\u03cc\u03c4\u03b5\u03c1\u03b1 p-consulting.gr \u0395\u03bb\u03bb\u03ac\u03b4\u03b1 \ud83c\uddec\ud83c\uddf7 \u03b4\u03b9\u03b1\u03b2\u03ac\u03c3\u03c4\u03b5 \u03c0\u03b5\u03c1\u03b9\u03c3\u03c3\u03cc\u03c4\u03b5\u03c1\u03b1 EKPAIDEYTIRIA DYTIKIS ELLADOS SINGLE MEMBER P.C. \u0395\u03bb\u03bb\u03ac\u03b4\u03b1 \ud83c\uddec\ud83c\uddf7 \u03b4\u03b9\u03b1\u03b2\u03ac\u03c3\u03c4\u03b5 \u03c0\u03b5\u03c1\u03b9\u03c3\u03c3\u03cc\u03c4\u03b5\u03c1\u03b1 POMOC DECI UDRUZENJE GRADJANA \u03a3\u03b5\u03c1\u03b2\u03af\u03b1 \ud83c\uddf7\ud83c\uddf8 \u03b4\u03b9\u03b1\u03b2\u03ac\u03c3\u03c4\u03b5 \u03c0\u03b5\u03c1\u03b9\u03c3\u03c3\u03cc\u03c4\u03b5\u03c1\u03b1 Decja radost \u03a3\u03b5\u03c1\u03b2\u03af\u03b1 \ud83c\uddf7\ud83c\uddf8 \u03b4\u03b9\u03b1\u03b2\u03ac\u03c3\u03c4\u03b5 \u03c0\u03b5\u03c1\u03b9\u03c3\u03c3\u03cc\u03c4\u03b5\u03c1\u03b1 FORMA.AZIONE SRL \u0399\u03c4\u03b1\u03bb\u03af\u03b1 \ud83c\uddee\ud83c\uddf9 \u03b4\u03b9\u03b1\u03b2\u03ac\u03c3\u03c4\u03b5 \u03c0\u03b5\u03c1\u03b9\u03c3\u03c3\u03cc\u03c4\u03b5\u03c1\u03b1 Scuola dell&#8217;Infanzia [&hellip;]<\/p>\n","protected":false},"author":3,"featured_media":1169,"parent":0,"menu_order":0,"comment_status":"closed","ping_status":"closed","template":"","meta":{"footnotes":""},"class_list":["post-1308","page","type-page","status-publish","has-post-thumbnail","hentry"],"_links":{"self":[{"href":"https:\/\/digitalecec.eu\/el\/wp-json\/wp\/v2\/pages\/1308","targetHints":{"allow":["GET"]}}],"collection":[{"href":"https:\/\/digitalecec.eu\/el\/wp-json\/wp\/v2\/pages"}],"about":[{"href":"https:\/\/digitalecec.eu\/el\/wp-json\/wp\/v2\/types\/page"}],"author":[{"embeddable":true,"href":"https:\/\/digitalecec.eu\/el\/wp-json\/wp\/v2\/users\/3"}],"replies":[{"embeddable":true,"href":"https:\/\/digitalecec.eu\/el\/wp-json\/wp\/v2\/comments?post=1308"}],"version-history":[{"count":4,"href":"https:\/\/digitalecec.eu\/el\/wp-json\/wp\/v2\/pages\/1308\/revisions"}],"predecessor-version":[{"id":2122,"href":"https:\/\/digitalecec.eu\/el\/wp-json\/wp\/v2\/pages\/1308\/revisions\/2122"}],"wp:featuredmedia":[{"embeddable":true,"href":"https:\/\/digitalecec.eu\/el\/wp-json\/wp\/v2\/media\/1169"}],"wp:attachment":[{"href":"https:\/\/digitalecec.eu\/el\/wp-json\/wp\/v2\/media?parent=1308"}],"curies":[{"name":"wp","href":"https:\/\/api.w.org\/{rel}","templated":true}]}}