{"id":1361,"date":"2026-04-01T08:26:54","date_gmt":"2026-04-01T08:26:54","guid":{"rendered":"https:\/\/digitalecec.eu\/about-us\/"},"modified":"2026-04-07T08:38:03","modified_gmt":"2026-04-07T08:38:03","slug":"about-us","status":"publish","type":"page","link":"https:\/\/digitalecec.eu\/it\/about-us\/","title":{"rendered":"Chi Siamo"},"content":{"rendered":"\t\t<div data-elementor-type=\"wp-page\" data-elementor-id=\"1361\" class=\"elementor elementor-1361 elementor-70\" data-elementor-post-type=\"page\">\n\t\t\t\t<div class=\"elementor-element elementor-element-260e709 e-flex e-con-boxed e-con e-parent\" data-id=\"260e709\" data-element_type=\"container\">\n\t\t\t\t\t<div class=\"e-con-inner\">\n\t\t\t\t<div class=\"elementor-element elementor-element-4d35e0d elementor-widget elementor-widget-image\" data-id=\"4d35e0d\" data-element_type=\"widget\" data-widget_type=\"image.default\">\n\t\t\t\t\t\t\t\t\t\t\t\t\t\t\t<img fetchpriority=\"high\" decoding=\"async\" width=\"800\" height=\"527\" src=\"https:\/\/digitalecec.eu\/wp-content\/uploads\/2026\/01\/Digital-ECEC2-about-image.png\" class=\"attachment-large size-large wp-image-1126\" alt=\"\" srcset=\"https:\/\/digitalecec.eu\/wp-content\/uploads\/2026\/01\/Digital-ECEC2-about-image.png 1021w, https:\/\/digitalecec.eu\/wp-content\/uploads\/2026\/01\/Digital-ECEC2-about-image-300x197.png 300w, https:\/\/digitalecec.eu\/wp-content\/uploads\/2026\/01\/Digital-ECEC2-about-image-768x505.png 768w\" sizes=\"(max-width: 800px) 100vw, 800px\" \/>\t\t\t\t\t\t\t\t\t\t\t\t\t\t\t<\/div>\n\t\t\t\t<div class=\"elementor-element elementor-element-bfc2d3a elementor-widget elementor-widget-heading\" data-id=\"bfc2d3a\" data-element_type=\"widget\" data-widget_type=\"heading.default\">\n\t\t\t\t\t<h2 class=\"elementor-heading-title elementor-size-default\">Chi Siamo<\/h2>\t\t\t\t<\/div>\n\t\t\t\t\t<\/div>\n\t\t\t\t<\/div>\n\t\t<div class=\"elementor-element elementor-element-4a797b6 e-flex e-con-boxed e-con e-parent\" data-id=\"4a797b6\" data-element_type=\"container\">\n\t\t\t\t\t<div class=\"e-con-inner\">\n\t\t<div class=\"elementor-element elementor-element-c30fce2 e-con-full e-flex e-con e-child\" data-id=\"c30fce2\" data-element_type=\"container\">\n\t\t<div class=\"elementor-element elementor-element-261aba1 e-con-full e-flex e-con e-child\" data-id=\"261aba1\" data-element_type=\"container\">\n\t\t\t\t<div class=\"elementor-element elementor-element-4cd1f09 elementor-widget elementor-widget-heading\" data-id=\"4cd1f09\" data-element_type=\"widget\" data-widget_type=\"heading.default\">\n\t\t\t\t\t<h4 class=\"elementor-heading-title elementor-size-default\">I bisogni<\/h4>\t\t\t\t<\/div>\n\t\t\t\t<div class=\"elementor-element elementor-element-b9be768 elementor-widget elementor-widget-text-editor\" data-id=\"b9be768\" data-element_type=\"widget\" data-widget_type=\"text-editor.default\">\n\t\t\t\t\t\t\t\t\t<p>L&#8217;educazione della prima infanzia \u00e8 sempre pi\u00f9 influenzata dalle tecnologie digitali e dall&#8217;intelligenza artificiale. L&#8217;IA sta gi\u00e0 plasmando il modo in cui vengono creati i contenuti didattici, come vengono gestite le scuole e come bambini e bambine interagiscono con gli ambienti digitali. Tuttavia, molti\/e insegnanti della prima infanzia, dirigenti scolastici e genitori non sono adeguatamente preparati per comprendere o utilizzare queste tecnologie in modo sicuro e significativo.<\/p><p>Esiste un evidente divario tra il rapido sviluppo degli strumenti di IA e le conoscenze pratiche a disposizione di chi lavora nell&#8217;educazione della prima infanzia. Gli\/Le insegnanti spesso non dispongono di una formazione strutturata sugli approcci didattici basati sull&#8217;IA, mentre i\/le dirigenti scolastici hanno bisogno di indicazioni su come l&#8217;AI possa supportare le attivit\u00e0 gestionali quotidiane. Allo stesso tempo, i genitori cercano informazioni affidabili sulla sicurezza digitale e sull&#8217;uso responsabile dell&#8217;IA per supportare meglio i bambini e le bambine a casa.<\/p><p>Digital ECEC 2 risponde direttamente a queste lacune. Il progetto riconosce che l&#8217;educazione della prima infanzia necessita di soluzioni di IA personalizzate, etiche e adeguate all&#8217;et\u00e0. Piuttosto che introdurre la tecnologia fine a s\u00e9 stessa, Digital ECEC 2 si concentra sull&#8217;aiutare insegnati e famiglie a comprendere come l&#8217;IA possa supportare l&#8217;apprendimento, l&#8217;inclusione, il benessere e un&#8217;istruzione di qualit\u00e0, nel rispetto delle esigenze di sviluppo dei bambini e delle bambine.<\/p>\t\t\t\t\t\t\t\t<\/div>\n\t\t\t\t<\/div>\n\t\t<div class=\"elementor-element elementor-element-4689d06 e-con-full e-flex e-con e-child\" data-id=\"4689d06\" data-element_type=\"container\">\n\t\t\t\t<div class=\"elementor-element elementor-element-2ff3fb1 elementor-widget elementor-widget-image\" data-id=\"2ff3fb1\" data-element_type=\"widget\" data-widget_type=\"image.default\">\n\t\t\t\t\t\t\t\t\t\t\t\t\t\t\t<img decoding=\"async\" width=\"800\" height=\"527\" src=\"https:\/\/digitalecec.eu\/wp-content\/uploads\/2026\/01\/Digital-ECEC2-about2-image.png\" class=\"attachment-large size-large wp-image-1138\" alt=\"\" srcset=\"https:\/\/digitalecec.eu\/wp-content\/uploads\/2026\/01\/Digital-ECEC2-about2-image.png 1021w, https:\/\/digitalecec.eu\/wp-content\/uploads\/2026\/01\/Digital-ECEC2-about2-image-300x197.png 300w, https:\/\/digitalecec.eu\/wp-content\/uploads\/2026\/01\/Digital-ECEC2-about2-image-768x505.png 768w\" sizes=\"(max-width: 800px) 100vw, 800px\" \/>\t\t\t\t\t\t\t\t\t\t\t\t\t\t\t<\/div>\n\t\t\t\t<\/div>\n\t\t\t\t<\/div>\n\t\t<div class=\"elementor-element elementor-element-814146f e-con-full e-flex e-con e-child\" data-id=\"814146f\" data-element_type=\"container\">\n\t\t<div class=\"elementor-element elementor-element-9f4e3c3 e-con-full e-flex e-con e-child\" data-id=\"9f4e3c3\" data-element_type=\"container\">\n\t\t\t\t<div class=\"elementor-element elementor-element-356d465 elementor-widget elementor-widget-heading\" data-id=\"356d465\" data-element_type=\"widget\" data-widget_type=\"heading.default\">\n\t\t\t\t\t<h4 class=\"elementor-heading-title elementor-size-default\">Lo scopo<\/h4>\t\t\t\t<\/div>\n\t\t\t\t<div class=\"elementor-element elementor-element-f3215eb elementor-widget elementor-widget-text-editor\" data-id=\"f3215eb\" data-element_type=\"widget\" data-widget_type=\"text-editor.default\">\n\t\t\t\t\t\t\t\t\t<p>Lo scopo di Digital ECEC 2 \u00e8 quello di sostenere l&#8217;educazione della prima infanzia nella navigazione di una trasformazione digitale con fiducia, chiarezza e attenzione. Il progetto cerca di rendere l\u2019IA accessibile e utile per insegnanti, dirigenti scolastici e genitori, senza compromettere l&#8217;apprendimento precoce.<\/p><p>Digital ECEC 2 promuove l&#8217;integrazione ponderata dell&#8217;IA nei contesti della prima infanzia, garantendo che la tecnologia supporti gli obiettivi pedagogici, migliori le esperienze di apprendimento e semplifichi i processi scolastici. Viene posto un forte accento sull&#8217;uso etico, sul benessere digitale e sull&#8217;inclusivit\u00e0, affinch\u00e9 l&#8217;IA diventi uno strumento positivo piuttosto che una fonte di preoccupazione o disuguaglianza.<\/p><p>Combinando formazione, strumenti pratici e linee guida chiare, il progetto mira a creare un approccio equilibrato all&#8217;IA nell&#8217;educazione della prima infanzia, che responsabilizzi gli\/le insegnanti, coinvolga le famiglie e ponga lo sviluppo dei bambini e delle bambine al centro di ogni decisione digitale.<\/p>\t\t\t\t\t\t\t\t<\/div>\n\t\t\t\t<\/div>\n\t\t<div class=\"elementor-element elementor-element-28d0edd e-con-full e-flex e-con e-child\" data-id=\"28d0edd\" data-element_type=\"container\">\n\t\t\t\t<div class=\"elementor-element elementor-element-055b83b elementor-widget elementor-widget-image\" data-id=\"055b83b\" data-element_type=\"widget\" data-widget_type=\"image.default\">\n\t\t\t\t\t\t\t\t\t\t\t\t\t\t\t<img decoding=\"async\" width=\"800\" height=\"527\" src=\"https:\/\/digitalecec.eu\/wp-content\/uploads\/2026\/01\/Digital-ECEC2-about3-image.png\" class=\"attachment-large size-large wp-image-1134\" alt=\"\" srcset=\"https:\/\/digitalecec.eu\/wp-content\/uploads\/2026\/01\/Digital-ECEC2-about3-image.png 1021w, https:\/\/digitalecec.eu\/wp-content\/uploads\/2026\/01\/Digital-ECEC2-about3-image-300x197.png 300w, https:\/\/digitalecec.eu\/wp-content\/uploads\/2026\/01\/Digital-ECEC2-about3-image-768x505.png 768w\" sizes=\"(max-width: 800px) 100vw, 800px\" \/>\t\t\t\t\t\t\t\t\t\t\t\t\t\t\t<\/div>\n\t\t\t\t<\/div>\n\t\t\t\t<\/div>\n\t\t<div class=\"elementor-element elementor-element-ea4bf2a e-con-full e-flex e-con e-child\" data-id=\"ea4bf2a\" data-element_type=\"container\">\n\t\t<div class=\"elementor-element elementor-element-dc23fd6 e-con-full e-flex e-con e-child\" data-id=\"dc23fd6\" data-element_type=\"container\">\n\t\t\t\t<div class=\"elementor-element elementor-element-6207229 elementor-widget elementor-widget-heading\" data-id=\"6207229\" data-element_type=\"widget\" data-widget_type=\"heading.default\">\n\t\t\t\t\t<h4 class=\"elementor-heading-title elementor-size-default\">Gli obiettivi<\/h4>\t\t\t\t<\/div>\n\t\t\t\t<div class=\"elementor-element elementor-element-8626fa2 elementor-widget elementor-widget-text-editor\" data-id=\"8626fa2\" data-element_type=\"widget\" data-widget_type=\"text-editor.default\">\n\t\t\t\t\t\t\t\t\t<p>Digital ECEC 2 persegue una serie di obiettivi chiari e interconnessi che rispondono alle esigenze reali dell&#8217;educazione della prima infanzia:<\/p>\t\t\t\t\t\t\t\t<\/div>\n\t\t\t\t<div class=\"elementor-element elementor-element-29df2f9 elementor-icon-list--layout-traditional elementor-list-item-link-full_width elementor-widget elementor-widget-icon-list\" data-id=\"29df2f9\" data-element_type=\"widget\" data-widget_type=\"icon-list.default\">\n\t\t\t\t\t\t\t<ul class=\"elementor-icon-list-items\">\n\t\t\t\t\t\t\t<li class=\"elementor-icon-list-item\">\n\t\t\t\t\t\t\t\t\t\t\t<span class=\"elementor-icon-list-icon\">\n\t\t\t\t\t\t\t<svg aria-hidden=\"true\" class=\"e-font-icon-svg e-fas-check-square\" viewBox=\"0 0 448 512\" xmlns=\"http:\/\/www.w3.org\/2000\/svg\"><path d=\"M400 480H48c-26.51 0-48-21.49-48-48V80c0-26.51 21.49-48 48-48h352c26.51 0 48 21.49 48 48v352c0 26.51-21.49 48-48 48zm-204.686-98.059l184-184c6.248-6.248 6.248-16.379 0-22.627l-22.627-22.627c-6.248-6.248-16.379-6.249-22.628 0L184 302.745l-70.059-70.059c-6.248-6.248-16.379-6.248-22.628 0l-22.627 22.627c-6.248 6.248-6.248 16.379 0 22.627l104 104c6.249 6.25 16.379 6.25 22.628.001z\"><\/path><\/svg>\t\t\t\t\t\t<\/span>\n\t\t\t\t\t\t\t\t\t\t<span class=\"elementor-icon-list-text\">Fornire agli\/lle insegnanti della prima infanzia, ai\/lle dirigenti scolastici, ai genitori e agli\/lle studenti di pedagogia le conoscenze essenziali e le competenze pratiche relative all'intelligenza artificiale, consentendo loro di comprendere e utilizzare l'AI nell'insegnamento, nell'apprendimento, nello sviluppo dei bambini e delle bambine nella vita scolastica quotidiana.<\/span>\n\t\t\t\t\t\t\t\t\t<\/li>\n\t\t\t\t\t\t\t\t<li class=\"elementor-icon-list-item\">\n\t\t\t\t\t\t\t\t\t\t\t<span class=\"elementor-icon-list-icon\">\n\t\t\t\t\t\t\t<svg aria-hidden=\"true\" class=\"e-font-icon-svg e-fas-check-square\" viewBox=\"0 0 448 512\" xmlns=\"http:\/\/www.w3.org\/2000\/svg\"><path d=\"M400 480H48c-26.51 0-48-21.49-48-48V80c0-26.51 21.49-48 48-48h352c26.51 0 48 21.49 48 48v352c0 26.51-21.49 48-48 48zm-204.686-98.059l184-184c6.248-6.248 6.248-16.379 0-22.627l-22.627-22.627c-6.248-6.248-16.379-6.249-22.628 0L184 302.745l-70.059-70.059c-6.248-6.248-16.379-6.248-22.628 0l-22.627 22.627c-6.248 6.248-6.248 16.379 0 22.627l104 104c6.249 6.25 16.379 6.25 22.628.001z\"><\/path><\/svg>\t\t\t\t\t\t<\/span>\n\t\t\t\t\t\t\t\t\t\t<span class=\"elementor-icon-list-text\">Sviluppare, testare e condividere strumenti pedagogici potenziati dall'IA che supportino l'apprendimento personalizzato, lo sviluppo del linguaggio, la crescita emotiva, il coinvolgimento e l'inclusione dei bambini e delle bambine.<\/span>\n\t\t\t\t\t\t\t\t\t<\/li>\n\t\t\t\t\t\t\t\t<li class=\"elementor-icon-list-item\">\n\t\t\t\t\t\t\t\t\t\t\t<span class=\"elementor-icon-list-icon\">\n\t\t\t\t\t\t\t<svg aria-hidden=\"true\" class=\"e-font-icon-svg e-fas-check-square\" viewBox=\"0 0 448 512\" xmlns=\"http:\/\/www.w3.org\/2000\/svg\"><path d=\"M400 480H48c-26.51 0-48-21.49-48-48V80c0-26.51 21.49-48 48-48h352c26.51 0 48 21.49 48 48v352c0 26.51-21.49 48-48 48zm-204.686-98.059l184-184c6.248-6.248 6.248-16.379 0-22.627l-22.627-22.627c-6.248-6.248-16.379-6.249-22.628 0L184 302.745l-70.059-70.059c-6.248-6.248-16.379-6.248-22.628 0l-22.627 22.627c-6.248 6.248-6.248 16.379 0 22.627l104 104c6.249 6.25 16.379 6.25 22.628.001z\"><\/path><\/svg>\t\t\t\t\t\t<\/span>\n\t\t\t\t\t\t\t\t\t\t<span class=\"elementor-icon-list-text\">Introdurre soluzioni basate sull'IA che supportino la gestione e l'amministrazione dell'educazione della prima infanzia, aiutando le scuole a migliorare la pianificazione, l'organizzazione e il processo decisionale, riducendo al contempo il carico di lavoro amministrativo.<\/span>\n\t\t\t\t\t\t\t\t\t<\/li>\n\t\t\t\t\t\t\t\t<li class=\"elementor-icon-list-item\">\n\t\t\t\t\t\t\t\t\t\t\t<span class=\"elementor-icon-list-icon\">\n\t\t\t\t\t\t\t<svg aria-hidden=\"true\" class=\"e-font-icon-svg e-fas-check-square\" viewBox=\"0 0 448 512\" xmlns=\"http:\/\/www.w3.org\/2000\/svg\"><path d=\"M400 480H48c-26.51 0-48-21.49-48-48V80c0-26.51 21.49-48 48-48h352c26.51 0 48 21.49 48 48v352c0 26.51-21.49 48-48 48zm-204.686-98.059l184-184c6.248-6.248 6.248-16.379 0-22.627l-22.627-22.627c-6.248-6.248-16.379-6.249-22.628 0L184 302.745l-70.059-70.059c-6.248-6.248-16.379-6.248-22.628 0l-22.627 22.627c-6.248 6.248-6.248 16.379 0 22.627l104 104c6.249 6.25 16.379 6.25 22.628.001z\"><\/path><\/svg>\t\t\t\t\t\t<\/span>\n\t\t\t\t\t\t\t\t\t\t<span class=\"elementor-icon-list-text\">Promuovere un uso etico, sicuro e responsabile dell'intelligenza artificiale nell'educazione della prima infanzia attraverso linee guida chiare e raccomandazioni politiche in linea con i valori e gli standard di qualit\u00e0 europei.<\/span>\n\t\t\t\t\t\t\t\t\t<\/li>\n\t\t\t\t\t\t<\/ul>\n\t\t\t\t\t\t<\/div>\n\t\t\t\t<\/div>\n\t\t<div class=\"elementor-element elementor-element-cd96242 e-con-full e-flex e-con e-child\" data-id=\"cd96242\" data-element_type=\"container\">\n\t\t\t\t<div class=\"elementor-element elementor-element-baad2ae elementor-widget elementor-widget-image\" data-id=\"baad2ae\" data-element_type=\"widget\" data-widget_type=\"image.default\">\n\t\t\t\t\t\t\t\t\t\t\t\t\t\t\t<img loading=\"lazy\" decoding=\"async\" width=\"800\" height=\"527\" src=\"https:\/\/digitalecec.eu\/wp-content\/uploads\/2026\/01\/Digital-ECEC2-about4-image.png\" class=\"attachment-large size-large wp-image-1142\" alt=\"\" srcset=\"https:\/\/digitalecec.eu\/wp-content\/uploads\/2026\/01\/Digital-ECEC2-about4-image.png 1021w, https:\/\/digitalecec.eu\/wp-content\/uploads\/2026\/01\/Digital-ECEC2-about4-image-300x197.png 300w, https:\/\/digitalecec.eu\/wp-content\/uploads\/2026\/01\/Digital-ECEC2-about4-image-768x505.png 768w\" sizes=\"(max-width: 800px) 100vw, 800px\" \/>\t\t\t\t\t\t\t\t\t\t\t\t\t\t\t<\/div>\n\t\t\t\t<\/div>\n\t\t\t\t<\/div>\n\t\t\t\t\t<\/div>\n\t\t\t\t<\/div>\n\t\t\t\t<\/div>\n\t\t","protected":false},"excerpt":{"rendered":"<p>Chi Siamo I bisogni L&#8217;educazione della prima infanzia \u00e8 sempre pi\u00f9 influenzata dalle tecnologie digitali e dall&#8217;intelligenza artificiale. L&#8217;IA sta gi\u00e0 plasmando il modo in cui vengono creati i contenuti didattici, come vengono gestite le scuole e come bambini e bambine interagiscono con gli ambienti digitali. Tuttavia, molti\/e insegnanti della prima infanzia, dirigenti scolastici e [&hellip;]<\/p>\n","protected":false},"author":3,"featured_media":1154,"parent":0,"menu_order":0,"comment_status":"closed","ping_status":"closed","template":"","meta":{"footnotes":""},"class_list":["post-1361","page","type-page","status-publish","has-post-thumbnail","hentry"],"_links":{"self":[{"href":"https:\/\/digitalecec.eu\/it\/wp-json\/wp\/v2\/pages\/1361","targetHints":{"allow":["GET"]}}],"collection":[{"href":"https:\/\/digitalecec.eu\/it\/wp-json\/wp\/v2\/pages"}],"about":[{"href":"https:\/\/digitalecec.eu\/it\/wp-json\/wp\/v2\/types\/page"}],"author":[{"embeddable":true,"href":"https:\/\/digitalecec.eu\/it\/wp-json\/wp\/v2\/users\/3"}],"replies":[{"embeddable":true,"href":"https:\/\/digitalecec.eu\/it\/wp-json\/wp\/v2\/comments?post=1361"}],"version-history":[{"count":6,"href":"https:\/\/digitalecec.eu\/it\/wp-json\/wp\/v2\/pages\/1361\/revisions"}],"predecessor-version":[{"id":2136,"href":"https:\/\/digitalecec.eu\/it\/wp-json\/wp\/v2\/pages\/1361\/revisions\/2136"}],"wp:featuredmedia":[{"embeddable":true,"href":"https:\/\/digitalecec.eu\/it\/wp-json\/wp\/v2\/media\/1154"}],"wp:attachment":[{"href":"https:\/\/digitalecec.eu\/it\/wp-json\/wp\/v2\/media?parent=1361"}],"curies":[{"name":"wp","href":"https:\/\/api.w.org\/{rel}","templated":true}]}}