{"id":1390,"date":"2026-04-01T09:03:42","date_gmt":"2026-04-01T09:03:42","guid":{"rendered":"https:\/\/digitalecec.eu\/partners\/decja-radost\/"},"modified":"2026-04-01T09:03:42","modified_gmt":"2026-04-01T09:03:42","slug":"decja-radost","status":"publish","type":"page","link":"https:\/\/digitalecec.eu\/it\/partners\/decja-radost\/","title":{"rendered":"Decja radost"},"content":{"rendered":"\t\t<div data-elementor-type=\"wp-page\" data-elementor-id=\"1390\" class=\"elementor elementor-1390 elementor-334\" data-elementor-post-type=\"page\">\n\t\t\t\t<div class=\"elementor-element elementor-element-bfe765b e-flex e-con-boxed e-con e-parent\" data-id=\"bfe765b\" data-element_type=\"container\">\n\t\t\t\t\t<div class=\"e-con-inner\">\n\t\t<div class=\"elementor-element elementor-element-a23d88c e-con-full e-flex e-con e-child\" data-id=\"a23d88c\" data-element_type=\"container\" data-settings=\"{&quot;background_background&quot;:&quot;classic&quot;}\">\n\t\t\t\t<div class=\"elementor-element elementor-element-cdc05fa elementor-widget elementor-widget-image\" data-id=\"cdc05fa\" data-element_type=\"widget\" data-widget_type=\"image.default\">\n\t\t\t\t\t\t\t\t\t\t\t\t\t\t\t<img fetchpriority=\"high\" decoding=\"async\" width=\"818\" height=\"461\" src=\"https:\/\/digitalecec.eu\/wp-content\/uploads\/2026\/01\/Ser1-logo-600x400-1.svg\" class=\"attachment-full size-full wp-image-1074\" alt=\"\" \/>\t\t\t\t\t\t\t\t\t\t\t\t\t\t\t<\/div>\n\t\t\t\t<\/div>\n\t\t\t\t\t<\/div>\n\t\t\t\t<\/div>\n\t\t<div class=\"elementor-element elementor-element-927b440 e-flex e-con-boxed e-con e-parent\" data-id=\"927b440\" data-element_type=\"container\">\n\t\t\t\t\t<div class=\"e-con-inner\">\n\t\t<div class=\"elementor-element elementor-element-4432c8b e-con-full e-flex e-con e-child\" data-id=\"4432c8b\" data-element_type=\"container\">\n\t\t\t\t<div class=\"elementor-element elementor-element-d4a1d00 elementor-widget elementor-widget-heading\" data-id=\"d4a1d00\" data-element_type=\"widget\" data-widget_type=\"heading.default\">\n\t\t\t\t\t<h2 class=\"elementor-heading-title elementor-size-default\">Decja radost <\/h2>\t\t\t\t<\/div>\n\t\t\t\t<div class=\"elementor-element elementor-element-e1b8d2e elementor-widget elementor-widget-heading\" data-id=\"e1b8d2e\" data-element_type=\"widget\" data-widget_type=\"heading.default\">\n\t\t\t\t\t<h5 class=\"elementor-heading-title elementor-size-default\">Serbia \ud83c\uddf7\ud83c\uddf8<\/h5>\t\t\t\t<\/div>\n\t\t\t\t<div class=\"elementor-element elementor-element-8971e37 elementor-shape-circle elementor-grid-0 e-grid-align-center elementor-widget elementor-widget-social-icons\" data-id=\"8971e37\" data-element_type=\"widget\" data-widget_type=\"social-icons.default\">\n\t\t\t\t\t\t\t<div class=\"elementor-social-icons-wrapper elementor-grid\" role=\"list\">\n\t\t\t\t\t\t\t<span class=\"elementor-grid-item\" role=\"listitem\">\n\t\t\t\t\t<a class=\"elementor-icon elementor-social-icon elementor-social-icon-globe elementor-animation-shrink elementor-repeater-item-759b9f8\" href=\"https:\/\/decjaradost.rs\/\" target=\"_blank\" rel=\"noopener\">\n\t\t\t\t\t\t<span class=\"elementor-screen-only\">Globe<\/span>\n\t\t\t\t\t\t<svg aria-hidden=\"true\" class=\"e-font-icon-svg e-fas-globe\" viewBox=\"0 0 496 512\" xmlns=\"http:\/\/www.w3.org\/2000\/svg\"><path d=\"M336.5 160C322 70.7 287.8 8 248 8s-74 62.7-88.5 152h177zM152 256c0 22.2 1.2 43.5 3.3 64h185.3c2.1-20.5 3.3-41.8 3.3-64s-1.2-43.5-3.3-64H155.3c-2.1 20.5-3.3 41.8-3.3 64zm324.7-96c-28.6-67.9-86.5-120.4-158-141.6 24.4 33.8 41.2 84.7 50 141.6h108zM177.2 18.4C105.8 39.6 47.8 92.1 19.3 160h108c8.7-56.9 25.5-107.8 49.9-141.6zM487.4 192H372.7c2.1 21 3.3 42.5 3.3 64s-1.2 43-3.3 64h114.6c5.5-20.5 8.6-41.8 8.6-64s-3.1-43.5-8.5-64zM120 256c0-21.5 1.2-43 3.3-64H8.6C3.2 212.5 0 233.8 0 256s3.2 43.5 8.6 64h114.6c-2-21-3.2-42.5-3.2-64zm39.5 96c14.5 89.3 48.7 152 88.5 152s74-62.7 88.5-152h-177zm159.3 141.6c71.4-21.2 129.4-73.7 158-141.6h-108c-8.8 56.9-25.6 107.8-50 141.6zM19.3 352c28.6 67.9 86.5 120.4 158 141.6-24.4-33.8-41.2-84.7-50-141.6h-108z\"><\/path><\/svg>\t\t\t\t\t<\/a>\n\t\t\t\t<\/span>\n\t\t\t\t\t\t\t<span class=\"elementor-grid-item\" role=\"listitem\">\n\t\t\t\t\t<a class=\"elementor-icon elementor-social-icon elementor-social-icon-facebook elementor-animation-shrink elementor-repeater-item-d624ce3\" target=\"_blank\">\n\t\t\t\t\t\t<span class=\"elementor-screen-only\">Facebook<\/span>\n\t\t\t\t\t\t<svg aria-hidden=\"true\" class=\"e-font-icon-svg e-fab-facebook\" viewBox=\"0 0 512 512\" xmlns=\"http:\/\/www.w3.org\/2000\/svg\"><path d=\"M504 256C504 119 393 8 256 8S8 119 8 256c0 123.78 90.69 226.38 209.25 245V327.69h-63V256h63v-54.64c0-62.15 37-96.48 93.67-96.48 27.14 0 55.52 4.84 55.52 4.84v61h-31.28c-30.8 0-40.41 19.12-40.41 38.73V256h68.78l-11 71.69h-57.78V501C413.31 482.38 504 379.78 504 256z\"><\/path><\/svg>\t\t\t\t\t<\/a>\n\t\t\t\t<\/span>\n\t\t\t\t\t\t\t<span class=\"elementor-grid-item\" role=\"listitem\">\n\t\t\t\t\t<a class=\"elementor-icon elementor-social-icon elementor-social-icon-youtube elementor-animation-shrink elementor-repeater-item-f0e1159\" target=\"_blank\">\n\t\t\t\t\t\t<span class=\"elementor-screen-only\">Youtube<\/span>\n\t\t\t\t\t\t<svg aria-hidden=\"true\" class=\"e-font-icon-svg e-fab-youtube\" viewBox=\"0 0 576 512\" xmlns=\"http:\/\/www.w3.org\/2000\/svg\"><path d=\"M549.655 124.083c-6.281-23.65-24.787-42.276-48.284-48.597C458.781 64 288 64 288 64S117.22 64 74.629 75.486c-23.497 6.322-42.003 24.947-48.284 48.597-11.412 42.867-11.412 132.305-11.412 132.305s0 89.438 11.412 132.305c6.281 23.65 24.787 41.5 48.284 47.821C117.22 448 288 448 288 448s170.78 0 213.371-11.486c23.497-6.321 42.003-24.171 48.284-47.821 11.412-42.867 11.412-132.305 11.412-132.305s0-89.438-11.412-132.305zm-317.51 213.508V175.185l142.739 81.205-142.739 81.201z\"><\/path><\/svg>\t\t\t\t\t<\/a>\n\t\t\t\t<\/span>\n\t\t\t\t\t<\/div>\n\t\t\t\t\t\t<\/div>\n\t\t<div class=\"elementor-element elementor-element-b81477a e-con-full e-flex e-con e-child\" data-id=\"b81477a\" data-element_type=\"container\" data-settings=\"{&quot;background_background&quot;:&quot;classic&quot;}\">\n\t\t\t\t<div class=\"elementor-element elementor-element-77849a8 elementor-widget elementor-widget-text-editor\" data-id=\"77849a8\" data-element_type=\"widget\" data-widget_type=\"text-editor.default\">\n\t\t\t\t\t\t\t\t\t<p>L&#8217;istituto prescolare &#8220;<em>De\u010dja radost<\/em>&#8221; di Pan\u010devo \u00e8 stato fondato nel 1964 ed \u00e8 un&#8217;organizzazione unica nel suo genere dedicata alla cura, all&#8217;educazione e all&#8217;istruzione di bambini e bambine dall&#8217;et\u00e0 di 1 anno fino all&#8217;inizio della scuola. Con 20 asili nido in tutta la citt\u00e0, l&#8217;istituto accoglie circa 2.900 bambini e bambine in 137 gruppi, assistiti da 470 membri del personale professionale.<\/p>\n<p>L&#8217;orario di lavoro dell&#8217;istituto \u00e8 dalle 5:30 alle 16:30, o dalle 11:30 alle 22:30, orari di almeno una delle strutture operanti.<\/p>\n<p>I programmi comprendono l&#8217;assistenza all&#8217;asilo nido a tempo pieno (et\u00e0 1-3), l&#8217;infanzia (et\u00e0 3-5) e i programmi di preparazione alla scuola primaria (et\u00e0 5-ingresso a scuola), nonch\u00e9 programmi educativi di mezza giornata. In alcuni gruppi, l&#8217;apprendimento misto per et\u00e0 \u00e8 organizzato in linea con i principi della legge sull&#8217;istruzione. Il lavoro educativo \u00e8 guidato dal programma &#8220;<em>Anni dell&#8217;Avvio<\/em>&#8221; (<em>Godine uzleta<\/em>), dai piani di sviluppo e d&#8217;azione dell&#8217;istituzione e dalla valutazione continua delle esigenze, degli interessi e del coinvolgimento delle famiglie. La nostra missione \u00e8 quella di creare ambienti educativi in cui bambini e bambine siano considerati partecipanti attivi, gli asili comunit\u00e0 di sostegno e l&#8217;istruzione prescolare una base per l&#8217;apprendimento permanente.<\/p>\n<p>Gli obiettivi che insegnati e personale di supporto portano a compimento a livello del programma derivano dalla comprensione e dalla revisione delle conoscenze teoriche e degli orientamenti valoriali in relazione a:<\/p>\n<ul>\n<li>Comprensione dei bambini e delle bambine (come li vediamo)<\/li>\n<li>Comprensione della pratica (che tipo di asilo vogliamo)<\/li>\n<li>Comprensione della natura e della funzione dell&#8217;educazione prescolare (in che tipo di educazione prescolare crediamo)<\/li>\n<\/ul>\n<p>&nbsp;<\/p>\n<p>I fondamenti del programma di educazione prescolare \u00e8 il documento che definisce il concetto di educazione e istruzione dei bambini e delle bambine in et\u00e0 prescolare. Include la comprensione dei bambini e delle bambine e del loro apprendimento e sviluppo, la comprensione della natura della pratica e del programma di educazione prescolare e la comprensione della funzione e della natura dell&#8217;educazione e dell&#8217;istruzione in et\u00e0 prescolare.<\/p>\n<ul>\n<li>Programmi speciali<\/li>\n<li>Programmi occasionali<\/li>\n<li>Progetti di cooperazione con l&#8217;ambiente locale<\/li>\n<li>Cooperazione con i genitori<\/li>\n<li>Cooperazione con altri asili<\/li>\n<li>Attivit\u00e0 in termini di cooperazione con scuole e altre istituzioni educative<\/li>\n<li>Attivit\u00e0 ricreative<\/li>\n<li>Sviluppo professionale<\/li>\n<li>Organismi professionali e team<\/li>\n<\/ul>\n\t\t\t\t\t\t\t\t<\/div>\n\t\t\t\t<\/div>\n\t\t\t\t<div class=\"elementor-element elementor-element-7af4c36 elementor-widget elementor-widget-spacer\" data-id=\"7af4c36\" data-element_type=\"widget\" data-widget_type=\"spacer.default\">\n\t\t\t\t\t\t\t<div class=\"elementor-spacer\">\n\t\t\t<div class=\"elementor-spacer-inner\"><\/div>\n\t\t<\/div>\n\t\t\t\t\t\t<\/div>\n\t\t\t\t<div class=\"elementor-element elementor-element-05aa081 elementor-widget elementor-widget-heading\" data-id=\"05aa081\" data-element_type=\"widget\" data-widget_type=\"heading.default\">\n\t\t\t\t\t<h4 class=\"elementor-heading-title elementor-size-default\">I Volti del Progetto<\/h4>\t\t\t\t<\/div>\n\t\t<div class=\"elementor-element elementor-element-58f51e4 e-con-full e-flex e-con e-child\" data-id=\"58f51e4\" data-element_type=\"container\">\n\t\t<div class=\"elementor-element elementor-element-c7495f3 e-con-full hover-swap-card e-flex e-con e-child\" data-id=\"c7495f3\" data-element_type=\"container\">\n\t\t<div class=\"elementor-element elementor-element-17c3cd1 e-con-full swap-photo e-flex e-con e-child\" data-id=\"17c3cd1\" data-element_type=\"container\">\n\t\t\t\t<div class=\"elementor-element elementor-element-93e4fe8 swap-img swap-img--default elementor-widget elementor-widget-image\" data-id=\"93e4fe8\" data-element_type=\"widget\" data-widget_type=\"image.default\">\n\t\t\t\t\t\t\t\t\t\t\t\t\t\t\t<img decoding=\"async\" width=\"800\" height=\"800\" src=\"https:\/\/digitalecec.eu\/wp-content\/uploads\/2026\/02\/Vesna_Cankovic_800x800.jpg\" class=\"attachment-large size-large wp-image-1222\" alt=\"\" srcset=\"https:\/\/digitalecec.eu\/wp-content\/uploads\/2026\/02\/Vesna_Cankovic_800x800.jpg 800w, https:\/\/digitalecec.eu\/wp-content\/uploads\/2026\/02\/Vesna_Cankovic_800x800-300x300.jpg 300w, https:\/\/digitalecec.eu\/wp-content\/uploads\/2026\/02\/Vesna_Cankovic_800x800-150x150.jpg 150w, https:\/\/digitalecec.eu\/wp-content\/uploads\/2026\/02\/Vesna_Cankovic_800x800-768x768.jpg 768w\" sizes=\"(max-width: 800px) 100vw, 800px\" \/>\t\t\t\t\t\t\t\t\t\t\t\t\t\t\t<\/div>\n\t\t\t\t<\/div>\n\t\t\t\t<div class=\"elementor-element elementor-element-ddd924d elementor-widget elementor-widget-heading\" data-id=\"ddd924d\" data-element_type=\"widget\" data-widget_type=\"heading.default\">\n\t\t\t\t\t<h6 class=\"elementor-heading-title elementor-size-default\">Vesna Cankovi\u0107<\/h6>\t\t\t\t<\/div>\n\t\t\t\t<div class=\"elementor-element elementor-element-0afd25e elementor-icon-list--layout-traditional elementor-list-item-link-full_width elementor-widget elementor-widget-icon-list\" data-id=\"0afd25e\" data-element_type=\"widget\" data-widget_type=\"icon-list.default\">\n\t\t\t\t\t\t\t<ul class=\"elementor-icon-list-items\">\n\t\t\t\t\t\t\t<li class=\"elementor-icon-list-item\">\n\t\t\t\t\t\t\t\t\t\t\t<a href=\"mailto:vesna.cankovic77@gmail.com\">\n\n\t\t\t\t\t\t\t\t\t\t\t\t<span class=\"elementor-icon-list-icon\">\n\t\t\t\t\t\t\t<svg aria-hidden=\"true\" class=\"e-font-icon-svg e-fas-envelope\" viewBox=\"0 0 512 512\" xmlns=\"http:\/\/www.w3.org\/2000\/svg\"><path d=\"M502.3 190.8c3.9-3.1 9.7-.2 9.7 4.7V400c0 26.5-21.5 48-48 48H48c-26.5 0-48-21.5-48-48V195.6c0-5 5.7-7.8 9.7-4.7 22.4 17.4 52.1 39.5 154.1 113.6 21.1 15.4 56.7 47.8 92.2 47.6 35.7.3 72-32.8 92.3-47.6 102-74.1 131.6-96.3 154-113.7zM256 320c23.2.4 56.6-29.2 73.4-41.4 132.7-96.3 142.8-104.7 173.4-128.7 5.8-4.5 9.2-11.5 9.2-18.9v-19c0-26.5-21.5-48-48-48H48C21.5 64 0 85.5 0 112v19c0 7.4 3.4 14.3 9.2 18.9 30.6 23.9 40.7 32.4 173.4 128.7 16.8 12.2 50.2 41.8 73.4 41.4z\"><\/path><\/svg>\t\t\t\t\t\t<\/span>\n\t\t\t\t\t\t\t\t\t\t<span class=\"elementor-icon-list-text\">vesna.cankovic77@gmail.com<\/span>\n\t\t\t\t\t\t\t\t\t\t\t<\/a>\n\t\t\t\t\t\t\t\t\t<\/li>\n\t\t\t\t\t\t<\/ul>\n\t\t\t\t\t\t<\/div>\n\t\t\t\t<div class=\"elementor-element elementor-element-a8f01af elementor-widget elementor-widget-button\" data-id=\"a8f01af\" data-element_type=\"widget\" data-widget_type=\"button.default\">\n\t\t\t\t\t\t\t\t\t\t<a class=\"elementor-button elementor-button-link elementor-size-sm elementor-animation-shrink\" href=\"#elementor-action%3Aaction%3Dpopup%3Aopen%26settings%3DeyJpZCI6MTQyOCwidG9nZ2xlIjpmYWxzZX0%3D\">\n\t\t\t\t\t\t<span class=\"elementor-button-content-wrapper\">\n\t\t\t\t\t\t<span class=\"elementor-button-icon\">\n\t\t\t\t<svg aria-hidden=\"true\" class=\"e-font-icon-svg e-fas-info-circle\" viewBox=\"0 0 512 512\" xmlns=\"http:\/\/www.w3.org\/2000\/svg\"><path d=\"M256 8C119.043 8 8 119.083 8 256c0 136.997 111.043 248 248 248s248-111.003 248-248C504 119.083 392.957 8 256 8zm0 110c23.196 0 42 18.804 42 42s-18.804 42-42 42-42-18.804-42-42 18.804-42 42-42zm56 254c0 6.627-5.373 12-12 12h-88c-6.627 0-12-5.373-12-12v-24c0-6.627 5.373-12 12-12h12v-64h-12c-6.627 0-12-5.373-12-12v-24c0-6.627 5.373-12 12-12h64c6.627 0 12 5.373 12 12v100h12c6.627 0 12 5.373 12 12v24z\"><\/path><\/svg>\t\t\t<\/span>\n\t\t\t\t\t\t\t\t\t<span class=\"elementor-button-text\">altro<\/span>\n\t\t\t\t\t<\/span>\n\t\t\t\t\t<\/a>\n\t\t\t\t\t\t\t\t<\/div>\n\t\t\t\t<\/div>\n\t\t<div class=\"elementor-element elementor-element-c0796cc e-con-full hover-swap-card e-flex e-con e-child\" data-id=\"c0796cc\" data-element_type=\"container\">\n\t\t<div class=\"elementor-element elementor-element-2d5c0e8 e-con-full swap-photo e-flex e-con e-child\" data-id=\"2d5c0e8\" data-element_type=\"container\">\n\t\t\t\t<div class=\"elementor-element elementor-element-a01bee9 swap-img swap-img--default elementor-widget elementor-widget-image\" data-id=\"a01bee9\" data-element_type=\"widget\" data-widget_type=\"image.default\">\n\t\t\t\t\t\t\t\t\t\t\t\t\t\t\t<img decoding=\"async\" width=\"800\" height=\"800\" src=\"https:\/\/digitalecec.eu\/wp-content\/uploads\/2026\/02\/20260210_152629_800x800.jpg\" class=\"attachment-large size-large wp-image-1226\" alt=\"\" srcset=\"https:\/\/digitalecec.eu\/wp-content\/uploads\/2026\/02\/20260210_152629_800x800.jpg 800w, https:\/\/digitalecec.eu\/wp-content\/uploads\/2026\/02\/20260210_152629_800x800-300x300.jpg 300w, https:\/\/digitalecec.eu\/wp-content\/uploads\/2026\/02\/20260210_152629_800x800-150x150.jpg 150w, https:\/\/digitalecec.eu\/wp-content\/uploads\/2026\/02\/20260210_152629_800x800-768x768.jpg 768w\" sizes=\"(max-width: 800px) 100vw, 800px\" \/>\t\t\t\t\t\t\t\t\t\t\t\t\t\t\t<\/div>\n\t\t\t\t<\/div>\n\t\t\t\t<div class=\"elementor-element elementor-element-cb9d868 elementor-widget elementor-widget-heading\" data-id=\"cb9d868\" data-element_type=\"widget\" data-widget_type=\"heading.default\">\n\t\t\t\t\t<h6 class=\"elementor-heading-title elementor-size-default\">Verica Bozic<\/h6>\t\t\t\t<\/div>\n\t\t\t\t<div class=\"elementor-element elementor-element-fc13f63 elementor-icon-list--layout-traditional elementor-list-item-link-full_width elementor-widget elementor-widget-icon-list\" data-id=\"fc13f63\" data-element_type=\"widget\" data-widget_type=\"icon-list.default\">\n\t\t\t\t\t\t\t<ul class=\"elementor-icon-list-items\">\n\t\t\t\t\t\t\t<li class=\"elementor-icon-list-item\">\n\t\t\t\t\t\t\t\t\t\t\t<a href=\"mailto:joksidaksi@gmail.com\">\n\n\t\t\t\t\t\t\t\t\t\t\t\t<span class=\"elementor-icon-list-icon\">\n\t\t\t\t\t\t\t<svg aria-hidden=\"true\" class=\"e-font-icon-svg e-fas-envelope\" viewBox=\"0 0 512 512\" xmlns=\"http:\/\/www.w3.org\/2000\/svg\"><path d=\"M502.3 190.8c3.9-3.1 9.7-.2 9.7 4.7V400c0 26.5-21.5 48-48 48H48c-26.5 0-48-21.5-48-48V195.6c0-5 5.7-7.8 9.7-4.7 22.4 17.4 52.1 39.5 154.1 113.6 21.1 15.4 56.7 47.8 92.2 47.6 35.7.3 72-32.8 92.3-47.6 102-74.1 131.6-96.3 154-113.7zM256 320c23.2.4 56.6-29.2 73.4-41.4 132.7-96.3 142.8-104.7 173.4-128.7 5.8-4.5 9.2-11.5 9.2-18.9v-19c0-26.5-21.5-48-48-48H48C21.5 64 0 85.5 0 112v19c0 7.4 3.4 14.3 9.2 18.9 30.6 23.9 40.7 32.4 173.4 128.7 16.8 12.2 50.2 41.8 73.4 41.4z\"><\/path><\/svg>\t\t\t\t\t\t<\/span>\n\t\t\t\t\t\t\t\t\t\t<span class=\"elementor-icon-list-text\">joksidaksi@gmail.com<\/span>\n\t\t\t\t\t\t\t\t\t\t\t<\/a>\n\t\t\t\t\t\t\t\t\t<\/li>\n\t\t\t\t\t\t<\/ul>\n\t\t\t\t\t\t<\/div>\n\t\t\t\t<div class=\"elementor-element elementor-element-5afa28d elementor-widget elementor-widget-button\" data-id=\"5afa28d\" data-element_type=\"widget\" data-widget_type=\"button.default\">\n\t\t\t\t\t\t\t\t\t\t<a class=\"elementor-button elementor-button-link elementor-size-sm elementor-animation-shrink\" href=\"#elementor-action%3Aaction%3Dpopup%3Aopen%26settings%3DeyJpZCI6MTQzMCwidG9nZ2xlIjpmYWxzZX0%3D\">\n\t\t\t\t\t\t<span class=\"elementor-button-content-wrapper\">\n\t\t\t\t\t\t<span class=\"elementor-button-icon\">\n\t\t\t\t<svg aria-hidden=\"true\" class=\"e-font-icon-svg e-fas-info-circle\" viewBox=\"0 0 512 512\" xmlns=\"http:\/\/www.w3.org\/2000\/svg\"><path d=\"M256 8C119.043 8 8 119.083 8 256c0 136.997 111.043 248 248 248s248-111.003 248-248C504 119.083 392.957 8 256 8zm0 110c23.196 0 42 18.804 42 42s-18.804 42-42 42-42-18.804-42-42 18.804-42 42-42zm56 254c0 6.627-5.373 12-12 12h-88c-6.627 0-12-5.373-12-12v-24c0-6.627 5.373-12 12-12h12v-64h-12c-6.627 0-12-5.373-12-12v-24c0-6.627 5.373-12 12-12h64c6.627 0 12 5.373 12 12v100h12c6.627 0 12 5.373 12 12v24z\"><\/path><\/svg>\t\t\t<\/span>\n\t\t\t\t\t\t\t\t\t<span class=\"elementor-button-text\">altro<\/span>\n\t\t\t\t\t<\/span>\n\t\t\t\t\t<\/a>\n\t\t\t\t\t\t\t\t<\/div>\n\t\t\t\t<\/div>\n\t\t<div class=\"elementor-element elementor-element-df60e9a e-con-full hover-swap-card e-flex e-con e-child\" data-id=\"df60e9a\" data-element_type=\"container\">\n\t\t<div class=\"elementor-element elementor-element-4c509e1 e-con-full swap-photo e-flex e-con e-child\" data-id=\"4c509e1\" data-element_type=\"container\">\n\t\t\t\t<div class=\"elementor-element elementor-element-66e5bfe swap-img swap-img--default elementor-widget elementor-widget-image\" data-id=\"66e5bfe\" data-element_type=\"widget\" data-widget_type=\"image.default\">\n\t\t\t\t\t\t\t\t\t\t\t\t\t\t\t<img loading=\"lazy\" decoding=\"async\" width=\"800\" height=\"800\" src=\"https:\/\/digitalecec.eu\/wp-content\/uploads\/2026\/02\/Milana-Vojvodic-800x800-1.jpg\" class=\"attachment-large size-large wp-image-1230\" alt=\"\" srcset=\"https:\/\/digitalecec.eu\/wp-content\/uploads\/2026\/02\/Milana-Vojvodic-800x800-1.jpg 800w, https:\/\/digitalecec.eu\/wp-content\/uploads\/2026\/02\/Milana-Vojvodic-800x800-1-300x300.jpg 300w, https:\/\/digitalecec.eu\/wp-content\/uploads\/2026\/02\/Milana-Vojvodic-800x800-1-150x150.jpg 150w, https:\/\/digitalecec.eu\/wp-content\/uploads\/2026\/02\/Milana-Vojvodic-800x800-1-768x768.jpg 768w\" sizes=\"(max-width: 800px) 100vw, 800px\" \/>\t\t\t\t\t\t\t\t\t\t\t\t\t\t\t<\/div>\n\t\t\t\t<\/div>\n\t\t\t\t<div class=\"elementor-element elementor-element-24c4f01 elementor-widget elementor-widget-heading\" data-id=\"24c4f01\" data-element_type=\"widget\" data-widget_type=\"heading.default\">\n\t\t\t\t\t<h6 class=\"elementor-heading-title elementor-size-default\">Milana Vojvodic<\/h6>\t\t\t\t<\/div>\n\t\t\t\t<div class=\"elementor-element elementor-element-514c0e2 elementor-icon-list--layout-traditional elementor-list-item-link-full_width elementor-widget elementor-widget-icon-list\" data-id=\"514c0e2\" data-element_type=\"widget\" data-widget_type=\"icon-list.default\">\n\t\t\t\t\t\t\t<ul class=\"elementor-icon-list-items\">\n\t\t\t\t\t\t\t<li class=\"elementor-icon-list-item\">\n\t\t\t\t\t\t\t\t\t\t\t<a href=\"mailto:milana.vojvodic@yahoo.com\">\n\n\t\t\t\t\t\t\t\t\t\t\t\t<span class=\"elementor-icon-list-icon\">\n\t\t\t\t\t\t\t<svg aria-hidden=\"true\" class=\"e-font-icon-svg e-fas-envelope\" viewBox=\"0 0 512 512\" xmlns=\"http:\/\/www.w3.org\/2000\/svg\"><path d=\"M502.3 190.8c3.9-3.1 9.7-.2 9.7 4.7V400c0 26.5-21.5 48-48 48H48c-26.5 0-48-21.5-48-48V195.6c0-5 5.7-7.8 9.7-4.7 22.4 17.4 52.1 39.5 154.1 113.6 21.1 15.4 56.7 47.8 92.2 47.6 35.7.3 72-32.8 92.3-47.6 102-74.1 131.6-96.3 154-113.7zM256 320c23.2.4 56.6-29.2 73.4-41.4 132.7-96.3 142.8-104.7 173.4-128.7 5.8-4.5 9.2-11.5 9.2-18.9v-19c0-26.5-21.5-48-48-48H48C21.5 64 0 85.5 0 112v19c0 7.4 3.4 14.3 9.2 18.9 30.6 23.9 40.7 32.4 173.4 128.7 16.8 12.2 50.2 41.8 73.4 41.4z\"><\/path><\/svg>\t\t\t\t\t\t<\/span>\n\t\t\t\t\t\t\t\t\t\t<span class=\"elementor-icon-list-text\">milana.vojvodic@yahoo.com<\/span>\n\t\t\t\t\t\t\t\t\t\t\t<\/a>\n\t\t\t\t\t\t\t\t\t<\/li>\n\t\t\t\t\t\t<\/ul>\n\t\t\t\t\t\t<\/div>\n\t\t\t\t<div class=\"elementor-element elementor-element-91605bc elementor-widget elementor-widget-button\" data-id=\"91605bc\" data-element_type=\"widget\" data-widget_type=\"button.default\">\n\t\t\t\t\t\t\t\t\t\t<a class=\"elementor-button elementor-button-link elementor-size-sm elementor-animation-shrink\" href=\"#elementor-action%3Aaction%3Dpopup%3Aopen%26settings%3DeyJpZCI6MTQzMiwidG9nZ2xlIjpmYWxzZX0%3D\">\n\t\t\t\t\t\t<span class=\"elementor-button-content-wrapper\">\n\t\t\t\t\t\t<span class=\"elementor-button-icon\">\n\t\t\t\t<svg aria-hidden=\"true\" class=\"e-font-icon-svg e-fas-info-circle\" viewBox=\"0 0 512 512\" xmlns=\"http:\/\/www.w3.org\/2000\/svg\"><path d=\"M256 8C119.043 8 8 119.083 8 256c0 136.997 111.043 248 248 248s248-111.003 248-248C504 119.083 392.957 8 256 8zm0 110c23.196 0 42 18.804 42 42s-18.804 42-42 42-42-18.804-42-42 18.804-42 42-42zm56 254c0 6.627-5.373 12-12 12h-88c-6.627 0-12-5.373-12-12v-24c0-6.627 5.373-12 12-12h12v-64h-12c-6.627 0-12-5.373-12-12v-24c0-6.627 5.373-12 12-12h64c6.627 0 12 5.373 12 12v100h12c6.627 0 12 5.373 12 12v24z\"><\/path><\/svg>\t\t\t<\/span>\n\t\t\t\t\t\t\t\t\t<span class=\"elementor-button-text\">altro<\/span>\n\t\t\t\t\t<\/span>\n\t\t\t\t\t<\/a>\n\t\t\t\t\t\t\t\t<\/div>\n\t\t\t\t<\/div>\n\t\t<div class=\"elementor-element elementor-element-4be0f78 e-con-full hover-swap-card e-flex e-con e-child\" data-id=\"4be0f78\" data-element_type=\"container\">\n\t\t\t\t<\/div>\n\t\t\t\t<\/div>\n\t\t\t\t<\/div>\n\t\t\t\t\t<\/div>\n\t\t\t\t<\/div>\n\t\t\t\t<\/div>\n\t\t","protected":false},"excerpt":{"rendered":"<p>Decja radost Serbia \ud83c\uddf7\ud83c\uddf8 Globe Facebook Youtube L&#8217;istituto prescolare &#8220;De\u010dja radost&#8221; di Pan\u010devo \u00e8 stato fondato nel 1964 ed \u00e8 un&#8217;organizzazione unica nel suo genere dedicata alla cura, all&#8217;educazione e all&#8217;istruzione di bambini e bambine dall&#8217;et\u00e0 di 1 anno fino all&#8217;inizio della scuola. Con 20 asili nido in tutta la citt\u00e0, l&#8217;istituto accoglie circa 2.900 [&hellip;]<\/p>\n","protected":false},"author":3,"featured_media":1202,"parent":1366,"menu_order":0,"comment_status":"closed","ping_status":"closed","template":"","meta":{"footnotes":""},"class_list":["post-1390","page","type-page","status-publish","has-post-thumbnail","hentry"],"_links":{"self":[{"href":"https:\/\/digitalecec.eu\/it\/wp-json\/wp\/v2\/pages\/1390","targetHints":{"allow":["GET"]}}],"collection":[{"href":"https:\/\/digitalecec.eu\/it\/wp-json\/wp\/v2\/pages"}],"about":[{"href":"https:\/\/digitalecec.eu\/it\/wp-json\/wp\/v2\/types\/page"}],"author":[{"embeddable":true,"href":"https:\/\/digitalecec.eu\/it\/wp-json\/wp\/v2\/users\/3"}],"replies":[{"embeddable":true,"href":"https:\/\/digitalecec.eu\/it\/wp-json\/wp\/v2\/comments?post=1390"}],"version-history":[{"count":1,"href":"https:\/\/digitalecec.eu\/it\/wp-json\/wp\/v2\/pages\/1390\/revisions"}],"predecessor-version":[{"id":1391,"href":"https:\/\/digitalecec.eu\/it\/wp-json\/wp\/v2\/pages\/1390\/revisions\/1391"}],"up":[{"embeddable":true,"href":"https:\/\/digitalecec.eu\/it\/wp-json\/wp\/v2\/pages\/1366"}],"wp:featuredmedia":[{"embeddable":true,"href":"https:\/\/digitalecec.eu\/it\/wp-json\/wp\/v2\/media\/1202"}],"wp:attachment":[{"href":"https:\/\/digitalecec.eu\/it\/wp-json\/wp\/v2\/media?parent=1390"}],"curies":[{"name":"wp","href":"https:\/\/api.w.org\/{rel}","templated":true}]}}