{"id":1394,"date":"2026-04-01T09:07:33","date_gmt":"2026-04-01T09:07:33","guid":{"rendered":"https:\/\/digitalecec.eu\/partners\/scuola-dellinfanzia-santa-croce-casa-dei-bambini-maria-montessori\/"},"modified":"2026-04-02T11:55:09","modified_gmt":"2026-04-02T11:55:09","slug":"scuola-dellinfanzia-santa-croce-casa-dei-bambini-maria-montessori","status":"publish","type":"page","link":"https:\/\/digitalecec.eu\/it\/partners\/scuola-dellinfanzia-santa-croce-casa-dei-bambini-maria-montessori\/","title":{"rendered":"Scuola dell&#8217;Infanzia Santa Croce \u2013 Casa dei Bambini Maria Montessori"},"content":{"rendered":"\t\t<div data-elementor-type=\"wp-page\" data-elementor-id=\"1394\" class=\"elementor elementor-1394 elementor-338\" data-elementor-post-type=\"page\">\n\t\t\t\t<div class=\"elementor-element elementor-element-9a2f837 e-flex e-con-boxed e-con e-parent\" data-id=\"9a2f837\" data-element_type=\"container\">\n\t\t\t\t\t<div class=\"e-con-inner\">\n\t\t<div class=\"elementor-element elementor-element-58dc585 e-con-full e-flex e-con e-child\" data-id=\"58dc585\" data-element_type=\"container\" data-settings=\"{&quot;background_background&quot;:&quot;classic&quot;}\">\n\t\t\t\t<div class=\"elementor-element elementor-element-839ef28 elementor-widget elementor-widget-image\" data-id=\"839ef28\" data-element_type=\"widget\" data-widget_type=\"image.default\">\n\t\t\t\t\t\t\t\t\t\t\t\t\t\t\t<img fetchpriority=\"high\" decoding=\"async\" width=\"1105\" height=\"1092\" src=\"https:\/\/digitalecec.eu\/wp-content\/uploads\/2026\/01\/logo_santacroce.png\" class=\"attachment-full size-full wp-image-1054\" alt=\"\" srcset=\"https:\/\/digitalecec.eu\/wp-content\/uploads\/2026\/01\/logo_santacroce.png 1105w, https:\/\/digitalecec.eu\/wp-content\/uploads\/2026\/01\/logo_santacroce-300x296.png 300w, https:\/\/digitalecec.eu\/wp-content\/uploads\/2026\/01\/logo_santacroce-1024x1012.png 1024w, https:\/\/digitalecec.eu\/wp-content\/uploads\/2026\/01\/logo_santacroce-768x759.png 768w\" sizes=\"(max-width: 1105px) 100vw, 1105px\" \/>\t\t\t\t\t\t\t\t\t\t\t\t\t\t\t<\/div>\n\t\t\t\t<\/div>\n\t\t\t\t\t<\/div>\n\t\t\t\t<\/div>\n\t\t<div class=\"elementor-element elementor-element-f816982 e-flex e-con-boxed e-con e-parent\" data-id=\"f816982\" data-element_type=\"container\">\n\t\t\t\t\t<div class=\"e-con-inner\">\n\t\t<div class=\"elementor-element elementor-element-75519b1 e-con-full e-flex e-con e-child\" data-id=\"75519b1\" data-element_type=\"container\">\n\t\t\t\t<div class=\"elementor-element elementor-element-b94e906 elementor-widget elementor-widget-heading\" data-id=\"b94e906\" data-element_type=\"widget\" data-widget_type=\"heading.default\">\n\t\t\t\t\t<h2 class=\"elementor-heading-title elementor-size-default\">Scuola dell'Infanzia Santa Croce \u2013 Casa dei Bambini Maria Montessori<\/h2>\t\t\t\t<\/div>\n\t\t\t\t<div class=\"elementor-element elementor-element-a7fc76d elementor-widget elementor-widget-heading\" data-id=\"a7fc76d\" data-element_type=\"widget\" data-widget_type=\"heading.default\">\n\t\t\t\t\t<h5 class=\"elementor-heading-title elementor-size-default\">Italia \ud83c\uddee\ud83c\uddf9<\/h5>\t\t\t\t<\/div>\n\t\t\t\t<div class=\"elementor-element elementor-element-4fb59aa elementor-shape-circle elementor-grid-0 e-grid-align-center elementor-widget elementor-widget-social-icons\" data-id=\"4fb59aa\" data-element_type=\"widget\" data-widget_type=\"social-icons.default\">\n\t\t\t\t\t\t\t<div class=\"elementor-social-icons-wrapper elementor-grid\" role=\"list\">\n\t\t\t\t\t\t\t<span class=\"elementor-grid-item\" role=\"listitem\">\n\t\t\t\t\t<a class=\"elementor-icon elementor-social-icon elementor-social-icon-globe elementor-animation-shrink elementor-repeater-item-759b9f8\" href=\"https:\/\/www.montessorisantacroce.it\/\" target=\"_blank\" rel=\"noopener\">\n\t\t\t\t\t\t<span class=\"elementor-screen-only\">Globe<\/span>\n\t\t\t\t\t\t<svg aria-hidden=\"true\" class=\"e-font-icon-svg e-fas-globe\" viewBox=\"0 0 496 512\" xmlns=\"http:\/\/www.w3.org\/2000\/svg\"><path d=\"M336.5 160C322 70.7 287.8 8 248 8s-74 62.7-88.5 152h177zM152 256c0 22.2 1.2 43.5 3.3 64h185.3c2.1-20.5 3.3-41.8 3.3-64s-1.2-43.5-3.3-64H155.3c-2.1 20.5-3.3 41.8-3.3 64zm324.7-96c-28.6-67.9-86.5-120.4-158-141.6 24.4 33.8 41.2 84.7 50 141.6h108zM177.2 18.4C105.8 39.6 47.8 92.1 19.3 160h108c8.7-56.9 25.5-107.8 49.9-141.6zM487.4 192H372.7c2.1 21 3.3 42.5 3.3 64s-1.2 43-3.3 64h114.6c5.5-20.5 8.6-41.8 8.6-64s-3.1-43.5-8.5-64zM120 256c0-21.5 1.2-43 3.3-64H8.6C3.2 212.5 0 233.8 0 256s3.2 43.5 8.6 64h114.6c-2-21-3.2-42.5-3.2-64zm39.5 96c14.5 89.3 48.7 152 88.5 152s74-62.7 88.5-152h-177zm159.3 141.6c71.4-21.2 129.4-73.7 158-141.6h-108c-8.8 56.9-25.6 107.8-50 141.6zM19.3 352c28.6 67.9 86.5 120.4 158 141.6-24.4-33.8-41.2-84.7-50-141.6h-108z\"><\/path><\/svg>\t\t\t\t\t<\/a>\n\t\t\t\t<\/span>\n\t\t\t\t\t\t\t<span class=\"elementor-grid-item\" role=\"listitem\">\n\t\t\t\t\t<a class=\"elementor-icon elementor-social-icon elementor-social-icon-facebook elementor-animation-shrink elementor-repeater-item-d624ce3\" href=\"https:\/\/www.facebook.com\/MontessoriSantaCroce\" target=\"_blank\" rel=\"noopener\">\n\t\t\t\t\t\t<span class=\"elementor-screen-only\">Facebook<\/span>\n\t\t\t\t\t\t<svg aria-hidden=\"true\" class=\"e-font-icon-svg e-fab-facebook\" viewBox=\"0 0 512 512\" xmlns=\"http:\/\/www.w3.org\/2000\/svg\"><path d=\"M504 256C504 119 393 8 256 8S8 119 8 256c0 123.78 90.69 226.38 209.25 245V327.69h-63V256h63v-54.64c0-62.15 37-96.48 93.67-96.48 27.14 0 55.52 4.84 55.52 4.84v61h-31.28c-30.8 0-40.41 19.12-40.41 38.73V256h68.78l-11 71.69h-57.78V501C413.31 482.38 504 379.78 504 256z\"><\/path><\/svg>\t\t\t\t\t<\/a>\n\t\t\t\t<\/span>\n\t\t\t\t\t\t\t<span class=\"elementor-grid-item\" role=\"listitem\">\n\t\t\t\t\t<a class=\"elementor-icon elementor-social-icon elementor-social-icon-youtube elementor-animation-shrink elementor-repeater-item-3f84024\" href=\"https:\/\/www.youtube.com\/channel\/UCOaYJbgCQgqIg_-Kjj0RRTg\" target=\"_blank\" rel=\"noopener\">\n\t\t\t\t\t\t<span class=\"elementor-screen-only\">Youtube<\/span>\n\t\t\t\t\t\t<svg aria-hidden=\"true\" class=\"e-font-icon-svg e-fab-youtube\" viewBox=\"0 0 576 512\" xmlns=\"http:\/\/www.w3.org\/2000\/svg\"><path d=\"M549.655 124.083c-6.281-23.65-24.787-42.276-48.284-48.597C458.781 64 288 64 288 64S117.22 64 74.629 75.486c-23.497 6.322-42.003 24.947-48.284 48.597-11.412 42.867-11.412 132.305-11.412 132.305s0 89.438 11.412 132.305c6.281 23.65 24.787 41.5 48.284 47.821C117.22 448 288 448 288 448s170.78 0 213.371-11.486c23.497-6.321 42.003-24.171 48.284-47.821 11.412-42.867 11.412-132.305 11.412-132.305s0-89.438-11.412-132.305zm-317.51 213.508V175.185l142.739 81.205-142.739 81.201z\"><\/path><\/svg>\t\t\t\t\t<\/a>\n\t\t\t\t<\/span>\n\t\t\t\t\t<\/div>\n\t\t\t\t\t\t<\/div>\n\t\t<div class=\"elementor-element elementor-element-4fcc534 e-con-full e-flex e-con e-child\" data-id=\"4fcc534\" data-element_type=\"container\" data-settings=\"{&quot;background_background&quot;:&quot;classic&quot;}\">\n\t\t\t\t<div class=\"elementor-element elementor-element-a789cb4 elementor-widget elementor-widget-text-editor\" data-id=\"a789cb4\" data-element_type=\"widget\" data-widget_type=\"text-editor.default\">\n\t\t\t\t\t\t\t\t\t<p>L\u2019Ente Santa Croce Maria Montessori \u00e8 stato fondato come ente morale nel 1871 ed \u00e8 stato il primo centro di educazione della prima infanzia nella regione Umbria (Italia).<\/p>\n<p>L\u2019Ente Santa Croce \u00e8 la pi\u00f9 antica scuola Montessori esistente da quando Maria Montessori port\u00f2 qui il suo nuovo metodo nel 1909 ed \u00e8 un centro di formazione per insegnanti dal 1950, quando la dottoressa Montessori torn\u00f2 per costruire un&#8217;aula di osservazione sperimentale.<\/p>\n<p>Attualmente, il Santa Croce ospita bambini e bambine di et\u00e0 compresa tra i 2 e i 6 anni (125 in totale). La scuola impiega 11 insegnanti formati sulla metodologia Montessori e 7 collaboratori\/trici, oltre a un insegnante di musica e una insegnante di inglese.<\/p>\n<p>La scuola \u00e8 leader del &#8220;Distretto Montessori dell&#8217;Umbria&#8221;, una rete che riunisce tutte le entit\u00e0 (enti di beneficenza, universit\u00e0 e scuole di ogni ordine e grado) che applicano il metodo Montessori nella regione Umbria. Dal 2024, Santa Croce ha istituito il Centro Montessori Educazione e Pace. I locali del Centro sono stati progettati come un laboratorio per sperimentare e sviluppare nuovi strumenti e nuovi processi per la crescita armoniosa dei bambini e delle bambine in una cultura di pace.<\/p>\n\t\t\t\t\t\t\t\t<\/div>\n\t\t\t\t<\/div>\n\t\t\t\t<div class=\"elementor-element elementor-element-e6b0de1 elementor-widget elementor-widget-spacer\" data-id=\"e6b0de1\" data-element_type=\"widget\" data-widget_type=\"spacer.default\">\n\t\t\t\t\t\t\t<div class=\"elementor-spacer\">\n\t\t\t<div class=\"elementor-spacer-inner\"><\/div>\n\t\t<\/div>\n\t\t\t\t\t\t<\/div>\n\t\t\t\t<div class=\"elementor-element elementor-element-f11fe36 elementor-widget elementor-widget-heading\" data-id=\"f11fe36\" data-element_type=\"widget\" data-widget_type=\"heading.default\">\n\t\t\t\t\t<h4 class=\"elementor-heading-title elementor-size-default\">I Volti del Progetto<\/h4>\t\t\t\t<\/div>\n\t\t<div class=\"elementor-element elementor-element-e54b4be e-con-full e-flex e-con e-child\" data-id=\"e54b4be\" data-element_type=\"container\">\n\t\t<div class=\"elementor-element elementor-element-c3f3c5a e-con-full hover-swap-card e-flex e-con e-child\" data-id=\"c3f3c5a\" data-element_type=\"container\">\n\t\t<div class=\"elementor-element elementor-element-0ce1765 e-con-full swap-photo e-flex e-con e-child\" data-id=\"0ce1765\" data-element_type=\"container\">\n\t\t\t\t<div class=\"elementor-element elementor-element-82c62a9 swap-img swap-img--default elementor-widget elementor-widget-image\" data-id=\"82c62a9\" data-element_type=\"widget\" data-widget_type=\"image.default\">\n\t\t\t\t\t\t\t\t\t\t\t\t\t\t\t<img decoding=\"async\" width=\"355\" height=\"355\" src=\"https:\/\/digitalecec.eu\/wp-content\/uploads\/2026\/04\/matteo-ferroni.jpg\" class=\"attachment-large size-large wp-image-1961\" alt=\"\" srcset=\"https:\/\/digitalecec.eu\/wp-content\/uploads\/2026\/04\/matteo-ferroni.jpg 355w, https:\/\/digitalecec.eu\/wp-content\/uploads\/2026\/04\/matteo-ferroni-300x300.jpg 300w, https:\/\/digitalecec.eu\/wp-content\/uploads\/2026\/04\/matteo-ferroni-150x150.jpg 150w\" sizes=\"(max-width: 355px) 100vw, 355px\" \/>\t\t\t\t\t\t\t\t\t\t\t\t\t\t\t<\/div>\n\t\t\t\t<\/div>\n\t\t\t\t<div class=\"elementor-element elementor-element-7ceba0d elementor-widget elementor-widget-heading\" data-id=\"7ceba0d\" data-element_type=\"widget\" data-widget_type=\"heading.default\">\n\t\t\t\t\t<h6 class=\"elementor-heading-title elementor-size-default\">Matteo Ferroni<\/h6>\t\t\t\t<\/div>\n\t\t\t\t<div class=\"elementor-element elementor-element-439e45c elementor-widget elementor-widget-button\" data-id=\"439e45c\" data-element_type=\"widget\" data-widget_type=\"button.default\">\n\t\t\t\t\t\t\t\t\t\t<a class=\"elementor-button elementor-button-link elementor-size-sm elementor-animation-shrink\" href=\"#elementor-action%3Aaction%3Dpopup%3Aopen%26settings%3DeyJpZCI6MTQ0MCwidG9nZ2xlIjpmYWxzZX0%3D\">\n\t\t\t\t\t\t<span class=\"elementor-button-content-wrapper\">\n\t\t\t\t\t\t<span class=\"elementor-button-icon\">\n\t\t\t\t<svg aria-hidden=\"true\" class=\"e-font-icon-svg e-fas-info-circle\" viewBox=\"0 0 512 512\" xmlns=\"http:\/\/www.w3.org\/2000\/svg\"><path d=\"M256 8C119.043 8 8 119.083 8 256c0 136.997 111.043 248 248 248s248-111.003 248-248C504 119.083 392.957 8 256 8zm0 110c23.196 0 42 18.804 42 42s-18.804 42-42 42-42-18.804-42-42 18.804-42 42-42zm56 254c0 6.627-5.373 12-12 12h-88c-6.627 0-12-5.373-12-12v-24c0-6.627 5.373-12 12-12h12v-64h-12c-6.627 0-12-5.373-12-12v-24c0-6.627 5.373-12 12-12h64c6.627 0 12 5.373 12 12v100h12c6.627 0 12 5.373 12 12v24z\"><\/path><\/svg>\t\t\t<\/span>\n\t\t\t\t\t\t\t\t\t<span class=\"elementor-button-text\">altro<\/span>\n\t\t\t\t\t<\/span>\n\t\t\t\t\t<\/a>\n\t\t\t\t\t\t\t\t<\/div>\n\t\t\t\t<\/div>\n\t\t<div class=\"elementor-element elementor-element-5ddb398 e-con-full hover-swap-card e-flex e-con e-child\" data-id=\"5ddb398\" data-element_type=\"container\">\n\t\t<div class=\"elementor-element elementor-element-aa00cf6 e-con-full swap-photo e-flex e-con e-child\" data-id=\"aa00cf6\" data-element_type=\"container\">\n\t\t\t\t<div class=\"elementor-element elementor-element-0cba9df swap-img swap-img--default elementor-widget elementor-widget-image\" data-id=\"0cba9df\" data-element_type=\"widget\" data-widget_type=\"image.default\">\n\t\t\t\t\t\t\t\t\t\t\t\t\t\t\t<img decoding=\"async\" width=\"233\" height=\"233\" src=\"https:\/\/digitalecec.eu\/wp-content\/uploads\/2026\/04\/sara-belia.png\" class=\"attachment-large size-large wp-image-1966\" alt=\"\" srcset=\"https:\/\/digitalecec.eu\/wp-content\/uploads\/2026\/04\/sara-belia.png 233w, https:\/\/digitalecec.eu\/wp-content\/uploads\/2026\/04\/sara-belia-150x150.png 150w\" sizes=\"(max-width: 233px) 100vw, 233px\" \/>\t\t\t\t\t\t\t\t\t\t\t\t\t\t\t<\/div>\n\t\t\t\t<\/div>\n\t\t\t\t<div class=\"elementor-element elementor-element-1231a9d elementor-widget elementor-widget-heading\" data-id=\"1231a9d\" data-element_type=\"widget\" data-widget_type=\"heading.default\">\n\t\t\t\t\t<h6 class=\"elementor-heading-title elementor-size-default\">Sara Belia <\/h6>\t\t\t\t<\/div>\n\t\t\t\t<div class=\"elementor-element elementor-element-e55ef39 elementor-widget elementor-widget-button\" data-id=\"e55ef39\" data-element_type=\"widget\" data-widget_type=\"button.default\">\n\t\t\t\t\t\t\t\t\t\t<a class=\"elementor-button elementor-button-link elementor-size-sm elementor-animation-shrink\" href=\"#elementor-action%3Aaction%3Dpopup%3Aopen%26settings%3DeyJpZCI6MTQ0MiwidG9nZ2xlIjpmYWxzZX0%3D\">\n\t\t\t\t\t\t<span class=\"elementor-button-content-wrapper\">\n\t\t\t\t\t\t<span class=\"elementor-button-icon\">\n\t\t\t\t<svg aria-hidden=\"true\" class=\"e-font-icon-svg e-fas-info-circle\" viewBox=\"0 0 512 512\" xmlns=\"http:\/\/www.w3.org\/2000\/svg\"><path d=\"M256 8C119.043 8 8 119.083 8 256c0 136.997 111.043 248 248 248s248-111.003 248-248C504 119.083 392.957 8 256 8zm0 110c23.196 0 42 18.804 42 42s-18.804 42-42 42-42-18.804-42-42 18.804-42 42-42zm56 254c0 6.627-5.373 12-12 12h-88c-6.627 0-12-5.373-12-12v-24c0-6.627 5.373-12 12-12h12v-64h-12c-6.627 0-12-5.373-12-12v-24c0-6.627 5.373-12 12-12h64c6.627 0 12 5.373 12 12v100h12c6.627 0 12 5.373 12 12v24z\"><\/path><\/svg>\t\t\t<\/span>\n\t\t\t\t\t\t\t\t\t<span class=\"elementor-button-text\">altro<\/span>\n\t\t\t\t\t<\/span>\n\t\t\t\t\t<\/a>\n\t\t\t\t\t\t\t\t<\/div>\n\t\t\t\t<\/div>\n\t\t<div class=\"elementor-element elementor-element-f2b2305 e-con-full hover-swap-card e-flex e-con e-child\" data-id=\"f2b2305\" data-element_type=\"container\">\n\t\t\t\t<\/div>\n\t\t<div class=\"elementor-element elementor-element-0704650 e-con-full hover-swap-card e-flex e-con e-child\" data-id=\"0704650\" data-element_type=\"container\">\n\t\t\t\t<\/div>\n\t\t\t\t<\/div>\n\t\t\t\t<\/div>\n\t\t\t\t\t<\/div>\n\t\t\t\t<\/div>\n\t\t\t\t<\/div>\n\t\t","protected":false},"excerpt":{"rendered":"<p>Scuola dell&#8217;Infanzia Santa Croce \u2013 Casa dei Bambini Maria Montessori Italia \ud83c\uddee\ud83c\uddf9 Globe Facebook Youtube L\u2019Ente Santa Croce Maria Montessori \u00e8 stato fondato come ente morale nel 1871 ed \u00e8 stato il primo centro di educazione della prima infanzia nella regione Umbria (Italia). L\u2019Ente Santa Croce \u00e8 la pi\u00f9 antica scuola Montessori esistente da quando [&hellip;]<\/p>\n","protected":false},"author":3,"featured_media":1198,"parent":1366,"menu_order":0,"comment_status":"closed","ping_status":"closed","template":"","meta":{"footnotes":""},"class_list":["post-1394","page","type-page","status-publish","has-post-thumbnail","hentry"],"_links":{"self":[{"href":"https:\/\/digitalecec.eu\/it\/wp-json\/wp\/v2\/pages\/1394","targetHints":{"allow":["GET"]}}],"collection":[{"href":"https:\/\/digitalecec.eu\/it\/wp-json\/wp\/v2\/pages"}],"about":[{"href":"https:\/\/digitalecec.eu\/it\/wp-json\/wp\/v2\/types\/page"}],"author":[{"embeddable":true,"href":"https:\/\/digitalecec.eu\/it\/wp-json\/wp\/v2\/users\/3"}],"replies":[{"embeddable":true,"href":"https:\/\/digitalecec.eu\/it\/wp-json\/wp\/v2\/comments?post=1394"}],"version-history":[{"count":4,"href":"https:\/\/digitalecec.eu\/it\/wp-json\/wp\/v2\/pages\/1394\/revisions"}],"predecessor-version":[{"id":1974,"href":"https:\/\/digitalecec.eu\/it\/wp-json\/wp\/v2\/pages\/1394\/revisions\/1974"}],"up":[{"embeddable":true,"href":"https:\/\/digitalecec.eu\/it\/wp-json\/wp\/v2\/pages\/1366"}],"wp:featuredmedia":[{"embeddable":true,"href":"https:\/\/digitalecec.eu\/it\/wp-json\/wp\/v2\/media\/1198"}],"wp:attachment":[{"href":"https:\/\/digitalecec.eu\/it\/wp-json\/wp\/v2\/media?parent=1394"}],"curies":[{"name":"wp","href":"https:\/\/api.w.org\/{rel}","templated":true}]}}