{"id":2177,"date":"2026-04-15T10:46:58","date_gmt":"2026-04-15T10:46:58","guid":{"rendered":"https:\/\/digitalecec.eu\/naujienos\/"},"modified":"2026-04-15T10:46:59","modified_gmt":"2026-04-15T10:46:59","slug":"naujienos","status":"publish","type":"page","link":"https:\/\/digitalecec.eu\/lt\/naujienos\/","title":{"rendered":"Naujienos"},"content":{"rendered":"\t\t<div data-elementor-type=\"wp-page\" data-elementor-id=\"2177\" class=\"elementor elementor-2177 elementor-78\" data-elementor-post-type=\"page\">\n\t\t\t\t<div class=\"elementor-element elementor-element-507fe2e e-flex e-con-boxed e-con e-parent\" data-id=\"507fe2e\" data-element_type=\"container\">\n\t\t\t\t\t<div class=\"e-con-inner\">\n\t\t\t\t<div class=\"elementor-element elementor-element-f9affea elementor-widget elementor-widget-image\" data-id=\"f9affea\" data-element_type=\"widget\" data-widget_type=\"image.default\">\n\t\t\t\t\t\t\t\t\t\t\t\t\t\t\t<img fetchpriority=\"high\" decoding=\"async\" width=\"800\" height=\"527\" src=\"https:\/\/digitalecec.eu\/wp-content\/uploads\/2026\/01\/Digital-ECEC2-news-image.png\" class=\"attachment-large size-large wp-image-1003\" alt=\"\" srcset=\"https:\/\/digitalecec.eu\/wp-content\/uploads\/2026\/01\/Digital-ECEC2-news-image.png 1021w, https:\/\/digitalecec.eu\/wp-content\/uploads\/2026\/01\/Digital-ECEC2-news-image-300x197.png 300w, https:\/\/digitalecec.eu\/wp-content\/uploads\/2026\/01\/Digital-ECEC2-news-image-768x505.png 768w\" sizes=\"(max-width: 800px) 100vw, 800px\" \/>\t\t\t\t\t\t\t\t\t\t\t\t\t\t\t<\/div>\n\t\t\t\t<div class=\"elementor-element elementor-element-3ddd753 elementor-widget elementor-widget-heading\" data-id=\"3ddd753\" data-element_type=\"widget\" data-widget_type=\"heading.default\">\n\t\t\t\t\t<h2 class=\"elementor-heading-title elementor-size-default\">Naujienos<\/h2>\t\t\t\t<\/div>\n\t\t\t\t<div class=\"elementor-element elementor-element-ac36411 elementor-widget__width-initial elementor-widget elementor-widget-text-editor\" data-id=\"ac36411\" data-element_type=\"widget\" data-widget_type=\"text-editor.default\">\n\t\t\t\t\t\t\t\t\t<p>\u0160iame skyriuje dalijam\u0117s projekto naujienomis, straipsniais ir atnaujinimais. \u010cia rasite informacijos apie susitikimus, mokymus, bandom\u0105sias veiklas, renginius ir naujausius paskelbtus rezultatus.<\/p>\n<p>Apsilankykite \u010dia reguliariai, kad gal\u0117tum\u0117te sekti \u201eDigitalECEC2\u201c pa\u017eang\u0105 ir b\u016bti informuoti apie m\u016bs\u0173 veikl\u0105.<\/p>\n\t\t\t\t\t\t\t\t<\/div>\n\t\t\t\t\t<\/div>\n\t\t\t\t<\/div>\n\t\t<div class=\"elementor-element elementor-element-04af755 e-flex e-con-boxed e-con e-parent\" data-id=\"04af755\" data-element_type=\"container\">\n\t\t\t\t\t<div class=\"e-con-inner\">\n\t\t\t\t<div class=\"elementor-element elementor-element-66de43e elementor-grid-4 elementor-widget__width-inherit elementor-grid-laptop-2 elementor-grid-tablet-2 elementor-grid-mobile-1 elementor-widget elementor-widget-loop-grid\" data-id=\"66de43e\" data-element_type=\"widget\" data-settings=\"{&quot;template_id&quot;:2277,&quot;columns&quot;:4,&quot;columns_laptop&quot;:2,&quot;_skin&quot;:&quot;post&quot;,&quot;columns_tablet&quot;:&quot;2&quot;,&quot;columns_mobile&quot;:&quot;1&quot;,&quot;edit_handle_selector&quot;:&quot;[data-elementor-type=\\&quot;loop-item\\&quot;]&quot;,&quot;row_gap&quot;:{&quot;unit&quot;:&quot;px&quot;,&quot;size&quot;:&quot;&quot;,&quot;sizes&quot;:[]},&quot;row_gap_laptop&quot;:{&quot;unit&quot;:&quot;px&quot;,&quot;size&quot;:&quot;&quot;,&quot;sizes&quot;:[]},&quot;row_gap_tablet&quot;:{&quot;unit&quot;:&quot;px&quot;,&quot;size&quot;:&quot;&quot;,&quot;sizes&quot;:[]},&quot;row_gap_mobile&quot;:{&quot;unit&quot;:&quot;px&quot;,&quot;size&quot;:&quot;&quot;,&quot;sizes&quot;:[]}}\" data-widget_type=\"loop-grid.post\">\n\t\t\t\t<div class=\"elementor-widget-container\">\n\t\t\t\t\t\t\t<div class=\"elementor-loop-container elementor-grid\" role=\"list\">\n\t\t<style id=\"loop-dynamic-2277\">.e-loop-item-2335 .elementor-element.elementor-element-abfbba8:not(.elementor-motion-effects-element-type-background), .e-loop-item-2335 .elementor-element.elementor-element-abfbba8 > .elementor-motion-effects-container > .elementor-motion-effects-layer{background-image:url(\"https:\/\/digitalecec.eu\/wp-content\/uploads\/2026\/04\/17.04.26-feat.png\");}<\/style><style id=\"loop-2277\">.elementor-2277 .elementor-element.elementor-element-abfbba8{--display:flex;--min-height:340px;--flex-direction:column;--container-widget-width:100%;--container-widget-height:initial;--container-widget-flex-grow:0;--container-widget-align-self:initial;--flex-wrap-mobile:wrap;--justify-content:space-between;--border-radius:1rem 1rem 1rem 1rem;--padding-top:10px;--padding-bottom:10px;--padding-left:10px;--padding-right:10px;}.elementor-2277 .elementor-element.elementor-element-abfbba8:not(.elementor-motion-effects-element-type-background), .elementor-2277 .elementor-element.elementor-element-abfbba8 > .elementor-motion-effects-container > .elementor-motion-effects-layer{background-position:center center;background-repeat:no-repeat;background-size:cover;}.elementor-2277 .elementor-element.elementor-element-b072ff4{--display:flex;--align-items:flex-start;--container-widget-width:calc( ( 1 - var( --container-widget-flex-grow ) ) * 100% );}.elementor-widget-post-info .elementor-icon-list-item:not(:last-child):after{border-color:var( --e-global-color-text );}.elementor-widget-post-info .elementor-icon-list-icon i{color:var( --e-global-color-primary );}.elementor-widget-post-info .elementor-icon-list-icon svg{fill:var( --e-global-color-primary );}.elementor-widget-post-info .elementor-icon-list-text, .elementor-widget-post-info .elementor-icon-list-text a{color:var( --e-global-color-secondary );}.elementor-widget-post-info .elementor-icon-list-item{font-family:var( --e-global-typography-text-font-family ), Sans-serif;font-weight:var( --e-global-typography-text-font-weight );}.elementor-2277 .elementor-element.elementor-element-b117290{background-color:var( --e-global-color-primary );padding:5px 8px 5px 8px;border-radius:10px 10px 10px 10px;}.elementor-2277 .elementor-element.elementor-element-b117290 .elementor-icon-list-icon i{color:var( --e-global-color-ca3330d );font-size:10px;}.elementor-2277 .elementor-element.elementor-element-b117290 .elementor-icon-list-icon svg{fill:var( --e-global-color-ca3330d );--e-icon-list-icon-size:10px;}.elementor-2277 .elementor-element.elementor-element-b117290 .elementor-icon-list-icon{width:10px;}.elementor-2277 .elementor-element.elementor-element-b117290 .elementor-icon-list-text, .elementor-2277 .elementor-element.elementor-element-b117290 .elementor-icon-list-text a{color:var( --e-global-color-ca3330d );}.elementor-2277 .elementor-element.elementor-element-b117290 .elementor-icon-list-item{font-family:\"Noir Pro\", Sans-serif;font-size:0.7em;font-weight:200;}.elementor-2277 .elementor-element.elementor-element-18bad72{--display:flex;}.elementor-widget-heading .elementor-heading-title{font-family:var( --e-global-typography-primary-font-family ), Sans-serif;font-weight:var( --e-global-typography-primary-font-weight );color:var( --e-global-color-primary );}.elementor-2277 .elementor-element.elementor-element-34ca988 .elementor-heading-title{color:var( --e-global-color-ca3330d );}.elementor-widget-button .elementor-button{background-color:var( --e-global-color-accent );font-family:var( --e-global-typography-accent-font-family ), Sans-serif;font-weight:var( --e-global-typography-accent-font-weight );}.elementor-2277 .elementor-element.elementor-element-754cc0b .elementor-button{background-color:var( --e-global-color-ca3330d );fill:var( --e-global-color-primary );color:var( --e-global-color-primary );border-style:solid;border-color:var( --e-global-color-ca3330d );border-radius:10px 10px 10px 10px;padding:5px 8px 5px 8px;}.elementor-2277 .elementor-element.elementor-element-754cc0b .elementor-button:hover, .elementor-2277 .elementor-element.elementor-element-754cc0b .elementor-button:focus{background-color:#50369400;color:var( --e-global-color-ca3330d );border-color:var( --e-global-color-ca3330d );}.elementor-2277 .elementor-element.elementor-element-754cc0b .elementor-button:hover svg, .elementor-2277 .elementor-element.elementor-element-754cc0b .elementor-button:focus svg{fill:var( --e-global-color-ca3330d );}\/* Start custom CSS for container, class: .elementor-element-abfbba8 *\/.card-zoom{\r\n  position: relative;\r\n  overflow: hidden;\r\n  border-radius: .8rem;\r\n}\r\n.card-zoom::before{\r\n  content:\"\";\r\n  position:absolute; inset:0;\r\n  background: inherit !important;\r\n  background-size: cover !important;\r\n  background-position: center !important;\r\n  background-repeat: no-repeat !important;\r\n  transition: transform .6s cubic-bezier(.2,.6,.2,1);\r\n  will-change: transform;\r\n  z-index: 0;\r\n  border-radius: .6rem;\r\n}\r\n.card-zoom:hover::before{ transform: scale(1.08); }\r\n\r\n\/* Gradient \u03bc\u03b5 #1C3664 \u03b1\u03c0\u03cc \u03ba\u03ac\u03c4\u03c9 \u03c0\u03c1\u03bf\u03c2 \u03c4\u03b1 \u03c0\u03ac\u03bd\u03c9 *\/\r\n.card-zoom::after{\r\n  content:\"\";\r\n  position:absolute; inset:0;\r\n  pointer-events:none;\r\n  z-index: 1;\r\n  border-radius: .8rem;\r\n  background: linear-gradient(\r\n    to top,\r\n    rgba(80,54,148,0.90) 30%,\r\n    rgba(80,54,148,0.00) 70%\r\n  );\r\n}\r\n\r\n.card-zoom > *{ position: relative; z-index: 2; }\/* End custom CSS *\/<\/style>\t\t<div data-elementor-type=\"loop-item\" data-elementor-id=\"2277\" class=\"elementor elementor-2277 elementor-242 elementor-242 e-loop-item e-loop-item-2335 post-2335 post type-post status-publish format-standard has-post-thumbnail hentry category-uncategorized-lt\" data-elementor-post-type=\"elementor_library\" data-custom-edit-handle=\"1\">\n\t\t\t<div class=\"elementor-element elementor-element-abfbba8 card-zoom e-flex e-con-boxed e-con e-parent\" data-id=\"abfbba8\" data-element_type=\"container\" data-settings=\"{&quot;background_background&quot;:&quot;classic&quot;}\">\n\t\t\t\t\t<div class=\"e-con-inner\">\n\t\t<div class=\"elementor-element elementor-element-b072ff4 e-con-full e-flex e-con e-child\" data-id=\"b072ff4\" data-element_type=\"container\">\n\t\t\t\t<div class=\"elementor-element elementor-element-b117290 elementor-widget elementor-widget-post-info\" data-id=\"b117290\" data-element_type=\"widget\" data-widget_type=\"post-info.default\">\n\t\t\t\t\t\t\t<ul class=\"elementor-inline-items elementor-icon-list-items elementor-post-info\">\n\t\t\t\t\t\t\t\t<li class=\"elementor-icon-list-item elementor-repeater-item-4324e4b elementor-inline-item\" itemprop=\"datePublished\">\n\t\t\t\t\t\t<a href=\"https:\/\/digitalecec.eu\/lt\/2026\/01\/27\/\">\n\t\t\t\t\t\t\t\t\t\t\t<span class=\"elementor-icon-list-icon\">\n\t\t\t\t\t\t\t\t<svg aria-hidden=\"true\" class=\"e-font-icon-svg e-fas-calendar-alt\" viewBox=\"0 0 448 512\" xmlns=\"http:\/\/www.w3.org\/2000\/svg\"><path d=\"M0 464c0 26.5 21.5 48 48 48h352c26.5 0 48-21.5 48-48V192H0v272zm320-196c0-6.6 5.4-12 12-12h40c6.6 0 12 5.4 12 12v40c0 6.6-5.4 12-12 12h-40c-6.6 0-12-5.4-12-12v-40zm0 128c0-6.6 5.4-12 12-12h40c6.6 0 12 5.4 12 12v40c0 6.6-5.4 12-12 12h-40c-6.6 0-12-5.4-12-12v-40zM192 268c0-6.6 5.4-12 12-12h40c6.6 0 12 5.4 12 12v40c0 6.6-5.4 12-12 12h-40c-6.6 0-12-5.4-12-12v-40zm0 128c0-6.6 5.4-12 12-12h40c6.6 0 12 5.4 12 12v40c0 6.6-5.4 12-12 12h-40c-6.6 0-12-5.4-12-12v-40zM64 268c0-6.6 5.4-12 12-12h40c6.6 0 12 5.4 12 12v40c0 6.6-5.4 12-12 12H76c-6.6 0-12-5.4-12-12v-40zm0 128c0-6.6 5.4-12 12-12h40c6.6 0 12 5.4 12 12v40c0 6.6-5.4 12-12 12H76c-6.6 0-12-5.4-12-12v-40zM400 64h-48V16c0-8.8-7.2-16-16-16h-32c-8.8 0-16 7.2-16 16v48H160V16c0-8.8-7.2-16-16-16h-32c-8.8 0-16 7.2-16 16v48H48C21.5 64 0 85.5 0 112v48h448v-48c0-26.5-21.5-48-48-48z\"><\/path><\/svg>\t\t\t\t\t\t\t<\/span>\n\t\t\t\t\t\t\t\t\t<span class=\"elementor-icon-list-text elementor-post-info__item elementor-post-info__item--type-date\">\n\t\t\t\t\t\t\t\t\t\t<time>27\/01\/2026<\/time>\t\t\t\t\t<\/span>\n\t\t\t\t\t\t\t\t\t<\/a>\n\t\t\t\t<\/li>\n\t\t\t\t<\/ul>\n\t\t\t\t\t\t<\/div>\n\t\t\t\t<\/div>\n\t\t<div class=\"elementor-element elementor-element-18bad72 e-con-full e-flex e-con e-child\" data-id=\"18bad72\" data-element_type=\"container\">\n\t\t\t\t<div class=\"elementor-element elementor-element-34ca988 elementor-widget elementor-widget-heading\" data-id=\"34ca988\" data-element_type=\"widget\" data-widget_type=\"heading.default\">\n\t\t\t\t\t<h5 class=\"elementor-heading-title elementor-size-default\">The Kick-off Meeting in Serbia<\/h5>\t\t\t\t<\/div>\n\t\t\t\t<div class=\"elementor-element elementor-element-754cc0b elementor-widget elementor-widget-button\" data-id=\"754cc0b\" data-element_type=\"widget\" data-widget_type=\"button.default\">\n\t\t\t\t\t\t\t\t\t\t<a class=\"elementor-button elementor-button-link elementor-size-sm elementor-animation-shrink\" href=\"https:\/\/digitalecec.eu\/lt\/the-kick-off-meeting-in-serbia\/\">\n\t\t\t\t\t\t<span class=\"elementor-button-content-wrapper\">\n\t\t\t\t\t\t\t\t\t<span class=\"elementor-button-text\">skaityti daugiau<\/span>\n\t\t\t\t\t<\/span>\n\t\t\t\t\t<\/a>\n\t\t\t\t\t\t\t\t<\/div>\n\t\t\t\t<\/div>\n\t\t\t\t\t<\/div>\n\t\t\t\t<\/div>\n\t\t\t\t<\/div>\n\t\t\t\t<\/div>\n\t\t\n\t\t\t\t\t\t<\/div>\n\t\t\t\t<\/div>\n\t\t\t\t\t<\/div>\n\t\t\t\t<\/div>\n\t\t\t\t<\/div>\n\t\t","protected":false},"excerpt":{"rendered":"<p>Naujienos \u0160iame skyriuje dalijam\u0117s projekto naujienomis, straipsniais ir atnaujinimais. \u010cia rasite informacijos apie susitikimus, mokymus, bandom\u0105sias veiklas, renginius ir naujausius paskelbtus rezultatus. Apsilankykite \u010dia reguliariai, kad gal\u0117tum\u0117te sekti \u201eDigitalECEC2\u201c pa\u017eang\u0105 ir b\u016bti informuoti apie m\u016bs\u0173 veikl\u0105.<\/p>\n","protected":false},"author":3,"featured_media":1167,"parent":0,"menu_order":0,"comment_status":"closed","ping_status":"closed","template":"","meta":{"footnotes":""},"class_list":["post-2177","page","type-page","status-publish","has-post-thumbnail","hentry"],"_links":{"self":[{"href":"https:\/\/digitalecec.eu\/lt\/wp-json\/wp\/v2\/pages\/2177","targetHints":{"allow":["GET"]}}],"collection":[{"href":"https:\/\/digitalecec.eu\/lt\/wp-json\/wp\/v2\/pages"}],"about":[{"href":"https:\/\/digitalecec.eu\/lt\/wp-json\/wp\/v2\/types\/page"}],"author":[{"embeddable":true,"href":"https:\/\/digitalecec.eu\/lt\/wp-json\/wp\/v2\/users\/3"}],"replies":[{"embeddable":true,"href":"https:\/\/digitalecec.eu\/lt\/wp-json\/wp\/v2\/comments?post=2177"}],"version-history":[{"count":1,"href":"https:\/\/digitalecec.eu\/lt\/wp-json\/wp\/v2\/pages\/2177\/revisions"}],"predecessor-version":[{"id":2178,"href":"https:\/\/digitalecec.eu\/lt\/wp-json\/wp\/v2\/pages\/2177\/revisions\/2178"}],"wp:featuredmedia":[{"embeddable":true,"href":"https:\/\/digitalecec.eu\/lt\/wp-json\/wp\/v2\/media\/1167"}],"wp:attachment":[{"href":"https:\/\/digitalecec.eu\/lt\/wp-json\/wp\/v2\/media?parent=2177"}],"curies":[{"name":"wp","href":"https:\/\/api.w.org\/{rel}","templated":true}]}}