{"id":2197,"date":"2026-04-15T11:14:50","date_gmt":"2026-04-15T11:14:50","guid":{"rendered":"https:\/\/digitalecec.eu\/partneriai\/pomoc-deci-vaiku-ir-jaunimo-paramos-organizacija\/"},"modified":"2026-04-15T11:14:51","modified_gmt":"2026-04-15T11:14:51","slug":"pomoc-deci-vaiku-ir-jaunimo-paramos-organizacija","status":"publish","type":"page","link":"https:\/\/digitalecec.eu\/lt\/partneriai\/pomoc-deci-vaiku-ir-jaunimo-paramos-organizacija\/","title":{"rendered":"\u201ePOMOC DECI\u201c vaik\u0173 ir jaunimo paramos organizacija"},"content":{"rendered":"\t\t<div data-elementor-type=\"wp-page\" data-elementor-id=\"2197\" class=\"elementor elementor-2197 elementor-332\" data-elementor-post-type=\"page\">\n\t\t\t\t<div class=\"elementor-element elementor-element-0601b19 e-flex e-con-boxed e-con e-parent\" data-id=\"0601b19\" data-element_type=\"container\">\n\t\t\t\t\t<div class=\"e-con-inner\">\n\t\t<div class=\"elementor-element elementor-element-d45ea08 e-con-full e-flex e-con e-child\" data-id=\"d45ea08\" data-element_type=\"container\" data-settings=\"{&quot;background_background&quot;:&quot;classic&quot;}\">\n\t\t\t\t<div class=\"elementor-element elementor-element-f50f624 elementor-widget elementor-widget-image\" data-id=\"f50f624\" data-element_type=\"widget\" data-widget_type=\"image.default\">\n\t\t\t\t\t\t\t\t\t\t\t\t\t\t\t<img fetchpriority=\"high\" decoding=\"async\" width=\"508\" height=\"530\" src=\"https:\/\/digitalecec.eu\/wp-content\/uploads\/2026\/01\/pomoc-logo-600x400-1.svg\" class=\"attachment-full size-full wp-image-1071\" alt=\"\" \/>\t\t\t\t\t\t\t\t\t\t\t\t\t\t\t<\/div>\n\t\t\t\t<\/div>\n\t\t\t\t\t<\/div>\n\t\t\t\t<\/div>\n\t\t<div class=\"elementor-element elementor-element-30845fe e-flex e-con-boxed e-con e-parent\" data-id=\"30845fe\" data-element_type=\"container\">\n\t\t\t\t\t<div class=\"e-con-inner\">\n\t\t<div class=\"elementor-element elementor-element-0c8d4e8 e-con-full e-flex e-con e-child\" data-id=\"0c8d4e8\" data-element_type=\"container\">\n\t\t\t\t<div class=\"elementor-element elementor-element-85cae77 elementor-widget elementor-widget-heading\" data-id=\"85cae77\" data-element_type=\"widget\" data-widget_type=\"heading.default\">\n\t\t\t\t\t<h2 class=\"elementor-heading-title elementor-size-default\">\u201ePOMOC DECI\u201c vaik\u0173 ir jaunimo paramos organizacija<\/h2>\t\t\t\t<\/div>\n\t\t\t\t<div class=\"elementor-element elementor-element-1007f92 elementor-widget elementor-widget-heading\" data-id=\"1007f92\" data-element_type=\"widget\" data-widget_type=\"heading.default\">\n\t\t\t\t\t<h5 class=\"elementor-heading-title elementor-size-default\">Serbija \ud83c\uddf7\ud83c\uddf8<\/h5>\t\t\t\t<\/div>\n\t\t\t\t<div class=\"elementor-element elementor-element-c8d77bf elementor-shape-circle elementor-grid-0 e-grid-align-center elementor-widget elementor-widget-social-icons\" data-id=\"c8d77bf\" data-element_type=\"widget\" data-widget_type=\"social-icons.default\">\n\t\t\t\t\t\t\t<div class=\"elementor-social-icons-wrapper elementor-grid\" role=\"list\">\n\t\t\t\t\t\t\t<span class=\"elementor-grid-item\" role=\"listitem\">\n\t\t\t\t\t<a class=\"elementor-icon elementor-social-icon elementor-social-icon-globe elementor-animation-shrink elementor-repeater-item-759b9f8\" href=\"https:\/\/www.pomocdeci.org\/en\/\" target=\"_blank\" rel=\"noopener\">\n\t\t\t\t\t\t<span class=\"elementor-screen-only\">Globe<\/span>\n\t\t\t\t\t\t<svg aria-hidden=\"true\" class=\"e-font-icon-svg e-fas-globe\" viewBox=\"0 0 496 512\" xmlns=\"http:\/\/www.w3.org\/2000\/svg\"><path d=\"M336.5 160C322 70.7 287.8 8 248 8s-74 62.7-88.5 152h177zM152 256c0 22.2 1.2 43.5 3.3 64h185.3c2.1-20.5 3.3-41.8 3.3-64s-1.2-43.5-3.3-64H155.3c-2.1 20.5-3.3 41.8-3.3 64zm324.7-96c-28.6-67.9-86.5-120.4-158-141.6 24.4 33.8 41.2 84.7 50 141.6h108zM177.2 18.4C105.8 39.6 47.8 92.1 19.3 160h108c8.7-56.9 25.5-107.8 49.9-141.6zM487.4 192H372.7c2.1 21 3.3 42.5 3.3 64s-1.2 43-3.3 64h114.6c5.5-20.5 8.6-41.8 8.6-64s-3.1-43.5-8.5-64zM120 256c0-21.5 1.2-43 3.3-64H8.6C3.2 212.5 0 233.8 0 256s3.2 43.5 8.6 64h114.6c-2-21-3.2-42.5-3.2-64zm39.5 96c14.5 89.3 48.7 152 88.5 152s74-62.7 88.5-152h-177zm159.3 141.6c71.4-21.2 129.4-73.7 158-141.6h-108c-8.8 56.9-25.6 107.8-50 141.6zM19.3 352c28.6 67.9 86.5 120.4 158 141.6-24.4-33.8-41.2-84.7-50-141.6h-108z\"><\/path><\/svg>\t\t\t\t\t<\/a>\n\t\t\t\t<\/span>\n\t\t\t\t\t\t\t<span class=\"elementor-grid-item\" role=\"listitem\">\n\t\t\t\t\t<a class=\"elementor-icon elementor-social-icon elementor-social-icon-facebook elementor-animation-shrink elementor-repeater-item-d624ce3\" href=\"https:\/\/www.facebook.com\/pomocdeci1\" target=\"_blank\" rel=\"noopener\">\n\t\t\t\t\t\t<span class=\"elementor-screen-only\">Facebook<\/span>\n\t\t\t\t\t\t<svg aria-hidden=\"true\" class=\"e-font-icon-svg e-fab-facebook\" viewBox=\"0 0 512 512\" xmlns=\"http:\/\/www.w3.org\/2000\/svg\"><path d=\"M504 256C504 119 393 8 256 8S8 119 8 256c0 123.78 90.69 226.38 209.25 245V327.69h-63V256h63v-54.64c0-62.15 37-96.48 93.67-96.48 27.14 0 55.52 4.84 55.52 4.84v61h-31.28c-30.8 0-40.41 19.12-40.41 38.73V256h68.78l-11 71.69h-57.78V501C413.31 482.38 504 379.78 504 256z\"><\/path><\/svg>\t\t\t\t\t<\/a>\n\t\t\t\t<\/span>\n\t\t\t\t\t\t\t<span class=\"elementor-grid-item\" role=\"listitem\">\n\t\t\t\t\t<a class=\"elementor-icon elementor-social-icon elementor-social-icon-instagram elementor-animation-shrink elementor-repeater-item-dba18a0\" href=\"https:\/\/www.instagram.com\/pomoc.deci\/\" target=\"_blank\" rel=\"noopener\">\n\t\t\t\t\t\t<span class=\"elementor-screen-only\">Instagram<\/span>\n\t\t\t\t\t\t<svg aria-hidden=\"true\" class=\"e-font-icon-svg e-fab-instagram\" viewBox=\"0 0 448 512\" xmlns=\"http:\/\/www.w3.org\/2000\/svg\"><path d=\"M224.1 141c-63.6 0-114.9 51.3-114.9 114.9s51.3 114.9 114.9 114.9S339 319.5 339 255.9 287.7 141 224.1 141zm0 189.6c-41.1 0-74.7-33.5-74.7-74.7s33.5-74.7 74.7-74.7 74.7 33.5 74.7 74.7-33.6 74.7-74.7 74.7zm146.4-194.3c0 14.9-12 26.8-26.8 26.8-14.9 0-26.8-12-26.8-26.8s12-26.8 26.8-26.8 26.8 12 26.8 26.8zm76.1 27.2c-1.7-35.9-9.9-67.7-36.2-93.9-26.2-26.2-58-34.4-93.9-36.2-37-2.1-147.9-2.1-184.9 0-35.8 1.7-67.6 9.9-93.9 36.1s-34.4 58-36.2 93.9c-2.1 37-2.1 147.9 0 184.9 1.7 35.9 9.9 67.7 36.2 93.9s58 34.4 93.9 36.2c37 2.1 147.9 2.1 184.9 0 35.9-1.7 67.7-9.9 93.9-36.2 26.2-26.2 34.4-58 36.2-93.9 2.1-37 2.1-147.8 0-184.8zM398.8 388c-7.8 19.6-22.9 34.7-42.6 42.6-29.5 11.7-99.5 9-132.1 9s-102.7 2.6-132.1-9c-19.6-7.8-34.7-22.9-42.6-42.6-11.7-29.5-9-99.5-9-132.1s-2.6-102.7 9-132.1c7.8-19.6 22.9-34.7 42.6-42.6 29.5-11.7 99.5-9 132.1-9s102.7-2.6 132.1 9c19.6 7.8 34.7 22.9 42.6 42.6 11.7 29.5 9 99.5 9 132.1s2.7 102.7-9 132.1z\"><\/path><\/svg>\t\t\t\t\t<\/a>\n\t\t\t\t<\/span>\n\t\t\t\t\t\t\t<span class=\"elementor-grid-item\" role=\"listitem\">\n\t\t\t\t\t<a class=\"elementor-icon elementor-social-icon elementor-social-icon-x-twitter elementor-animation-shrink elementor-repeater-item-99c1646\" href=\"https:\/\/x.com\/Pomocdeci\" target=\"_blank\">\n\t\t\t\t\t\t<span class=\"elementor-screen-only\">X-twitter<\/span>\n\t\t\t\t\t\t<svg aria-hidden=\"true\" class=\"e-font-icon-svg e-fab-x-twitter\" viewBox=\"0 0 512 512\" xmlns=\"http:\/\/www.w3.org\/2000\/svg\"><path d=\"M389.2 48h70.6L305.6 224.2 487 464H345L233.7 318.6 106.5 464H35.8L200.7 275.5 26.8 48H172.4L272.9 180.9 389.2 48zM364.4 421.8h39.1L151.1 88h-42L364.4 421.8z\"><\/path><\/svg>\t\t\t\t\t<\/a>\n\t\t\t\t<\/span>\n\t\t\t\t\t\t\t<span class=\"elementor-grid-item\" role=\"listitem\">\n\t\t\t\t\t<a class=\"elementor-icon elementor-social-icon elementor-social-icon-linkedin elementor-animation-shrink elementor-repeater-item-8afd179\" href=\"https:\/\/www.linkedin.com\/company\/pomoc-deci\/\" target=\"_blank\" rel=\"noopener\">\n\t\t\t\t\t\t<span class=\"elementor-screen-only\">Linkedin<\/span>\n\t\t\t\t\t\t<svg aria-hidden=\"true\" class=\"e-font-icon-svg e-fab-linkedin\" viewBox=\"0 0 448 512\" xmlns=\"http:\/\/www.w3.org\/2000\/svg\"><path d=\"M416 32H31.9C14.3 32 0 46.5 0 64.3v383.4C0 465.5 14.3 480 31.9 480H416c17.6 0 32-14.5 32-32.3V64.3c0-17.8-14.4-32.3-32-32.3zM135.4 416H69V202.2h66.5V416zm-33.2-243c-21.3 0-38.5-17.3-38.5-38.5S80.9 96 102.2 96c21.2 0 38.5 17.3 38.5 38.5 0 21.3-17.2 38.5-38.5 38.5zm282.1 243h-66.4V312c0-24.8-.5-56.7-34.5-56.7-34.6 0-39.9 27-39.9 54.9V416h-66.4V202.2h63.7v29.2h.9c8.9-16.8 30.6-34.5 62.9-34.5 67.2 0 79.7 44.3 79.7 101.9V416z\"><\/path><\/svg>\t\t\t\t\t<\/a>\n\t\t\t\t<\/span>\n\t\t\t\t\t\t\t<span class=\"elementor-grid-item\" role=\"listitem\">\n\t\t\t\t\t<a class=\"elementor-icon elementor-social-icon elementor-social-icon-youtube elementor-animation-shrink elementor-repeater-item-f0e1159\" href=\"https:\/\/www.youtube.com\/channel\/UCegLkM8iVVHO6F0eeSuS1TQ\" target=\"_blank\" rel=\"noopener\">\n\t\t\t\t\t\t<span class=\"elementor-screen-only\">Youtube<\/span>\n\t\t\t\t\t\t<svg aria-hidden=\"true\" class=\"e-font-icon-svg e-fab-youtube\" viewBox=\"0 0 576 512\" xmlns=\"http:\/\/www.w3.org\/2000\/svg\"><path d=\"M549.655 124.083c-6.281-23.65-24.787-42.276-48.284-48.597C458.781 64 288 64 288 64S117.22 64 74.629 75.486c-23.497 6.322-42.003 24.947-48.284 48.597-11.412 42.867-11.412 132.305-11.412 132.305s0 89.438 11.412 132.305c6.281 23.65 24.787 41.5 48.284 47.821C117.22 448 288 448 288 448s170.78 0 213.371-11.486c23.497-6.321 42.003-24.171 48.284-47.821 11.412-42.867 11.412-132.305 11.412-132.305s0-89.438-11.412-132.305zm-317.51 213.508V175.185l142.739 81.205-142.739 81.201z\"><\/path><\/svg>\t\t\t\t\t<\/a>\n\t\t\t\t<\/span>\n\t\t\t\t\t<\/div>\n\t\t\t\t\t\t<\/div>\n\t\t<div class=\"elementor-element elementor-element-6cf9322 e-con-full e-flex e-con e-child\" data-id=\"6cf9322\" data-element_type=\"container\" data-settings=\"{&quot;background_background&quot;:&quot;classic&quot;}\">\n\t\t\t\t<div class=\"elementor-element elementor-element-429f39c elementor-widget elementor-widget-text-editor\" data-id=\"429f39c\" data-element_type=\"widget\" data-widget_type=\"text-editor.default\">\n\t\t\t\t\t\t\t\t\t<p>\u201ePomoc deci\u201c (CYSO \u2013 Vaik\u0173 ir jaunimo paramos organizacija) yra Serbijos nevyriausybin\u0117 organizacija, \u012fkurta 2004 m. kaip vietin\u0117 NVO. Iki tol pusantr\u0173 met\u0173 ji veik\u0117 kaip JAV nevyriausybin\u0117s organizacijos \u201eChristian Children\u2019s Fund Inc\u201c (dabar \u201eChildFund International\u201c) padalinys Serbijoje.<\/p>\n<p>M\u016bs\u0173 misija \u2013 sukurti vilties ir pagarbos vaikams bei jaunimui aplink\u0105, kurioje jie tur\u0117t\u0173 galimybi\u0173 visapusi\u0161kai realizuoti savo potencial\u0105, ir suteikti vaikams, jaunimui, t\u0117vams bei bendruomen\u0117ms praktines priemones teigiamoms permainoms. Tai besivystanti organizacija, turinti gausi\u0105 patirt\u012f analizuojant situacij\u0105 \u0161ioje srityje, rengiant ir \u012fgyvendinant ilgalaikius projektus bei programas. Nuo pat \u012fk\u016brimo \u201ePomoc deci\u201c bendradarbiauja su kitomis NVO ir tobulina savo \u012fg\u016bd\u017eius taikydama \u201emokymosi veikiant\u201c metod\u0105.<\/p>\n<p>Savo veikloje ji daugiausia d\u0117mesio skiria ankstyvojo ugdymo (AU) sri\u010diai ir kokybi\u0161ko AU u\u017etikrinimui visiems vaikams, pradinio ir vidurinio ugdymo sritims bei vaik\u0173 ir jaunimo socialini\u0173 ir finansini\u0173 \u012fg\u016bd\u017ei\u0173 ugdymui, taip pat jaunimui, j\u0173 neformaliajam ugdymui, \u012ftraukimui ir aktyvumui, ta\u010diau taip pat glaud\u017eiai bendradarbiauja su mokytojais, mokykl\u0173 vadovais, t\u0117vais ir kitomis NVO.<\/p>\n<p>AU srityje organizacija \u201ePomoc Deci\u201c buvo Serbijos nacionalin\u0117 koordinator\u0117 Europos kampanijoje \u201ePirmieji metai \u2013 pirmasis prioritetas\u201c, kuri\u0105 organizavo \u201eEurochild\u201c kartu su Europos visuomen\u0117s sveikatos asociacija, Tarptautine asociacija \u201eStep by Step\u201c ir Rom\u0173 \u0161vietimo fondu. Ji taip pat buvo viena i\u0161 pagrindini\u0173 organizacij\u0173 ir partneri\u0173 keliuose \u201eErasmus+\u201c projektuose, kuriuose ankstyvasis vaik\u0173 ugdymas buvo nagrin\u0117jamas i\u0161 \u012fvairi\u0173 perspektyv\u0173.<\/p>\n<p>\u201ePomoc Deci\u201c yra keli\u0173 Serbijos ir tarptautini\u0173 tinkl\u0173 (EUROCHILD, Tarptautinis taikos k\u016brimo su ma\u017eais vaikais tinklas, WWSF Vaik\u0173 ir jaunimo skyrius, \u201eAflatoun International\u201c, EPA, IPA, EPTO) nar\u0117 ir suk\u016br\u0117 regionin\u012f PRECEDE tinkl\u0105, skirt\u0105 taikos k\u016brimui ir susitaikymui per ankstyvojo am\u017eiaus vaik\u0173 ugdym\u0105 ir vystym\u0105si. Ji taip pat yra sudariusi strategin\u0117s partneryst\u0117s sutartis su \u0160vietimo ministerija, taip pat su keliomis NVO i\u0161 Balkan\u0173 regiono.<\/p>\n<p>Organizacija \u201ePomoc deci\u201c (CYSO \u2013 Vaik\u0173 ir jaunimo paramos organizacija) nuo 2009 m. dirba kurdama daugiadisciplinio po\u017ei\u016brio \u012f ankstyvojo vaik\u0173 ugdymo (AVU) model\u012f. Ji s\u0117kmingai pasiek\u0117, kad b\u016bt\u0173 priimti nacionalin\u0117s teis\u0117s akt\u0173, susijusi\u0173 su ankstyvuoju vaik\u0173 ugdymu, pakeitimai, taip pat paskatino sveikatos ir \u0161vietimo sektori\u0173 bendradarbiavim\u0105, siekiant u\u017etikrinti, kad visi ma\u017ei vaikai tur\u0117t\u0173 galimyb\u0119 naudotis visomis sveikatos prie\u017ei\u016bros ir \u0161vietimo paslaugomis. Ji dalyvavo rengiant Vadov\u0105 d\u0117l vietini\u0173 AU tinkl\u0173 k\u016brimo ir sureng\u0117 mokymus pirmiesiems susik\u016brusiems vietiniams tinklams. Ji dalyvavo rengiant 2017 m. alternatyvi\u0105 ataskait\u0105 JT Vaiko teisi\u0173 komitetui, parengdama dal\u012f, susijusi\u0105 su JT 7-ojo bendrojo komentaro \u012fgyvendinimu Serbijoje. CYSO turi 5 nuolatinius darbuotojus, apie 15 savanori\u0173, aktyviai dirban\u010di\u0173 ankstyvojo vaik\u0173 ugdymo srityje, ir reguliariai bendradarbiauja su apie 25 ikimokyklinio ugdymo \u012fstaigomis Serbijoje.<\/p>\n\t\t\t\t\t\t\t\t<\/div>\n\t\t\t\t<\/div>\n\t\t\t\t<div class=\"elementor-element elementor-element-f63f59b elementor-widget elementor-widget-spacer\" data-id=\"f63f59b\" data-element_type=\"widget\" data-widget_type=\"spacer.default\">\n\t\t\t\t\t\t\t<div class=\"elementor-spacer\">\n\t\t\t<div class=\"elementor-spacer-inner\"><\/div>\n\t\t<\/div>\n\t\t\t\t\t\t<\/div>\n\t\t\t\t<div class=\"elementor-element elementor-element-994e725 elementor-widget elementor-widget-heading\" data-id=\"994e725\" data-element_type=\"widget\" data-widget_type=\"heading.default\">\n\t\t\t\t\t<h4 class=\"elementor-heading-title elementor-size-default\">Projekto veidai<\/h4>\t\t\t\t<\/div>\n\t\t<div class=\"elementor-element elementor-element-5cb0826 e-con-full e-flex e-con e-child\" data-id=\"5cb0826\" data-element_type=\"container\">\n\t\t<div class=\"elementor-element elementor-element-221021c e-con-full hover-swap-card e-flex e-con e-child\" data-id=\"221021c\" data-element_type=\"container\">\n\t\t<div class=\"elementor-element elementor-element-8c7989e e-con-full swap-photo e-flex e-con e-child\" data-id=\"8c7989e\" data-element_type=\"container\">\n\t\t\t\t<div class=\"elementor-element elementor-element-1843676 swap-img swap-img--default elementor-widget elementor-widget-image\" data-id=\"1843676\" data-element_type=\"widget\" data-widget_type=\"image.default\">\n\t\t\t\t\t\t\t\t\t\t\t\t\t\t\t<img decoding=\"async\" width=\"800\" height=\"800\" src=\"https:\/\/digitalecec.eu\/wp-content\/uploads\/2026\/01\/demo-person.jpg\" class=\"attachment-large size-large wp-image-1123\" alt=\"\" srcset=\"https:\/\/digitalecec.eu\/wp-content\/uploads\/2026\/01\/demo-person.jpg 800w, https:\/\/digitalecec.eu\/wp-content\/uploads\/2026\/01\/demo-person-300x300.jpg 300w, https:\/\/digitalecec.eu\/wp-content\/uploads\/2026\/01\/demo-person-150x150.jpg 150w, https:\/\/digitalecec.eu\/wp-content\/uploads\/2026\/01\/demo-person-768x768.jpg 768w\" sizes=\"(max-width: 800px) 100vw, 800px\" \/>\t\t\t\t\t\t\t\t\t\t\t\t\t\t\t<\/div>\n\t\t\t\t<\/div>\n\t\t\t\t<div class=\"elementor-element elementor-element-e1bff34 elementor-widget elementor-widget-heading\" data-id=\"e1bff34\" data-element_type=\"widget\" data-widget_type=\"heading.default\">\n\t\t\t\t\t<h6 class=\"elementor-heading-title elementor-size-default\">Ljiljana Vasic<\/h6>\t\t\t\t<\/div>\n\t\t\t\t<div class=\"elementor-element elementor-element-7a7cc38 elementor-icon-list--layout-traditional elementor-list-item-link-full_width elementor-widget elementor-widget-icon-list\" data-id=\"7a7cc38\" data-element_type=\"widget\" data-widget_type=\"icon-list.default\">\n\t\t\t\t\t\t\t<ul class=\"elementor-icon-list-items\">\n\t\t\t\t\t\t\t<li class=\"elementor-icon-list-item\">\n\t\t\t\t\t\t\t\t\t\t\t<a href=\"mailto:pomocdeci@eunet.rs\">\n\n\t\t\t\t\t\t\t\t\t\t\t\t<span class=\"elementor-icon-list-icon\">\n\t\t\t\t\t\t\t<svg aria-hidden=\"true\" class=\"e-font-icon-svg e-fas-envelope\" viewBox=\"0 0 512 512\" xmlns=\"http:\/\/www.w3.org\/2000\/svg\"><path d=\"M502.3 190.8c3.9-3.1 9.7-.2 9.7 4.7V400c0 26.5-21.5 48-48 48H48c-26.5 0-48-21.5-48-48V195.6c0-5 5.7-7.8 9.7-4.7 22.4 17.4 52.1 39.5 154.1 113.6 21.1 15.4 56.7 47.8 92.2 47.6 35.7.3 72-32.8 92.3-47.6 102-74.1 131.6-96.3 154-113.7zM256 320c23.2.4 56.6-29.2 73.4-41.4 132.7-96.3 142.8-104.7 173.4-128.7 5.8-4.5 9.2-11.5 9.2-18.9v-19c0-26.5-21.5-48-48-48H48C21.5 64 0 85.5 0 112v19c0 7.4 3.4 14.3 9.2 18.9 30.6 23.9 40.7 32.4 173.4 128.7 16.8 12.2 50.2 41.8 73.4 41.4z\"><\/path><\/svg>\t\t\t\t\t\t<\/span>\n\t\t\t\t\t\t\t\t\t\t<span class=\"elementor-icon-list-text\">pomocdeci@eunet.rs<\/span>\n\t\t\t\t\t\t\t\t\t\t\t<\/a>\n\t\t\t\t\t\t\t\t\t<\/li>\n\t\t\t\t\t\t<\/ul>\n\t\t\t\t\t\t<\/div>\n\t\t\t\t<div class=\"elementor-element elementor-element-4d5133a elementor-widget elementor-widget-button\" data-id=\"4d5133a\" data-element_type=\"widget\" data-widget_type=\"button.default\">\n\t\t\t\t\t\t\t\t\t\t<a class=\"elementor-button elementor-button-link elementor-size-sm elementor-animation-shrink\" href=\"#elementor-action%3Aaction%3Dpopup%3Aopen%26settings%3DeyJpZCI6MjIzMywidG9nZ2xlIjpmYWxzZX0%3D\">\n\t\t\t\t\t\t<span class=\"elementor-button-content-wrapper\">\n\t\t\t\t\t\t<span class=\"elementor-button-icon\">\n\t\t\t\t<svg aria-hidden=\"true\" class=\"e-font-icon-svg e-fas-info-circle\" viewBox=\"0 0 512 512\" xmlns=\"http:\/\/www.w3.org\/2000\/svg\"><path d=\"M256 8C119.043 8 8 119.083 8 256c0 136.997 111.043 248 248 248s248-111.003 248-248C504 119.083 392.957 8 256 8zm0 110c23.196 0 42 18.804 42 42s-18.804 42-42 42-42-18.804-42-42 18.804-42 42-42zm56 254c0 6.627-5.373 12-12 12h-88c-6.627 0-12-5.373-12-12v-24c0-6.627 5.373-12 12-12h12v-64h-12c-6.627 0-12-5.373-12-12v-24c0-6.627 5.373-12 12-12h64c6.627 0 12 5.373 12 12v100h12c6.627 0 12 5.373 12 12v24z\"><\/path><\/svg>\t\t\t<\/span>\n\t\t\t\t\t\t\t\t\t<span class=\"elementor-button-text\">daugiau<\/span>\n\t\t\t\t\t<\/span>\n\t\t\t\t\t<\/a>\n\t\t\t\t\t\t\t\t<\/div>\n\t\t\t\t<\/div>\n\t\t<div class=\"elementor-element elementor-element-ace1253 e-con-full hover-swap-card e-flex e-con e-child\" data-id=\"ace1253\" data-element_type=\"container\">\n\t\t<div class=\"elementor-element elementor-element-b2cf98a e-con-full swap-photo e-flex e-con e-child\" data-id=\"b2cf98a\" data-element_type=\"container\">\n\t\t\t\t<div class=\"elementor-element elementor-element-be161b4 swap-img swap-img--default elementor-widget elementor-widget-image\" data-id=\"be161b4\" data-element_type=\"widget\" data-widget_type=\"image.default\">\n\t\t\t\t\t\t\t\t\t\t\t\t\t\t\t<img decoding=\"async\" width=\"800\" height=\"800\" src=\"https:\/\/digitalecec.eu\/wp-content\/uploads\/2026\/01\/demo-person.jpg\" class=\"attachment-large size-large wp-image-1123\" alt=\"\" srcset=\"https:\/\/digitalecec.eu\/wp-content\/uploads\/2026\/01\/demo-person.jpg 800w, https:\/\/digitalecec.eu\/wp-content\/uploads\/2026\/01\/demo-person-300x300.jpg 300w, https:\/\/digitalecec.eu\/wp-content\/uploads\/2026\/01\/demo-person-150x150.jpg 150w, https:\/\/digitalecec.eu\/wp-content\/uploads\/2026\/01\/demo-person-768x768.jpg 768w\" sizes=\"(max-width: 800px) 100vw, 800px\" \/>\t\t\t\t\t\t\t\t\t\t\t\t\t\t\t<\/div>\n\t\t\t\t<\/div>\n\t\t\t\t<div class=\"elementor-element elementor-element-df19e44 elementor-widget elementor-widget-heading\" data-id=\"df19e44\" data-element_type=\"widget\" data-widget_type=\"heading.default\">\n\t\t\t\t\t<h6 class=\"elementor-heading-title elementor-size-default\">Katerina Tankosic<\/h6>\t\t\t\t<\/div>\n\t\t\t\t<div class=\"elementor-element elementor-element-515bc99 elementor-icon-list--layout-traditional elementor-list-item-link-full_width elementor-widget elementor-widget-icon-list\" data-id=\"515bc99\" data-element_type=\"widget\" data-widget_type=\"icon-list.default\">\n\t\t\t\t\t\t\t<ul class=\"elementor-icon-list-items\">\n\t\t\t\t\t\t\t<li class=\"elementor-icon-list-item\">\n\t\t\t\t\t\t\t\t\t\t\t<a href=\"mailto:pomocdeci@eunet.rs\">\n\n\t\t\t\t\t\t\t\t\t\t\t\t<span class=\"elementor-icon-list-icon\">\n\t\t\t\t\t\t\t<svg aria-hidden=\"true\" class=\"e-font-icon-svg e-fas-envelope\" viewBox=\"0 0 512 512\" xmlns=\"http:\/\/www.w3.org\/2000\/svg\"><path d=\"M502.3 190.8c3.9-3.1 9.7-.2 9.7 4.7V400c0 26.5-21.5 48-48 48H48c-26.5 0-48-21.5-48-48V195.6c0-5 5.7-7.8 9.7-4.7 22.4 17.4 52.1 39.5 154.1 113.6 21.1 15.4 56.7 47.8 92.2 47.6 35.7.3 72-32.8 92.3-47.6 102-74.1 131.6-96.3 154-113.7zM256 320c23.2.4 56.6-29.2 73.4-41.4 132.7-96.3 142.8-104.7 173.4-128.7 5.8-4.5 9.2-11.5 9.2-18.9v-19c0-26.5-21.5-48-48-48H48C21.5 64 0 85.5 0 112v19c0 7.4 3.4 14.3 9.2 18.9 30.6 23.9 40.7 32.4 173.4 128.7 16.8 12.2 50.2 41.8 73.4 41.4z\"><\/path><\/svg>\t\t\t\t\t\t<\/span>\n\t\t\t\t\t\t\t\t\t\t<span class=\"elementor-icon-list-text\">pomocdeci@eunet.rs<\/span>\n\t\t\t\t\t\t\t\t\t\t\t<\/a>\n\t\t\t\t\t\t\t\t\t<\/li>\n\t\t\t\t\t\t<\/ul>\n\t\t\t\t\t\t<\/div>\n\t\t\t\t<div class=\"elementor-element elementor-element-22cb4b5 elementor-widget elementor-widget-button\" data-id=\"22cb4b5\" data-element_type=\"widget\" data-widget_type=\"button.default\">\n\t\t\t\t\t\t\t\t\t\t<a class=\"elementor-button elementor-button-link elementor-size-sm elementor-animation-shrink\" href=\"#elementor-action%3Aaction%3Dpopup%3Aopen%26settings%3DeyJpZCI6MjIzNSwidG9nZ2xlIjpmYWxzZX0%3D\">\n\t\t\t\t\t\t<span class=\"elementor-button-content-wrapper\">\n\t\t\t\t\t\t<span class=\"elementor-button-icon\">\n\t\t\t\t<svg aria-hidden=\"true\" class=\"e-font-icon-svg e-fas-info-circle\" viewBox=\"0 0 512 512\" xmlns=\"http:\/\/www.w3.org\/2000\/svg\"><path d=\"M256 8C119.043 8 8 119.083 8 256c0 136.997 111.043 248 248 248s248-111.003 248-248C504 119.083 392.957 8 256 8zm0 110c23.196 0 42 18.804 42 42s-18.804 42-42 42-42-18.804-42-42 18.804-42 42-42zm56 254c0 6.627-5.373 12-12 12h-88c-6.627 0-12-5.373-12-12v-24c0-6.627 5.373-12 12-12h12v-64h-12c-6.627 0-12-5.373-12-12v-24c0-6.627 5.373-12 12-12h64c6.627 0 12 5.373 12 12v100h12c6.627 0 12 5.373 12 12v24z\"><\/path><\/svg>\t\t\t<\/span>\n\t\t\t\t\t\t\t\t\t<span class=\"elementor-button-text\">daugiau<\/span>\n\t\t\t\t\t<\/span>\n\t\t\t\t\t<\/a>\n\t\t\t\t\t\t\t\t<\/div>\n\t\t\t\t<\/div>\n\t\t<div class=\"elementor-element elementor-element-4cef287 e-con-full hover-swap-card e-flex e-con e-child\" data-id=\"4cef287\" data-element_type=\"container\">\n\t\t\t\t<\/div>\n\t\t<div class=\"elementor-element elementor-element-404b0a5 e-con-full hover-swap-card e-flex e-con e-child\" data-id=\"404b0a5\" data-element_type=\"container\">\n\t\t\t\t<\/div>\n\t\t\t\t<\/div>\n\t\t\t\t<\/div>\n\t\t\t\t\t<\/div>\n\t\t\t\t<\/div>\n\t\t\t\t<\/div>\n\t\t","protected":false},"excerpt":{"rendered":"<p>\u201ePOMOC DECI\u201c vaik\u0173 ir jaunimo paramos organizacija Serbija \ud83c\uddf7\ud83c\uddf8 Globe Facebook Instagram X-twitter Linkedin Youtube \u201ePomoc deci\u201c (CYSO \u2013 Vaik\u0173 ir jaunimo paramos organizacija) yra Serbijos nevyriausybin\u0117 organizacija, \u012fkurta 2004 m. kaip vietin\u0117 NVO. Iki tol pusantr\u0173 met\u0173 ji veik\u0117 kaip JAV nevyriausybin\u0117s organizacijos \u201eChristian Children\u2019s Fund Inc\u201c (dabar \u201eChildFund International\u201c) padalinys Serbijoje. M\u016bs\u0173 misija [&hellip;]<\/p>\n","protected":false},"author":3,"featured_media":1195,"parent":2171,"menu_order":0,"comment_status":"closed","ping_status":"closed","template":"","meta":{"footnotes":""},"class_list":["post-2197","page","type-page","status-publish","has-post-thumbnail","hentry"],"_links":{"self":[{"href":"https:\/\/digitalecec.eu\/lt\/wp-json\/wp\/v2\/pages\/2197","targetHints":{"allow":["GET"]}}],"collection":[{"href":"https:\/\/digitalecec.eu\/lt\/wp-json\/wp\/v2\/pages"}],"about":[{"href":"https:\/\/digitalecec.eu\/lt\/wp-json\/wp\/v2\/types\/page"}],"author":[{"embeddable":true,"href":"https:\/\/digitalecec.eu\/lt\/wp-json\/wp\/v2\/users\/3"}],"replies":[{"embeddable":true,"href":"https:\/\/digitalecec.eu\/lt\/wp-json\/wp\/v2\/comments?post=2197"}],"version-history":[{"count":1,"href":"https:\/\/digitalecec.eu\/lt\/wp-json\/wp\/v2\/pages\/2197\/revisions"}],"predecessor-version":[{"id":2198,"href":"https:\/\/digitalecec.eu\/lt\/wp-json\/wp\/v2\/pages\/2197\/revisions\/2198"}],"up":[{"embeddable":true,"href":"https:\/\/digitalecec.eu\/lt\/wp-json\/wp\/v2\/pages\/2171"}],"wp:featuredmedia":[{"embeddable":true,"href":"https:\/\/digitalecec.eu\/lt\/wp-json\/wp\/v2\/media\/1195"}],"wp:attachment":[{"href":"https:\/\/digitalecec.eu\/lt\/wp-json\/wp\/v2\/media?parent=2197"}],"curies":[{"name":"wp","href":"https:\/\/api.w.org\/{rel}","templated":true}]}}