{"id":1631,"date":"2026-04-01T11:40:50","date_gmt":"2026-04-01T11:40:50","guid":{"rendered":"https:\/\/digitalecec.eu\/partneri\/"},"modified":"2026-04-01T11:40:51","modified_gmt":"2026-04-01T11:40:51","slug":"partneri","status":"publish","type":"page","link":"https:\/\/digitalecec.eu\/sr\/partneri\/","title":{"rendered":"Partneri"},"content":{"rendered":"\t\t<div data-elementor-type=\"wp-page\" data-elementor-id=\"1631\" class=\"elementor elementor-1631 elementor-74\" data-elementor-post-type=\"page\">\n\t\t\t\t<div class=\"elementor-element elementor-element-9a13e93 e-flex e-con-boxed e-con e-parent\" data-id=\"9a13e93\" data-element_type=\"container\">\n\t\t\t\t\t<div class=\"e-con-inner\">\n\t\t\t\t<div class=\"elementor-element elementor-element-e3f274d elementor-widget elementor-widget-image\" data-id=\"e3f274d\" data-element_type=\"widget\" data-widget_type=\"image.default\">\n\t\t\t\t\t\t\t\t\t\t\t\t\t\t\t<img fetchpriority=\"high\" decoding=\"async\" width=\"800\" height=\"527\" src=\"https:\/\/digitalecec.eu\/wp-content\/uploads\/2026\/01\/Digital-ECEC2-partners-image.png\" class=\"attachment-large size-large wp-image-1044\" alt=\"\" srcset=\"https:\/\/digitalecec.eu\/wp-content\/uploads\/2026\/01\/Digital-ECEC2-partners-image.png 1021w, https:\/\/digitalecec.eu\/wp-content\/uploads\/2026\/01\/Digital-ECEC2-partners-image-300x197.png 300w, https:\/\/digitalecec.eu\/wp-content\/uploads\/2026\/01\/Digital-ECEC2-partners-image-768x505.png 768w\" sizes=\"(max-width: 800px) 100vw, 800px\" \/>\t\t\t\t\t\t\t\t\t\t\t\t\t\t\t<\/div>\n\t\t\t\t<div class=\"elementor-element elementor-element-b875e78 elementor-widget elementor-widget-heading\" data-id=\"b875e78\" data-element_type=\"widget\" data-widget_type=\"heading.default\">\n\t\t\t\t\t<h2 class=\"elementor-heading-title elementor-size-default\">Partneri<\/h2>\t\t\t\t<\/div>\n\t\t\t\t\t<\/div>\n\t\t\t\t<\/div>\n\t\t<div class=\"elementor-element elementor-element-dd45c82 e-flex e-con-boxed e-con e-parent\" data-id=\"dd45c82\" data-element_type=\"container\">\n\t\t\t\t\t<div class=\"e-con-inner\">\n\t\t<div class=\"elementor-element elementor-element-51b17ef e-con-full e-flex e-con e-child\" data-id=\"51b17ef\" data-element_type=\"container\">\n\t\t<div class=\"elementor-element elementor-element-7895c10 e-con-full e-flex e-con e-child\" data-id=\"7895c10\" data-element_type=\"container\" data-settings=\"{&quot;background_background&quot;:&quot;classic&quot;}\">\n\t\t\t\t<div class=\"elementor-element elementor-element-c0c039b elementor-widget elementor-widget-image\" data-id=\"c0c039b\" data-element_type=\"widget\" data-widget_type=\"image.default\">\n\t\t\t\t\t\t\t\t\t\t\t\t\t\t\t<img decoding=\"async\" width=\"600\" height=\"400\" src=\"https:\/\/digitalecec.eu\/wp-content\/uploads\/2026\/01\/MARIJAMPOLES-logo-600x400-1.png\" class=\"attachment-large size-large wp-image-956\" alt=\"\" srcset=\"https:\/\/digitalecec.eu\/wp-content\/uploads\/2026\/01\/MARIJAMPOLES-logo-600x400-1.png 600w, https:\/\/digitalecec.eu\/wp-content\/uploads\/2026\/01\/MARIJAMPOLES-logo-600x400-1-300x200.png 300w\" sizes=\"(max-width: 600px) 100vw, 600px\" \/>\t\t\t\t\t\t\t\t\t\t\t\t\t\t\t<\/div>\n\t\t\t\t<div class=\"elementor-element elementor-element-1acf43b elementor-widget elementor-widget-heading\" data-id=\"1acf43b\" data-element_type=\"widget\" data-widget_type=\"heading.default\">\n\t\t\t\t\t<h6 class=\"elementor-heading-title elementor-size-default\">Marijampol\u0117s vaik\u0173 lop\u0161elis-dar\u017eelis <\/h6>\t\t\t\t<\/div>\n\t\t\t\t<div class=\"elementor-element elementor-element-9ccba4b elementor-widget elementor-widget-heading\" data-id=\"9ccba4b\" data-element_type=\"widget\" data-widget_type=\"heading.default\">\n\t\t\t\t\t<h6 class=\"elementor-heading-title elementor-size-default\">Litvanija \ud83c\uddf1\ud83c\uddf9<\/h6>\t\t\t\t<\/div>\n\t\t\t\t<div class=\"elementor-element elementor-element-b4e1efb elementor-widget elementor-widget-button\" data-id=\"b4e1efb\" data-element_type=\"widget\" data-widget_type=\"button.default\">\n\t\t\t\t\t\t\t\t\t\t<a class=\"elementor-button elementor-button-link elementor-size-sm elementor-animation-grow\" href=\"https:\/\/digitalecec.eu\/sr\/partneri\/marijampoles-vaiku-lopselis-darzelis\/\">\n\t\t\t\t\t\t<span class=\"elementor-button-content-wrapper\">\n\t\t\t\t\t\t\t\t\t<span class=\"elementor-button-text\">pro\u010ditaj vi\u0161e<\/span>\n\t\t\t\t\t<\/span>\n\t\t\t\t\t<\/a>\n\t\t\t\t\t\t\t\t<\/div>\n\t\t\t\t<\/div>\n\t\t<div class=\"elementor-element elementor-element-4a588df e-con-full e-flex e-con e-child\" data-id=\"4a588df\" data-element_type=\"container\" data-settings=\"{&quot;background_background&quot;:&quot;classic&quot;}\">\n\t\t\t\t<div class=\"elementor-element elementor-element-1ffd95c elementor-widget elementor-widget-image\" data-id=\"1ffd95c\" data-element_type=\"widget\" data-widget_type=\"image.default\">\n\t\t\t\t\t\t\t\t\t\t\t\t\t\t\t<img decoding=\"async\" width=\"600\" height=\"400\" src=\"https:\/\/digitalecec.eu\/wp-content\/uploads\/2026\/01\/LSMPS-logo-600x400-1.png\" class=\"attachment-large size-large wp-image-952\" alt=\"\" srcset=\"https:\/\/digitalecec.eu\/wp-content\/uploads\/2026\/01\/LSMPS-logo-600x400-1.png 600w, https:\/\/digitalecec.eu\/wp-content\/uploads\/2026\/01\/LSMPS-logo-600x400-1-300x200.png 300w\" sizes=\"(max-width: 600px) 100vw, 600px\" \/>\t\t\t\t\t\t\t\t\t\t\t\t\t\t\t<\/div>\n\t\t\t\t<div class=\"elementor-element elementor-element-5e512e7 elementor-widget elementor-widget-heading\" data-id=\"5e512e7\" data-element_type=\"widget\" data-widget_type=\"heading.default\">\n\t\t\t\t\t<h6 class=\"elementor-heading-title elementor-size-default\">Lietuvos \u0161vietimo ir mokslo profesin\u0117 s\u0105junga (LESTU)<\/h6>\t\t\t\t<\/div>\n\t\t\t\t<div class=\"elementor-element elementor-element-9d24975 elementor-widget elementor-widget-heading\" data-id=\"9d24975\" data-element_type=\"widget\" data-widget_type=\"heading.default\">\n\t\t\t\t\t<h6 class=\"elementor-heading-title elementor-size-default\">Litvanija \ud83c\uddf1\ud83c\uddf9<\/h6>\t\t\t\t<\/div>\n\t\t\t\t<div class=\"elementor-element elementor-element-f15a3aa elementor-widget elementor-widget-button\" data-id=\"f15a3aa\" data-element_type=\"widget\" data-widget_type=\"button.default\">\n\t\t\t\t\t\t\t\t\t\t<a class=\"elementor-button elementor-button-link elementor-size-sm elementor-animation-grow\" href=\"https:\/\/digitalecec.eu\/sr\/partneri\/lietuvos-svietimo-ir-mokslo-profesine-sajunga-lestu\/\">\n\t\t\t\t\t\t<span class=\"elementor-button-content-wrapper\">\n\t\t\t\t\t\t\t\t\t<span class=\"elementor-button-text\">pro\u010ditaj vi\u0161e<\/span>\n\t\t\t\t\t<\/span>\n\t\t\t\t\t<\/a>\n\t\t\t\t\t\t\t\t<\/div>\n\t\t\t\t<\/div>\n\t\t<div class=\"elementor-element elementor-element-b7f21d8 e-con-full e-flex e-con e-child\" data-id=\"b7f21d8\" data-element_type=\"container\" data-settings=\"{&quot;background_background&quot;:&quot;classic&quot;}\">\n\t\t\t\t<div class=\"elementor-element elementor-element-3b41760 elementor-widget elementor-widget-image\" data-id=\"3b41760\" data-element_type=\"widget\" data-widget_type=\"image.default\">\n\t\t\t\t\t\t\t\t\t\t\t\t\t\t\t<img loading=\"lazy\" decoding=\"async\" width=\"600\" height=\"400\" src=\"https:\/\/digitalecec.eu\/wp-content\/uploads\/2026\/01\/p-consulting-logo-600x400-1.png\" class=\"attachment-large size-large wp-image-960\" alt=\"\" srcset=\"https:\/\/digitalecec.eu\/wp-content\/uploads\/2026\/01\/p-consulting-logo-600x400-1.png 600w, https:\/\/digitalecec.eu\/wp-content\/uploads\/2026\/01\/p-consulting-logo-600x400-1-300x200.png 300w\" sizes=\"(max-width: 600px) 100vw, 600px\" \/>\t\t\t\t\t\t\t\t\t\t\t\t\t\t\t<\/div>\n\t\t\t\t<div class=\"elementor-element elementor-element-1e0d56c elementor-widget elementor-widget-heading\" data-id=\"1e0d56c\" data-element_type=\"widget\" data-widget_type=\"heading.default\">\n\t\t\t\t\t<h6 class=\"elementor-heading-title elementor-size-default\">p-consulting.gr <\/h6>\t\t\t\t<\/div>\n\t\t\t\t<div class=\"elementor-element elementor-element-4c4d473 elementor-widget elementor-widget-heading\" data-id=\"4c4d473\" data-element_type=\"widget\" data-widget_type=\"heading.default\">\n\t\t\t\t\t<h6 class=\"elementor-heading-title elementor-size-default\">Gr\u010dka \ud83c\uddec\ud83c\uddf7<\/h6>\t\t\t\t<\/div>\n\t\t\t\t<div class=\"elementor-element elementor-element-f3b6ef4 elementor-widget elementor-widget-button\" data-id=\"f3b6ef4\" data-element_type=\"widget\" data-widget_type=\"button.default\">\n\t\t\t\t\t\t\t\t\t\t<a class=\"elementor-button elementor-button-link elementor-size-sm elementor-animation-grow\" href=\"https:\/\/digitalecec.eu\/sr\/partneri\/p-consulting-gr\/\">\n\t\t\t\t\t\t<span class=\"elementor-button-content-wrapper\">\n\t\t\t\t\t\t\t\t\t<span class=\"elementor-button-text\">pro\u010ditaj vi\u0161e<\/span>\n\t\t\t\t\t<\/span>\n\t\t\t\t\t<\/a>\n\t\t\t\t\t\t\t\t<\/div>\n\t\t\t\t<\/div>\n\t\t<div class=\"elementor-element elementor-element-404746a e-con-full e-flex e-con e-child\" data-id=\"404746a\" data-element_type=\"container\" data-settings=\"{&quot;background_background&quot;:&quot;classic&quot;}\">\n\t\t\t\t<div class=\"elementor-element elementor-element-47737d3 elementor-widget elementor-widget-image\" data-id=\"47737d3\" data-element_type=\"widget\" data-widget_type=\"image.default\">\n\t\t\t\t\t\t\t\t\t\t\t\t\t\t\t<img loading=\"lazy\" decoding=\"async\" width=\"600\" height=\"400\" src=\"https:\/\/digitalecec.eu\/wp-content\/uploads\/2026\/02\/kotronis_logo_en_600x400.png\" class=\"attachment-large size-large wp-image-1220\" alt=\"\" srcset=\"https:\/\/digitalecec.eu\/wp-content\/uploads\/2026\/02\/kotronis_logo_en_600x400.png 600w, https:\/\/digitalecec.eu\/wp-content\/uploads\/2026\/02\/kotronis_logo_en_600x400-300x200.png 300w\" sizes=\"(max-width: 600px) 100vw, 600px\" \/>\t\t\t\t\t\t\t\t\t\t\t\t\t\t\t<\/div>\n\t\t\t\t<div class=\"elementor-element elementor-element-c52cd9e elementor-widget elementor-widget-heading\" data-id=\"c52cd9e\" data-element_type=\"widget\" data-widget_type=\"heading.default\">\n\t\t\t\t\t<h6 class=\"elementor-heading-title elementor-size-default\">EKPAIDEITIRIA DITIKIS ELLADOS POJEDINA\u010cNI \u010cLAN P.C.<\/h6>\t\t\t\t<\/div>\n\t\t\t\t<div class=\"elementor-element elementor-element-7a9e1d9 elementor-widget elementor-widget-heading\" data-id=\"7a9e1d9\" data-element_type=\"widget\" data-widget_type=\"heading.default\">\n\t\t\t\t\t<h6 class=\"elementor-heading-title elementor-size-default\">Gr\u010dka \ud83c\uddec\ud83c\uddf7<\/h6>\t\t\t\t<\/div>\n\t\t\t\t<div class=\"elementor-element elementor-element-2218ad3 elementor-widget elementor-widget-button\" data-id=\"2218ad3\" data-element_type=\"widget\" data-widget_type=\"button.default\">\n\t\t\t\t\t\t\t\t\t\t<a class=\"elementor-button elementor-button-link elementor-size-sm elementor-animation-grow\" href=\"https:\/\/digitalecec.eu\/sr\/partneri\/ekpaideitiria-ditikis-ellados-pojedinacni-clan-p-c\/\">\n\t\t\t\t\t\t<span class=\"elementor-button-content-wrapper\">\n\t\t\t\t\t\t\t\t\t<span class=\"elementor-button-text\">pro\u010ditaj vi\u0161e<\/span>\n\t\t\t\t\t<\/span>\n\t\t\t\t\t<\/a>\n\t\t\t\t\t\t\t\t<\/div>\n\t\t\t\t<\/div>\n\t\t\t\t<\/div>\n\t\t<div class=\"elementor-element elementor-element-79eb263 e-con-full e-flex e-con e-child\" data-id=\"79eb263\" data-element_type=\"container\">\n\t\t<div class=\"elementor-element elementor-element-e70c79d e-con-full e-flex e-con e-child\" data-id=\"e70c79d\" data-element_type=\"container\" data-settings=\"{&quot;background_background&quot;:&quot;classic&quot;}\">\n\t\t\t\t<div class=\"elementor-element elementor-element-e2015da elementor-widget elementor-widget-image\" data-id=\"e2015da\" data-element_type=\"widget\" data-widget_type=\"image.default\">\n\t\t\t\t\t\t\t\t\t\t\t\t\t\t\t<img loading=\"lazy\" decoding=\"async\" width=\"600\" height=\"400\" src=\"https:\/\/digitalecec.eu\/wp-content\/uploads\/2026\/01\/pomoc-logo-600x400-1.png\" class=\"attachment-large size-large wp-image-964\" alt=\"\" srcset=\"https:\/\/digitalecec.eu\/wp-content\/uploads\/2026\/01\/pomoc-logo-600x400-1.png 600w, https:\/\/digitalecec.eu\/wp-content\/uploads\/2026\/01\/pomoc-logo-600x400-1-300x200.png 300w\" sizes=\"(max-width: 600px) 100vw, 600px\" \/>\t\t\t\t\t\t\t\t\t\t\t\t\t\t\t<\/div>\n\t\t\t\t<div class=\"elementor-element elementor-element-8c7a479 elementor-widget elementor-widget-heading\" data-id=\"8c7a479\" data-element_type=\"widget\" data-widget_type=\"heading.default\">\n\t\t\t\t\t<h6 class=\"elementor-heading-title elementor-size-default\">POMOC DECI UDRUZENJE GRADJANA<\/h6>\t\t\t\t<\/div>\n\t\t\t\t<div class=\"elementor-element elementor-element-1228e67 elementor-widget elementor-widget-heading\" data-id=\"1228e67\" data-element_type=\"widget\" data-widget_type=\"heading.default\">\n\t\t\t\t\t<h6 class=\"elementor-heading-title elementor-size-default\">Srbija \ud83c\uddf7\ud83c\uddf8<\/h6>\t\t\t\t<\/div>\n\t\t\t\t<div class=\"elementor-element elementor-element-628d29f elementor-widget elementor-widget-button\" data-id=\"628d29f\" data-element_type=\"widget\" data-widget_type=\"button.default\">\n\t\t\t\t\t\t\t\t\t\t<a class=\"elementor-button elementor-button-link elementor-size-sm elementor-animation-grow\" href=\"https:\/\/digitalecec.eu\/sr\/partneri\/pomoc-deci-udruzenje-gradjana\/\">\n\t\t\t\t\t\t<span class=\"elementor-button-content-wrapper\">\n\t\t\t\t\t\t\t\t\t<span class=\"elementor-button-text\">pro\u010ditaj vi\u0161e<\/span>\n\t\t\t\t\t<\/span>\n\t\t\t\t\t<\/a>\n\t\t\t\t\t\t\t\t<\/div>\n\t\t\t\t<\/div>\n\t\t<div class=\"elementor-element elementor-element-bb0b8f9 e-con-full e-flex e-con e-child\" data-id=\"bb0b8f9\" data-element_type=\"container\" data-settings=\"{&quot;background_background&quot;:&quot;classic&quot;}\">\n\t\t\t\t<div class=\"elementor-element elementor-element-5cddd1d elementor-widget elementor-widget-image\" data-id=\"5cddd1d\" data-element_type=\"widget\" data-widget_type=\"image.default\">\n\t\t\t\t\t\t\t\t\t\t\t\t\t\t\t<img loading=\"lazy\" decoding=\"async\" width=\"600\" height=\"400\" src=\"https:\/\/digitalecec.eu\/wp-content\/uploads\/2026\/01\/Ser1-logo-600x400-1.png\" class=\"attachment-large size-large wp-image-1048\" alt=\"\" srcset=\"https:\/\/digitalecec.eu\/wp-content\/uploads\/2026\/01\/Ser1-logo-600x400-1.png 600w, https:\/\/digitalecec.eu\/wp-content\/uploads\/2026\/01\/Ser1-logo-600x400-1-300x200.png 300w\" sizes=\"(max-width: 600px) 100vw, 600px\" \/>\t\t\t\t\t\t\t\t\t\t\t\t\t\t\t<\/div>\n\t\t\t\t<div class=\"elementor-element elementor-element-74c7fee elementor-widget elementor-widget-heading\" data-id=\"74c7fee\" data-element_type=\"widget\" data-widget_type=\"heading.default\">\n\t\t\t\t\t<h6 class=\"elementor-heading-title elementor-size-default\">Decja radost <\/h6>\t\t\t\t<\/div>\n\t\t\t\t<div class=\"elementor-element elementor-element-2a91ac6 elementor-widget elementor-widget-heading\" data-id=\"2a91ac6\" data-element_type=\"widget\" data-widget_type=\"heading.default\">\n\t\t\t\t\t<h6 class=\"elementor-heading-title elementor-size-default\">Srbija \ud83c\uddf7\ud83c\uddf8<\/h6>\t\t\t\t<\/div>\n\t\t\t\t<div class=\"elementor-element elementor-element-7fd3dfb elementor-widget elementor-widget-button\" data-id=\"7fd3dfb\" data-element_type=\"widget\" data-widget_type=\"button.default\">\n\t\t\t\t\t\t\t\t\t\t<a class=\"elementor-button elementor-button-link elementor-size-sm elementor-animation-grow\" href=\"https:\/\/digitalecec.eu\/sr\/partneri\/decja-radost\/\">\n\t\t\t\t\t\t<span class=\"elementor-button-content-wrapper\">\n\t\t\t\t\t\t\t\t\t<span class=\"elementor-button-text\">pro\u010ditaj vi\u0161e<\/span>\n\t\t\t\t\t<\/span>\n\t\t\t\t\t<\/a>\n\t\t\t\t\t\t\t\t<\/div>\n\t\t\t\t<\/div>\n\t\t<div class=\"elementor-element elementor-element-0efd094 e-con-full e-flex e-con e-child\" data-id=\"0efd094\" data-element_type=\"container\" data-settings=\"{&quot;background_background&quot;:&quot;classic&quot;}\">\n\t\t\t\t<div class=\"elementor-element elementor-element-2a0b1a0 elementor-widget elementor-widget-image\" data-id=\"2a0b1a0\" data-element_type=\"widget\" data-widget_type=\"image.default\">\n\t\t\t\t\t\t\t\t\t\t\t\t\t\t\t<img loading=\"lazy\" decoding=\"async\" width=\"600\" height=\"400\" src=\"https:\/\/digitalecec.eu\/wp-content\/uploads\/2026\/01\/Forma-azione-logo-600x400-1.png\" class=\"attachment-large size-large wp-image-944\" alt=\"\" srcset=\"https:\/\/digitalecec.eu\/wp-content\/uploads\/2026\/01\/Forma-azione-logo-600x400-1.png 600w, https:\/\/digitalecec.eu\/wp-content\/uploads\/2026\/01\/Forma-azione-logo-600x400-1-300x200.png 300w\" sizes=\"(max-width: 600px) 100vw, 600px\" \/>\t\t\t\t\t\t\t\t\t\t\t\t\t\t\t<\/div>\n\t\t\t\t<div class=\"elementor-element elementor-element-c921f20 elementor-widget elementor-widget-heading\" data-id=\"c921f20\" data-element_type=\"widget\" data-widget_type=\"heading.default\">\n\t\t\t\t\t<h6 class=\"elementor-heading-title elementor-size-default\">FORMA.Azione<\/h6>\t\t\t\t<\/div>\n\t\t\t\t<div class=\"elementor-element elementor-element-3b50b46 elementor-widget elementor-widget-heading\" data-id=\"3b50b46\" data-element_type=\"widget\" data-widget_type=\"heading.default\">\n\t\t\t\t\t<h6 class=\"elementor-heading-title elementor-size-default\">Italija \ud83c\uddee\ud83c\uddf9<\/h6>\t\t\t\t<\/div>\n\t\t\t\t<div class=\"elementor-element elementor-element-d950205 elementor-widget elementor-widget-button\" data-id=\"d950205\" data-element_type=\"widget\" data-widget_type=\"button.default\">\n\t\t\t\t\t\t\t\t\t\t<a class=\"elementor-button elementor-button-link elementor-size-sm elementor-animation-grow\" href=\"https:\/\/digitalecec.eu\/sr\/partneri\/forma-azione\/\">\n\t\t\t\t\t\t<span class=\"elementor-button-content-wrapper\">\n\t\t\t\t\t\t\t\t\t<span class=\"elementor-button-text\">pro\u010ditaj vi\u0161e<\/span>\n\t\t\t\t\t<\/span>\n\t\t\t\t\t<\/a>\n\t\t\t\t\t\t\t\t<\/div>\n\t\t\t\t<\/div>\n\t\t<div class=\"elementor-element elementor-element-a592588 e-con-full e-flex e-con e-child\" data-id=\"a592588\" data-element_type=\"container\" data-settings=\"{&quot;background_background&quot;:&quot;classic&quot;}\">\n\t\t\t\t<div class=\"elementor-element elementor-element-e01512e elementor-widget elementor-widget-image\" data-id=\"e01512e\" data-element_type=\"widget\" data-widget_type=\"image.default\">\n\t\t\t\t\t\t\t\t\t\t\t\t\t\t\t<img loading=\"lazy\" decoding=\"async\" width=\"600\" height=\"400\" src=\"https:\/\/digitalecec.eu\/wp-content\/uploads\/2026\/01\/Santa-Croce-logo-600x400-1.png\" class=\"attachment-large size-large wp-image-968\" alt=\"\" srcset=\"https:\/\/digitalecec.eu\/wp-content\/uploads\/2026\/01\/Santa-Croce-logo-600x400-1.png 600w, https:\/\/digitalecec.eu\/wp-content\/uploads\/2026\/01\/Santa-Croce-logo-600x400-1-300x200.png 300w\" sizes=\"(max-width: 600px) 100vw, 600px\" \/>\t\t\t\t\t\t\t\t\t\t\t\t\t\t\t<\/div>\n\t\t\t\t<div class=\"elementor-element elementor-element-de2e334 elementor-widget elementor-widget-heading\" data-id=\"de2e334\" data-element_type=\"widget\" data-widget_type=\"heading.default\">\n\t\t\t\t\t<h6 class=\"elementor-heading-title elementor-size-default\">Scuola dell'Infanzia Santa Croce \u2013 Casa dei Bambini Maria Montessori<\/h6>\t\t\t\t<\/div>\n\t\t\t\t<div class=\"elementor-element elementor-element-cfe6d55 elementor-widget elementor-widget-heading\" data-id=\"cfe6d55\" data-element_type=\"widget\" data-widget_type=\"heading.default\">\n\t\t\t\t\t<h6 class=\"elementor-heading-title elementor-size-default\">Italija \ud83c\uddee\ud83c\uddf9<\/h6>\t\t\t\t<\/div>\n\t\t\t\t<div class=\"elementor-element elementor-element-07b4d9e elementor-widget elementor-widget-button\" data-id=\"07b4d9e\" data-element_type=\"widget\" data-widget_type=\"button.default\">\n\t\t\t\t\t\t\t\t\t\t<a class=\"elementor-button elementor-button-link elementor-size-sm elementor-animation-grow\" href=\"https:\/\/digitalecec.eu\/sr\/partneri\/scuola-dellinfanzia-santa-croce-casa-dei-bambini-maria-montessori\/\">\n\t\t\t\t\t\t<span class=\"elementor-button-content-wrapper\">\n\t\t\t\t\t\t\t\t\t<span class=\"elementor-button-text\">pro\u010ditaj vi\u0161e<\/span>\n\t\t\t\t\t<\/span>\n\t\t\t\t\t<\/a>\n\t\t\t\t\t\t\t\t<\/div>\n\t\t\t\t<\/div>\n\t\t\t\t<\/div>\n\t\t\t\t\t<\/div>\n\t\t\t\t<\/div>\n\t\t\t\t<\/div>\n\t\t","protected":false},"excerpt":{"rendered":"<p>Partneri Marijampol\u0117s vaik\u0173 lop\u0161elis-dar\u017eelis Litvanija \ud83c\uddf1\ud83c\uddf9 pro\u010ditaj vi\u0161e Lietuvos \u0161vietimo ir mokslo profesin\u0117 s\u0105junga (LESTU) Litvanija \ud83c\uddf1\ud83c\uddf9 pro\u010ditaj vi\u0161e p-consulting.gr Gr\u010dka \ud83c\uddec\ud83c\uddf7 pro\u010ditaj vi\u0161e EKPAIDEITIRIA DITIKIS ELLADOS POJEDINA\u010cNI \u010cLAN P.C. Gr\u010dka \ud83c\uddec\ud83c\uddf7 pro\u010ditaj vi\u0161e POMOC DECI UDRUZENJE GRADJANA Srbija \ud83c\uddf7\ud83c\uddf8 pro\u010ditaj vi\u0161e Decja radost Srbija \ud83c\uddf7\ud83c\uddf8 pro\u010ditaj vi\u0161e FORMA.Azione Italija \ud83c\uddee\ud83c\uddf9 pro\u010ditaj vi\u0161e Scuola dell&#8217;Infanzia [&hellip;]<\/p>\n","protected":false},"author":3,"featured_media":1172,"parent":0,"menu_order":0,"comment_status":"closed","ping_status":"closed","template":"","meta":{"footnotes":""},"class_list":["post-1631","page","type-page","status-publish","has-post-thumbnail","hentry"],"_links":{"self":[{"href":"https:\/\/digitalecec.eu\/sr\/wp-json\/wp\/v2\/pages\/1631","targetHints":{"allow":["GET"]}}],"collection":[{"href":"https:\/\/digitalecec.eu\/sr\/wp-json\/wp\/v2\/pages"}],"about":[{"href":"https:\/\/digitalecec.eu\/sr\/wp-json\/wp\/v2\/types\/page"}],"author":[{"embeddable":true,"href":"https:\/\/digitalecec.eu\/sr\/wp-json\/wp\/v2\/users\/3"}],"replies":[{"embeddable":true,"href":"https:\/\/digitalecec.eu\/sr\/wp-json\/wp\/v2\/comments?post=1631"}],"version-history":[{"count":1,"href":"https:\/\/digitalecec.eu\/sr\/wp-json\/wp\/v2\/pages\/1631\/revisions"}],"predecessor-version":[{"id":1632,"href":"https:\/\/digitalecec.eu\/sr\/wp-json\/wp\/v2\/pages\/1631\/revisions\/1632"}],"wp:featuredmedia":[{"embeddable":true,"href":"https:\/\/digitalecec.eu\/sr\/wp-json\/wp\/v2\/media\/1172"}],"wp:attachment":[{"href":"https:\/\/digitalecec.eu\/sr\/wp-json\/wp\/v2\/media?parent=1631"}],"curies":[{"name":"wp","href":"https:\/\/api.w.org\/{rel}","templated":true}]}}