{"id":1642,"date":"2026-04-01T11:53:51","date_gmt":"2026-04-01T11:53:51","guid":{"rendered":"https:\/\/digitalecec.eu\/o-nama\/"},"modified":"2026-04-07T08:45:05","modified_gmt":"2026-04-07T08:45:05","slug":"o-nama","status":"publish","type":"page","link":"https:\/\/digitalecec.eu\/sr\/o-nama\/","title":{"rendered":"O nama"},"content":{"rendered":"\t\t<div data-elementor-type=\"wp-page\" data-elementor-id=\"1642\" class=\"elementor elementor-1642 elementor-70\" data-elementor-post-type=\"page\">\n\t\t\t\t<div class=\"elementor-element elementor-element-260e709 e-flex e-con-boxed e-con e-parent\" data-id=\"260e709\" data-element_type=\"container\">\n\t\t\t\t\t<div class=\"e-con-inner\">\n\t\t\t\t<div class=\"elementor-element elementor-element-4d35e0d elementor-widget elementor-widget-image\" data-id=\"4d35e0d\" data-element_type=\"widget\" data-widget_type=\"image.default\">\n\t\t\t\t\t\t\t\t\t\t\t\t\t\t\t<img fetchpriority=\"high\" decoding=\"async\" width=\"800\" height=\"527\" src=\"https:\/\/digitalecec.eu\/wp-content\/uploads\/2026\/01\/Digital-ECEC2-about-image.png\" class=\"attachment-large size-large wp-image-1128\" alt=\"\" srcset=\"https:\/\/digitalecec.eu\/wp-content\/uploads\/2026\/01\/Digital-ECEC2-about-image.png 1021w, https:\/\/digitalecec.eu\/wp-content\/uploads\/2026\/01\/Digital-ECEC2-about-image-300x197.png 300w, https:\/\/digitalecec.eu\/wp-content\/uploads\/2026\/01\/Digital-ECEC2-about-image-768x505.png 768w\" sizes=\"(max-width: 800px) 100vw, 800px\" \/>\t\t\t\t\t\t\t\t\t\t\t\t\t\t\t<\/div>\n\t\t\t\t<div class=\"elementor-element elementor-element-bfc2d3a elementor-widget elementor-widget-heading\" data-id=\"bfc2d3a\" data-element_type=\"widget\" data-widget_type=\"heading.default\">\n\t\t\t\t\t<h2 class=\"elementor-heading-title elementor-size-default\">O nama<\/h2>\t\t\t\t<\/div>\n\t\t\t\t\t<\/div>\n\t\t\t\t<\/div>\n\t\t<div class=\"elementor-element elementor-element-4a797b6 e-flex e-con-boxed e-con e-parent\" data-id=\"4a797b6\" data-element_type=\"container\">\n\t\t\t\t\t<div class=\"e-con-inner\">\n\t\t<div class=\"elementor-element elementor-element-c30fce2 e-con-full e-flex e-con e-child\" data-id=\"c30fce2\" data-element_type=\"container\">\n\t\t<div class=\"elementor-element elementor-element-261aba1 e-con-full e-flex e-con e-child\" data-id=\"261aba1\" data-element_type=\"container\">\n\t\t\t\t<div class=\"elementor-element elementor-element-4cd1f09 elementor-widget elementor-widget-heading\" data-id=\"4cd1f09\" data-element_type=\"widget\" data-widget_type=\"heading.default\">\n\t\t\t\t\t<h4 class=\"elementor-heading-title elementor-size-default\">Potreba<\/h4>\t\t\t\t<\/div>\n\t\t\t\t<div class=\"elementor-element elementor-element-b9be768 elementor-widget elementor-widget-text-editor\" data-id=\"b9be768\" data-element_type=\"widget\" data-widget_type=\"text-editor.default\">\n\t\t\t\t\t\t\t\t\t<p>Rano obrazovanje je sve vi\u0161e pod uticajem digitalnih tehnologija i ve\u0161ta\u010dke inteligencije. AI ve\u0107 oblikuje na\u010din na koji se kreira obrazovni sadr\u017eaj, kako se upravlja Ustanovama i kako deca stupaju u interakciju sa digitalnim okru\u017eenjem. Me\u0111utim, mnogi vaspita\u010di, rukovodioci ustanova i roditelji nisu dovoljno pripremljeni da razumeju ili koriste ove tehnologije na bezbedan i smislen na\u010din.<\/p><p>Postoji jasan jaz izme\u0111u brzog razvoja AI alata i prakti\u010dnog znanja dostupnog onima koji rade u oblasti ranog obrazovanja. Vaspita\u010dima \u010desto nedostaje strukturisana obuka o pristupima u\u010denju zasnovanim na ve\u0161ta\u010dkoj inteligenciji, dok je rukovodiocima ustanova potrebna podr\u0161ka u razumevanju kako AI mo\u017ee pomo\u0107i u svakodnevnim upravlja\u010dkim zadacima. Istovremeno, roditelji tra\u017ee pouzdane informacije o digitalnoj bezbednosti i odgovornoj upotrebi AI kako bi bolje podr\u017eali svoju decu kod ku\u0107e.<\/p><p>Digital ECEC 2 direktno odgovara na ovaj jaz. Projekat prepoznaje da su ranom obrazovanju potrebna prilago\u0111ena, uzrastu primerena i eti\u010dki zasnovana AI re\u0161enja. Umesto uvo\u0111enja tehnologije radi same tehnologije, Digital ECEC 2 se fokusira na pomo\u0107 vaspita\u010dima i porodicama da razumeju kako AI mo\u017ee podr\u017eati u\u010denje, inkluziju, dobrobit i kvalitetno obrazovanje, uz puno po\u0161tovanje razvojnih potreba dece.<\/p>\t\t\t\t\t\t\t\t<\/div>\n\t\t\t\t<\/div>\n\t\t<div class=\"elementor-element elementor-element-4689d06 e-con-full e-flex e-con e-child\" data-id=\"4689d06\" data-element_type=\"container\">\n\t\t\t\t<div class=\"elementor-element elementor-element-2ff3fb1 elementor-widget elementor-widget-image\" data-id=\"2ff3fb1\" data-element_type=\"widget\" data-widget_type=\"image.default\">\n\t\t\t\t\t\t\t\t\t\t\t\t\t\t\t<img decoding=\"async\" width=\"800\" height=\"527\" src=\"https:\/\/digitalecec.eu\/wp-content\/uploads\/2026\/01\/Digital-ECEC2-about2-image.png\" class=\"attachment-large size-large wp-image-1140\" alt=\"\" srcset=\"https:\/\/digitalecec.eu\/wp-content\/uploads\/2026\/01\/Digital-ECEC2-about2-image.png 1021w, https:\/\/digitalecec.eu\/wp-content\/uploads\/2026\/01\/Digital-ECEC2-about2-image-300x197.png 300w, https:\/\/digitalecec.eu\/wp-content\/uploads\/2026\/01\/Digital-ECEC2-about2-image-768x505.png 768w\" sizes=\"(max-width: 800px) 100vw, 800px\" \/>\t\t\t\t\t\t\t\t\t\t\t\t\t\t\t<\/div>\n\t\t\t\t<\/div>\n\t\t\t\t<\/div>\n\t\t<div class=\"elementor-element elementor-element-814146f e-con-full e-flex e-con e-child\" data-id=\"814146f\" data-element_type=\"container\">\n\t\t<div class=\"elementor-element elementor-element-9f4e3c3 e-con-full e-flex e-con e-child\" data-id=\"9f4e3c3\" data-element_type=\"container\">\n\t\t\t\t<div class=\"elementor-element elementor-element-356d465 elementor-widget elementor-widget-heading\" data-id=\"356d465\" data-element_type=\"widget\" data-widget_type=\"heading.default\">\n\t\t\t\t\t<h4 class=\"elementor-heading-title elementor-size-default\">Cilj<\/h4>\t\t\t\t<\/div>\n\t\t\t\t<div class=\"elementor-element elementor-element-f3215eb elementor-widget elementor-widget-text-editor\" data-id=\"f3215eb\" data-element_type=\"widget\" data-widget_type=\"text-editor.default\">\n\t\t\t\t\t\t\t\t\t<p>Cilj projekta Digital ECEC 2 je da podr\u017ei rano obrazovanje u snala\u017eenju u digitalnoj transformaciji sa sigurno\u0161\u0107u, jasno\u0107om i odgovorno\u0161\u0107u. Projekat nastoji da ve\u0161ta\u010dku inteligenciju u\u010dini pristupa\u010dnom i korisnom za vaspita\u010de, rukovodioce ustanova i roditelje, bez naru\u0161avanja principa obrazovanja usmerenog na dete.<\/p><p>Digital ECEC 2 promovi\u0161e promi\u0161ljenu integraciju AI u pred\u0161kolske ustanove, obezbe\u0111uju\u0107i da tehnologija podr\u017eava pedago\u0161ke ciljeve, unapre\u0111uje iskustva u\u010denja i pojednostavljuje \u0161kolske procese. Poseban akcenat stavlja se na eti\u010dku upotrebu, digitalno blagostanje i inkluzivnost, kako bi AI postala pozitivan alat, a ne izvor zabrinutosti ili nejednakosti.<\/p><p>Kombinovanjem obuka, prakti\u010dnih alata i jasnih smernica, projekat te\u017ei da razvije uravnote\u017een pristup primeni AI u ranom obrazovanju \u2014 pristup koji osna\u017euje vaspita\u010de, uklju\u010duje porodice i stavlja razvoj deteta u sredi\u0161te svake digitalne odluke.<\/p>\t\t\t\t\t\t\t\t<\/div>\n\t\t\t\t<\/div>\n\t\t<div class=\"elementor-element elementor-element-28d0edd e-con-full e-flex e-con e-child\" data-id=\"28d0edd\" data-element_type=\"container\">\n\t\t\t\t<div class=\"elementor-element elementor-element-055b83b elementor-widget elementor-widget-image\" data-id=\"055b83b\" data-element_type=\"widget\" data-widget_type=\"image.default\">\n\t\t\t\t\t\t\t\t\t\t\t\t\t\t\t<img decoding=\"async\" width=\"800\" height=\"527\" src=\"https:\/\/digitalecec.eu\/wp-content\/uploads\/2026\/01\/Digital-ECEC2-about3-image.png\" class=\"attachment-large size-large wp-image-1136\" alt=\"\" srcset=\"https:\/\/digitalecec.eu\/wp-content\/uploads\/2026\/01\/Digital-ECEC2-about3-image.png 1021w, https:\/\/digitalecec.eu\/wp-content\/uploads\/2026\/01\/Digital-ECEC2-about3-image-300x197.png 300w, https:\/\/digitalecec.eu\/wp-content\/uploads\/2026\/01\/Digital-ECEC2-about3-image-768x505.png 768w\" sizes=\"(max-width: 800px) 100vw, 800px\" \/>\t\t\t\t\t\t\t\t\t\t\t\t\t\t\t<\/div>\n\t\t\t\t<\/div>\n\t\t\t\t<\/div>\n\t\t<div class=\"elementor-element elementor-element-ea4bf2a e-con-full e-flex e-con e-child\" data-id=\"ea4bf2a\" data-element_type=\"container\">\n\t\t<div class=\"elementor-element elementor-element-dc23fd6 e-con-full e-flex e-con e-child\" data-id=\"dc23fd6\" data-element_type=\"container\">\n\t\t\t\t<div class=\"elementor-element elementor-element-6207229 elementor-widget elementor-widget-heading\" data-id=\"6207229\" data-element_type=\"widget\" data-widget_type=\"heading.default\">\n\t\t\t\t\t<h4 class=\"elementor-heading-title elementor-size-default\">Ciljevi<\/h4>\t\t\t\t<\/div>\n\t\t\t\t<div class=\"elementor-element elementor-element-8626fa2 elementor-widget elementor-widget-text-editor\" data-id=\"8626fa2\" data-element_type=\"widget\" data-widget_type=\"text-editor.default\">\n\t\t\t\t\t\t\t\t\t<p>Digital ECEC 2 ostvaruje skup jasnih i me\u0111usobno povezanih ciljeva koji odgovaraju stvarnim potrebama u ranom obrazovanju:<\/p>\t\t\t\t\t\t\t\t<\/div>\n\t\t\t\t<div class=\"elementor-element elementor-element-29df2f9 elementor-icon-list--layout-traditional elementor-list-item-link-full_width elementor-widget elementor-widget-icon-list\" data-id=\"29df2f9\" data-element_type=\"widget\" data-widget_type=\"icon-list.default\">\n\t\t\t\t\t\t\t<ul class=\"elementor-icon-list-items\">\n\t\t\t\t\t\t\t<li class=\"elementor-icon-list-item\">\n\t\t\t\t\t\t\t\t\t\t\t<span class=\"elementor-icon-list-icon\">\n\t\t\t\t\t\t\t<svg aria-hidden=\"true\" class=\"e-font-icon-svg e-fas-check-square\" viewBox=\"0 0 448 512\" xmlns=\"http:\/\/www.w3.org\/2000\/svg\"><path d=\"M400 480H48c-26.51 0-48-21.49-48-48V80c0-26.51 21.49-48 48-48h352c26.51 0 48 21.49 48 48v352c0 26.51-21.49 48-48 48zm-204.686-98.059l184-184c6.248-6.248 6.248-16.379 0-22.627l-22.627-22.627c-6.248-6.248-16.379-6.249-22.628 0L184 302.745l-70.059-70.059c-6.248-6.248-16.379-6.248-22.628 0l-22.627 22.627c-6.248 6.248-6.248 16.379 0 22.627l104 104c6.249 6.25 16.379 6.25 22.628.001z\"><\/path><\/svg>\t\t\t\t\t\t<\/span>\n\t\t\t\t\t\t\t\t\t\t<span class=\"elementor-icon-list-text\">Osna\u017eiti vaspita\u010de, rukovodioce ustanova, roditelje i studente pedagogije klju\u010dnim znanjima i prakti\u010dnim ve\u0161tinama u vezi sa ve\u0161ta\u010dkom inteligencijom, kako bi mogli da je razumeju i primenjuju u nastavi, u\u010denju, razvoju dece i svakodnevnom radu.<\/span>\n\t\t\t\t\t\t\t\t\t<\/li>\n\t\t\t\t\t\t\t\t<li class=\"elementor-icon-list-item\">\n\t\t\t\t\t\t\t\t\t\t\t<span class=\"elementor-icon-list-icon\">\n\t\t\t\t\t\t\t<svg aria-hidden=\"true\" class=\"e-font-icon-svg e-fas-check-square\" viewBox=\"0 0 448 512\" xmlns=\"http:\/\/www.w3.org\/2000\/svg\"><path d=\"M400 480H48c-26.51 0-48-21.49-48-48V80c0-26.51 21.49-48 48-48h352c26.51 0 48 21.49 48 48v352c0 26.51-21.49 48-48 48zm-204.686-98.059l184-184c6.248-6.248 6.248-16.379 0-22.627l-22.627-22.627c-6.248-6.248-16.379-6.249-22.628 0L184 302.745l-70.059-70.059c-6.248-6.248-16.379-6.248-22.628 0l-22.627 22.627c-6.248 6.248-6.248 16.379 0 22.627l104 104c6.249 6.25 16.379 6.25 22.628.001z\"><\/path><\/svg>\t\t\t\t\t\t<\/span>\n\t\t\t\t\t\t\t\t\t\t<span class=\"elementor-icon-list-text\">Razviti, testirati i podeliti pedago\u0161ke alate unapre\u0111ene ve\u0161ta\u010dkom inteligencijom koji podr\u017eavaju personalizovano u\u010denje, razvoj jezika, emocionalni razvoj, anga\u017eovanost i inkluziju kod dece.<\/span>\n\t\t\t\t\t\t\t\t\t<\/li>\n\t\t\t\t\t\t\t\t<li class=\"elementor-icon-list-item\">\n\t\t\t\t\t\t\t\t\t\t\t<span class=\"elementor-icon-list-icon\">\n\t\t\t\t\t\t\t<svg aria-hidden=\"true\" class=\"e-font-icon-svg e-fas-check-square\" viewBox=\"0 0 448 512\" xmlns=\"http:\/\/www.w3.org\/2000\/svg\"><path d=\"M400 480H48c-26.51 0-48-21.49-48-48V80c0-26.51 21.49-48 48-48h352c26.51 0 48 21.49 48 48v352c0 26.51-21.49 48-48 48zm-204.686-98.059l184-184c6.248-6.248 6.248-16.379 0-22.627l-22.627-22.627c-6.248-6.248-16.379-6.249-22.628 0L184 302.745l-70.059-70.059c-6.248-6.248-16.379-6.248-22.628 0l-22.627 22.627c-6.248 6.248-6.248 16.379 0 22.627l104 104c6.249 6.25 16.379 6.25 22.628.001z\"><\/path><\/svg>\t\t\t\t\t\t<\/span>\n\t\t\t\t\t\t\t\t\t\t<span class=\"elementor-icon-list-text\">Uvesti AI re\u0161enja koja podr\u017eavaju upravljanje i administraciju u ranom obrazovanju, poma\u017eu\u0107i ustanovama da unaprede planiranje, organizaciju i dono\u0161enje odluka, uz smanjenje administrativnog optere\u0107enja.<\/span>\n\t\t\t\t\t\t\t\t\t<\/li>\n\t\t\t\t\t\t\t\t<li class=\"elementor-icon-list-item\">\n\t\t\t\t\t\t\t\t\t\t\t<span class=\"elementor-icon-list-icon\">\n\t\t\t\t\t\t\t<svg aria-hidden=\"true\" class=\"e-font-icon-svg e-fas-check-square\" viewBox=\"0 0 448 512\" xmlns=\"http:\/\/www.w3.org\/2000\/svg\"><path d=\"M400 480H48c-26.51 0-48-21.49-48-48V80c0-26.51 21.49-48 48-48h352c26.51 0 48 21.49 48 48v352c0 26.51-21.49 48-48 48zm-204.686-98.059l184-184c6.248-6.248 6.248-16.379 0-22.627l-22.627-22.627c-6.248-6.248-16.379-6.249-22.628 0L184 302.745l-70.059-70.059c-6.248-6.248-16.379-6.248-22.628 0l-22.627 22.627c-6.248 6.248-6.248 16.379 0 22.627l104 104c6.249 6.25 16.379 6.25 22.628.001z\"><\/path><\/svg>\t\t\t\t\t\t<\/span>\n\t\t\t\t\t\t\t\t\t\t<span class=\"elementor-icon-list-text\">Promovisati eti\u010dku, bezbednu i odgovornu upotrebu ve\u0161ta\u010dke inteligencije u ranom obrazovanju kroz jasne smernice i preporuke politika uskla\u0111ene sa evropskim vrednostima i standardima kvaliteta.<\/span>\n\t\t\t\t\t\t\t\t\t<\/li>\n\t\t\t\t\t\t<\/ul>\n\t\t\t\t\t\t<\/div>\n\t\t\t\t<\/div>\n\t\t<div class=\"elementor-element elementor-element-cd96242 e-con-full e-flex e-con e-child\" data-id=\"cd96242\" data-element_type=\"container\">\n\t\t\t\t<div class=\"elementor-element elementor-element-baad2ae elementor-widget elementor-widget-image\" data-id=\"baad2ae\" data-element_type=\"widget\" data-widget_type=\"image.default\">\n\t\t\t\t\t\t\t\t\t\t\t\t\t\t\t<img loading=\"lazy\" decoding=\"async\" width=\"800\" height=\"527\" src=\"https:\/\/digitalecec.eu\/wp-content\/uploads\/2026\/01\/Digital-ECEC2-about4-image.png\" class=\"attachment-large size-large wp-image-1144\" alt=\"\" srcset=\"https:\/\/digitalecec.eu\/wp-content\/uploads\/2026\/01\/Digital-ECEC2-about4-image.png 1021w, https:\/\/digitalecec.eu\/wp-content\/uploads\/2026\/01\/Digital-ECEC2-about4-image-300x197.png 300w, https:\/\/digitalecec.eu\/wp-content\/uploads\/2026\/01\/Digital-ECEC2-about4-image-768x505.png 768w\" sizes=\"(max-width: 800px) 100vw, 800px\" \/>\t\t\t\t\t\t\t\t\t\t\t\t\t\t\t<\/div>\n\t\t\t\t<\/div>\n\t\t\t\t<\/div>\n\t\t\t\t\t<\/div>\n\t\t\t\t<\/div>\n\t\t\t\t<\/div>\n\t\t","protected":false},"excerpt":{"rendered":"<p>O nama Potreba Rano obrazovanje je sve vi\u0161e pod uticajem digitalnih tehnologija i ve\u0161ta\u010dke inteligencije. AI ve\u0107 oblikuje na\u010din na koji se kreira obrazovni sadr\u017eaj, kako se upravlja Ustanovama i kako deca stupaju u interakciju sa digitalnim okru\u017eenjem. Me\u0111utim, mnogi vaspita\u010di, rukovodioci ustanova i roditelji nisu dovoljno pripremljeni da razumeju ili koriste ove tehnologije na [&hellip;]<\/p>\n","protected":false},"author":3,"featured_media":1156,"parent":0,"menu_order":0,"comment_status":"closed","ping_status":"closed","template":"","meta":{"footnotes":""},"class_list":["post-1642","page","type-page","status-publish","has-post-thumbnail","hentry"],"_links":{"self":[{"href":"https:\/\/digitalecec.eu\/sr\/wp-json\/wp\/v2\/pages\/1642","targetHints":{"allow":["GET"]}}],"collection":[{"href":"https:\/\/digitalecec.eu\/sr\/wp-json\/wp\/v2\/pages"}],"about":[{"href":"https:\/\/digitalecec.eu\/sr\/wp-json\/wp\/v2\/types\/page"}],"author":[{"embeddable":true,"href":"https:\/\/digitalecec.eu\/sr\/wp-json\/wp\/v2\/users\/3"}],"replies":[{"embeddable":true,"href":"https:\/\/digitalecec.eu\/sr\/wp-json\/wp\/v2\/comments?post=1642"}],"version-history":[{"count":4,"href":"https:\/\/digitalecec.eu\/sr\/wp-json\/wp\/v2\/pages\/1642\/revisions"}],"predecessor-version":[{"id":2153,"href":"https:\/\/digitalecec.eu\/sr\/wp-json\/wp\/v2\/pages\/1642\/revisions\/2153"}],"wp:featuredmedia":[{"embeddable":true,"href":"https:\/\/digitalecec.eu\/sr\/wp-json\/wp\/v2\/media\/1156"}],"wp:attachment":[{"href":"https:\/\/digitalecec.eu\/sr\/wp-json\/wp\/v2\/media?parent=1642"}],"curies":[{"name":"wp","href":"https:\/\/api.w.org\/{rel}","templated":true}]}}