{"id":1657,"date":"2026-04-01T12:07:13","date_gmt":"2026-04-01T12:07:13","guid":{"rendered":"https:\/\/digitalecec.eu\/partneri\/lietuvos-svietimo-ir-mokslo-profesine-sajunga-lestu\/"},"modified":"2026-04-01T12:07:14","modified_gmt":"2026-04-01T12:07:14","slug":"lietuvos-svietimo-ir-mokslo-profesine-sajunga-lestu","status":"publish","type":"page","link":"https:\/\/digitalecec.eu\/sr\/partneri\/lietuvos-svietimo-ir-mokslo-profesine-sajunga-lestu\/","title":{"rendered":"Lietuvos \u0161vietimo ir mokslo profesin\u0117 s\u0105junga (LESTU)"},"content":{"rendered":"\t\t<div data-elementor-type=\"wp-page\" data-elementor-id=\"1657\" class=\"elementor elementor-1657 elementor-326\" data-elementor-post-type=\"page\">\n\t\t\t\t<div class=\"elementor-element elementor-element-e89afef e-flex e-con-boxed e-con e-parent\" data-id=\"e89afef\" data-element_type=\"container\">\n\t\t\t\t\t<div class=\"e-con-inner\">\n\t\t<div class=\"elementor-element elementor-element-56078a3 e-con-full e-flex e-con e-child\" data-id=\"56078a3\" data-element_type=\"container\" data-settings=\"{&quot;background_background&quot;:&quot;classic&quot;}\">\n\t\t\t\t<div class=\"elementor-element elementor-element-1e20cd4 elementor-widget elementor-widget-image\" data-id=\"1e20cd4\" data-element_type=\"widget\" data-widget_type=\"image.default\">\n\t\t\t\t\t\t\t\t\t\t\t\t\t\t\t<img fetchpriority=\"high\" decoding=\"async\" width=\"808\" height=\"380\" src=\"https:\/\/digitalecec.eu\/wp-content\/uploads\/2026\/01\/LSMPS-logo-600x400-1.svg\" class=\"attachment-full size-full wp-image-1060\" alt=\"\" \/>\t\t\t\t\t\t\t\t\t\t\t\t\t\t\t<\/div>\n\t\t\t\t<\/div>\n\t\t\t\t\t<\/div>\n\t\t\t\t<\/div>\n\t\t<div class=\"elementor-element elementor-element-4d3e566 e-flex e-con-boxed e-con e-parent\" data-id=\"4d3e566\" data-element_type=\"container\">\n\t\t\t\t\t<div class=\"e-con-inner\">\n\t\t<div class=\"elementor-element elementor-element-75520c4 e-con-full e-flex e-con e-child\" data-id=\"75520c4\" data-element_type=\"container\">\n\t\t\t\t<div class=\"elementor-element elementor-element-b08bd71 elementor-widget elementor-widget-heading\" data-id=\"b08bd71\" data-element_type=\"widget\" data-widget_type=\"heading.default\">\n\t\t\t\t\t<h2 class=\"elementor-heading-title elementor-size-default\">Lietuvos \u0161vietimo ir mokslo profesin\u0117 s\u0105junga (LESTU)<\/h2>\t\t\t\t<\/div>\n\t\t\t\t<div class=\"elementor-element elementor-element-f7e9046 elementor-widget elementor-widget-heading\" data-id=\"f7e9046\" data-element_type=\"widget\" data-widget_type=\"heading.default\">\n\t\t\t\t\t<h5 class=\"elementor-heading-title elementor-size-default\">Litvanija \ud83c\uddf1\ud83c\uddf9<\/h5>\t\t\t\t<\/div>\n\t\t\t\t<div class=\"elementor-element elementor-element-2ed102d elementor-shape-circle elementor-grid-0 e-grid-align-center elementor-widget elementor-widget-social-icons\" data-id=\"2ed102d\" data-element_type=\"widget\" data-widget_type=\"social-icons.default\">\n\t\t\t\t\t\t\t<div class=\"elementor-social-icons-wrapper elementor-grid\" role=\"list\">\n\t\t\t\t\t\t\t<span class=\"elementor-grid-item\" role=\"listitem\">\n\t\t\t\t\t<a class=\"elementor-icon elementor-social-icon elementor-social-icon-globe elementor-animation-shrink elementor-repeater-item-759b9f8\" href=\"https:\/\/www.svietimoprofsajunga.lt\/\" target=\"_blank\" rel=\"noopener\">\n\t\t\t\t\t\t<span class=\"elementor-screen-only\">Globe<\/span>\n\t\t\t\t\t\t<svg aria-hidden=\"true\" class=\"e-font-icon-svg e-fas-globe\" viewBox=\"0 0 496 512\" xmlns=\"http:\/\/www.w3.org\/2000\/svg\"><path d=\"M336.5 160C322 70.7 287.8 8 248 8s-74 62.7-88.5 152h177zM152 256c0 22.2 1.2 43.5 3.3 64h185.3c2.1-20.5 3.3-41.8 3.3-64s-1.2-43.5-3.3-64H155.3c-2.1 20.5-3.3 41.8-3.3 64zm324.7-96c-28.6-67.9-86.5-120.4-158-141.6 24.4 33.8 41.2 84.7 50 141.6h108zM177.2 18.4C105.8 39.6 47.8 92.1 19.3 160h108c8.7-56.9 25.5-107.8 49.9-141.6zM487.4 192H372.7c2.1 21 3.3 42.5 3.3 64s-1.2 43-3.3 64h114.6c5.5-20.5 8.6-41.8 8.6-64s-3.1-43.5-8.5-64zM120 256c0-21.5 1.2-43 3.3-64H8.6C3.2 212.5 0 233.8 0 256s3.2 43.5 8.6 64h114.6c-2-21-3.2-42.5-3.2-64zm39.5 96c14.5 89.3 48.7 152 88.5 152s74-62.7 88.5-152h-177zm159.3 141.6c71.4-21.2 129.4-73.7 158-141.6h-108c-8.8 56.9-25.6 107.8-50 141.6zM19.3 352c28.6 67.9 86.5 120.4 158 141.6-24.4-33.8-41.2-84.7-50-141.6h-108z\"><\/path><\/svg>\t\t\t\t\t<\/a>\n\t\t\t\t<\/span>\n\t\t\t\t\t\t\t<span class=\"elementor-grid-item\" role=\"listitem\">\n\t\t\t\t\t<a class=\"elementor-icon elementor-social-icon elementor-social-icon-facebook elementor-animation-shrink elementor-repeater-item-d624ce3\" href=\"https:\/\/www.facebook.com\/svietimoprofsajunga\" target=\"_blank\" rel=\"noopener\">\n\t\t\t\t\t\t<span class=\"elementor-screen-only\">Facebook<\/span>\n\t\t\t\t\t\t<svg aria-hidden=\"true\" class=\"e-font-icon-svg e-fab-facebook\" viewBox=\"0 0 512 512\" xmlns=\"http:\/\/www.w3.org\/2000\/svg\"><path d=\"M504 256C504 119 393 8 256 8S8 119 8 256c0 123.78 90.69 226.38 209.25 245V327.69h-63V256h63v-54.64c0-62.15 37-96.48 93.67-96.48 27.14 0 55.52 4.84 55.52 4.84v61h-31.28c-30.8 0-40.41 19.12-40.41 38.73V256h68.78l-11 71.69h-57.78V501C413.31 482.38 504 379.78 504 256z\"><\/path><\/svg>\t\t\t\t\t<\/a>\n\t\t\t\t<\/span>\n\t\t\t\t\t\t\t<span class=\"elementor-grid-item\" role=\"listitem\">\n\t\t\t\t\t<a class=\"elementor-icon elementor-social-icon elementor-social-icon-instagram elementor-animation-shrink elementor-repeater-item-dba18a0\" href=\"https:\/\/www.instagram.com\/lsmps_stipruskartu\/\" target=\"_blank\" rel=\"noopener\">\n\t\t\t\t\t\t<span class=\"elementor-screen-only\">Instagram<\/span>\n\t\t\t\t\t\t<svg aria-hidden=\"true\" class=\"e-font-icon-svg e-fab-instagram\" viewBox=\"0 0 448 512\" xmlns=\"http:\/\/www.w3.org\/2000\/svg\"><path d=\"M224.1 141c-63.6 0-114.9 51.3-114.9 114.9s51.3 114.9 114.9 114.9S339 319.5 339 255.9 287.7 141 224.1 141zm0 189.6c-41.1 0-74.7-33.5-74.7-74.7s33.5-74.7 74.7-74.7 74.7 33.5 74.7 74.7-33.6 74.7-74.7 74.7zm146.4-194.3c0 14.9-12 26.8-26.8 26.8-14.9 0-26.8-12-26.8-26.8s12-26.8 26.8-26.8 26.8 12 26.8 26.8zm76.1 27.2c-1.7-35.9-9.9-67.7-36.2-93.9-26.2-26.2-58-34.4-93.9-36.2-37-2.1-147.9-2.1-184.9 0-35.8 1.7-67.6 9.9-93.9 36.1s-34.4 58-36.2 93.9c-2.1 37-2.1 147.9 0 184.9 1.7 35.9 9.9 67.7 36.2 93.9s58 34.4 93.9 36.2c37 2.1 147.9 2.1 184.9 0 35.9-1.7 67.7-9.9 93.9-36.2 26.2-26.2 34.4-58 36.2-93.9 2.1-37 2.1-147.8 0-184.8zM398.8 388c-7.8 19.6-22.9 34.7-42.6 42.6-29.5 11.7-99.5 9-132.1 9s-102.7 2.6-132.1-9c-19.6-7.8-34.7-22.9-42.6-42.6-11.7-29.5-9-99.5-9-132.1s-2.6-102.7 9-132.1c7.8-19.6 22.9-34.7 42.6-42.6 29.5-11.7 99.5-9 132.1-9s102.7-2.6 132.1 9c19.6 7.8 34.7 22.9 42.6 42.6 11.7 29.5 9 99.5 9 132.1s2.7 102.7-9 132.1z\"><\/path><\/svg>\t\t\t\t\t<\/a>\n\t\t\t\t<\/span>\n\t\t\t\t\t<\/div>\n\t\t\t\t\t\t<\/div>\n\t\t<div class=\"elementor-element elementor-element-1b2c8d8 e-con-full e-flex e-con e-child\" data-id=\"1b2c8d8\" data-element_type=\"container\" data-settings=\"{&quot;background_background&quot;:&quot;classic&quot;}\">\n\t\t\t\t<div class=\"elementor-element elementor-element-1491fa4 elementor-widget elementor-widget-text-editor\" data-id=\"1491fa4\" data-element_type=\"widget\" data-widget_type=\"text-editor.default\">\n\t\t\t\t\t\t\t\t\t<p>Litvanski sindikat obrazovanja i nauke (LESTU) je najvec\u0301i sindikat obrazovanja u Litvaniji sa preko 12.000 \u010dlanova. Sa 12 centralnih zaposlenih i 40 regionalnih koordinatora, on jedinstveno predstavlja radnike u svim obrazovnim sektorima &#8211; od nastavnika u pred\u0161kolskim ustanovama do univerzitetskih istra\u017eiva\u010da i instruktora za stru\u010dno obrazovanje i obuku.<\/p>\n<p>Kao moderna, politi\u010dki nezavisna organizacija, LESTU efikasno \u0161titi dru\u0161tvene, ekonomske i profesionalne interese prosvetnih radnika na nacionalnom, regionalnom i institucionalnom nivou. Kroz dijalog sa poslodavcima, uti\u010de na vladine obrazovne politike kako bi se zadovoljile potrebe gra\u0111ana Litvanije.<\/p>\n<p>LESTU odr\u017eava \u010dlanstvo u Litvanskoj konfederaciji sindikata (LPSK), Education International (EI) i Evropskom sindikalnom komitetu za obrazovanje (ETUCE), pristupajuc\u0301i \u0161irokim me\u0111unarodnim mre\u017eama za saradnju na projektima i razmenu znanja.<\/p>\n<p>Na dr\u017eavnom nivou, LESTU daje preporuke za politike preko Parlamentarnog saveta za obrazovanje u vezi sa inicijativama za stru\u010dno obrazovanje i obuku i tesno sara\u0111uje sa Ministarstvom prosvete, nauke i sporta i Centrom za kvalifikacije i razvoj stru\u010dnog obrazovanja i obuke kako bi uskladio sistem celo\u017eivotnog u\u010denja Litvanije sa ekonomskim i dru\u0161tvenim potrebama.<\/p>\n<p>Tim kvalifikovanih stru\u010dnjaka organizacije sprovodi pravne analize, pru\u017ea edukaciju \u010dlanova i obuku za razvoj osoblja i u\u010destvuje u kolektivnom pregovaranju na razli\u010ditim nivoima. Kroz ove pregovore, LESTU reguli\u0161e osnovne uslove rada za prosvetne radnike, uklju\u010dujuc\u0301i radno vreme, profesionalni razvoj, nadoknade, za\u0161titu zaposlenja i zdravstvenu za\u0161titu.<\/p>\n\t\t\t\t\t\t\t\t<\/div>\n\t\t\t\t<\/div>\n\t\t\t\t<div class=\"elementor-element elementor-element-2c16c04 elementor-widget elementor-widget-spacer\" data-id=\"2c16c04\" data-element_type=\"widget\" data-widget_type=\"spacer.default\">\n\t\t\t\t\t\t\t<div class=\"elementor-spacer\">\n\t\t\t<div class=\"elementor-spacer-inner\"><\/div>\n\t\t<\/div>\n\t\t\t\t\t\t<\/div>\n\t\t\t\t<div class=\"elementor-element elementor-element-628d72b elementor-widget elementor-widget-heading\" data-id=\"628d72b\" data-element_type=\"widget\" data-widget_type=\"heading.default\">\n\t\t\t\t\t<h4 class=\"elementor-heading-title elementor-size-default\">Lica Projekta<\/h4>\t\t\t\t<\/div>\n\t\t<div class=\"elementor-element elementor-element-221cf6d e-con-full e-flex e-con e-child\" data-id=\"221cf6d\" data-element_type=\"container\">\n\t\t<div class=\"elementor-element elementor-element-515ac62 e-con-full hover-swap-card e-flex e-con e-child\" data-id=\"515ac62\" data-element_type=\"container\">\n\t\t<div class=\"elementor-element elementor-element-b626438 e-con-full swap-photo e-flex e-con e-child\" data-id=\"b626438\" data-element_type=\"container\">\n\t\t\t\t<div class=\"elementor-element elementor-element-f2f0982 swap-img swap-img--default elementor-widget elementor-widget-image\" data-id=\"f2f0982\" data-element_type=\"widget\" data-widget_type=\"image.default\">\n\t\t\t\t\t\t\t\t\t\t\t\t\t\t\t<img decoding=\"async\" width=\"800\" height=\"800\" src=\"https:\/\/digitalecec.eu\/wp-content\/uploads\/2026\/02\/800x800_Inga.jpg\" class=\"attachment-large size-large wp-image-1276\" alt=\"\" srcset=\"https:\/\/digitalecec.eu\/wp-content\/uploads\/2026\/02\/800x800_Inga.jpg 800w, https:\/\/digitalecec.eu\/wp-content\/uploads\/2026\/02\/800x800_Inga-300x300.jpg 300w, https:\/\/digitalecec.eu\/wp-content\/uploads\/2026\/02\/800x800_Inga-150x150.jpg 150w, https:\/\/digitalecec.eu\/wp-content\/uploads\/2026\/02\/800x800_Inga-768x768.jpg 768w\" sizes=\"(max-width: 800px) 100vw, 800px\" \/>\t\t\t\t\t\t\t\t\t\t\t\t\t\t\t<\/div>\n\t\t\t\t<\/div>\n\t\t\t\t<div class=\"elementor-element elementor-element-cf0a735 elementor-widget elementor-widget-heading\" data-id=\"cf0a735\" data-element_type=\"widget\" data-widget_type=\"heading.default\">\n\t\t\t\t\t<h6 class=\"elementor-heading-title elementor-size-default\">Inga Puisa<\/h6>\t\t\t\t<\/div>\n\t\t\t\t<div class=\"elementor-element elementor-element-9c39778 elementor-icon-list--layout-traditional elementor-list-item-link-full_width elementor-widget elementor-widget-icon-list\" data-id=\"9c39778\" data-element_type=\"widget\" data-widget_type=\"icon-list.default\">\n\t\t\t\t\t\t\t<ul class=\"elementor-icon-list-items\">\n\t\t\t\t\t\t\t<li class=\"elementor-icon-list-item\">\n\t\t\t\t\t\t\t\t\t\t\t<a href=\"mailto:inga.puisa@gmail.com\">\n\n\t\t\t\t\t\t\t\t\t\t\t\t<span class=\"elementor-icon-list-icon\">\n\t\t\t\t\t\t\t<svg aria-hidden=\"true\" class=\"e-font-icon-svg e-fas-envelope\" viewBox=\"0 0 512 512\" xmlns=\"http:\/\/www.w3.org\/2000\/svg\"><path d=\"M502.3 190.8c3.9-3.1 9.7-.2 9.7 4.7V400c0 26.5-21.5 48-48 48H48c-26.5 0-48-21.5-48-48V195.6c0-5 5.7-7.8 9.7-4.7 22.4 17.4 52.1 39.5 154.1 113.6 21.1 15.4 56.7 47.8 92.2 47.6 35.7.3 72-32.8 92.3-47.6 102-74.1 131.6-96.3 154-113.7zM256 320c23.2.4 56.6-29.2 73.4-41.4 132.7-96.3 142.8-104.7 173.4-128.7 5.8-4.5 9.2-11.5 9.2-18.9v-19c0-26.5-21.5-48-48-48H48C21.5 64 0 85.5 0 112v19c0 7.4 3.4 14.3 9.2 18.9 30.6 23.9 40.7 32.4 173.4 128.7 16.8 12.2 50.2 41.8 73.4 41.4z\"><\/path><\/svg>\t\t\t\t\t\t<\/span>\n\t\t\t\t\t\t\t\t\t\t<span class=\"elementor-icon-list-text\">inga.puisa@gmail.com<\/span>\n\t\t\t\t\t\t\t\t\t\t\t<\/a>\n\t\t\t\t\t\t\t\t\t<\/li>\n\t\t\t\t\t\t<\/ul>\n\t\t\t\t\t\t<\/div>\n\t\t\t\t<div class=\"elementor-element elementor-element-5d70aa1 elementor-widget elementor-widget-button\" data-id=\"5d70aa1\" data-element_type=\"widget\" data-widget_type=\"button.default\">\n\t\t\t\t\t\t\t\t\t\t<a class=\"elementor-button elementor-button-link elementor-size-sm elementor-animation-shrink\" href=\"#elementor-action%3Aaction%3Dpopup%3Aopen%26settings%3DeyJpZCI6MTY3NywidG9nZ2xlIjpmYWxzZX0%3D\">\n\t\t\t\t\t\t<span class=\"elementor-button-content-wrapper\">\n\t\t\t\t\t\t<span class=\"elementor-button-icon\">\n\t\t\t\t<svg aria-hidden=\"true\" class=\"e-font-icon-svg e-fas-info-circle\" viewBox=\"0 0 512 512\" xmlns=\"http:\/\/www.w3.org\/2000\/svg\"><path d=\"M256 8C119.043 8 8 119.083 8 256c0 136.997 111.043 248 248 248s248-111.003 248-248C504 119.083 392.957 8 256 8zm0 110c23.196 0 42 18.804 42 42s-18.804 42-42 42-42-18.804-42-42 18.804-42 42-42zm56 254c0 6.627-5.373 12-12 12h-88c-6.627 0-12-5.373-12-12v-24c0-6.627 5.373-12 12-12h12v-64h-12c-6.627 0-12-5.373-12-12v-24c0-6.627 5.373-12 12-12h64c6.627 0 12 5.373 12 12v100h12c6.627 0 12 5.373 12 12v24z\"><\/path><\/svg>\t\t\t<\/span>\n\t\t\t\t\t\t\t\t\t<span class=\"elementor-button-text\">vi\u0161e<\/span>\n\t\t\t\t\t<\/span>\n\t\t\t\t\t<\/a>\n\t\t\t\t\t\t\t\t<\/div>\n\t\t\t\t<\/div>\n\t\t<div class=\"elementor-element elementor-element-06e33d8 e-con-full hover-swap-card e-flex e-con e-child\" data-id=\"06e33d8\" data-element_type=\"container\">\n\t\t<div class=\"elementor-element elementor-element-31bf0cd e-con-full swap-photo e-flex e-con e-child\" data-id=\"31bf0cd\" data-element_type=\"container\">\n\t\t\t\t<div class=\"elementor-element elementor-element-b9b6431 swap-img swap-img--default elementor-widget elementor-widget-image\" data-id=\"b9b6431\" data-element_type=\"widget\" data-widget_type=\"image.default\">\n\t\t\t\t\t\t\t\t\t\t\t\t\t\t\t<img decoding=\"async\" width=\"800\" height=\"800\" src=\"https:\/\/digitalecec.eu\/wp-content\/uploads\/2026\/02\/800x800_Lina_K.jpg\" class=\"attachment-large size-large wp-image-1280\" alt=\"\" srcset=\"https:\/\/digitalecec.eu\/wp-content\/uploads\/2026\/02\/800x800_Lina_K.jpg 800w, https:\/\/digitalecec.eu\/wp-content\/uploads\/2026\/02\/800x800_Lina_K-300x300.jpg 300w, https:\/\/digitalecec.eu\/wp-content\/uploads\/2026\/02\/800x800_Lina_K-150x150.jpg 150w, https:\/\/digitalecec.eu\/wp-content\/uploads\/2026\/02\/800x800_Lina_K-768x768.jpg 768w\" sizes=\"(max-width: 800px) 100vw, 800px\" \/>\t\t\t\t\t\t\t\t\t\t\t\t\t\t\t<\/div>\n\t\t\t\t<\/div>\n\t\t\t\t<div class=\"elementor-element elementor-element-7d674aa elementor-widget elementor-widget-heading\" data-id=\"7d674aa\" data-element_type=\"widget\" data-widget_type=\"heading.default\">\n\t\t\t\t\t<h6 class=\"elementor-heading-title elementor-size-default\">Lina Kirkickajte-Halilov<\/h6>\t\t\t\t<\/div>\n\t\t\t\t<div class=\"elementor-element elementor-element-15edc5f elementor-icon-list--layout-traditional elementor-list-item-link-full_width elementor-widget elementor-widget-icon-list\" data-id=\"15edc5f\" data-element_type=\"widget\" data-widget_type=\"icon-list.default\">\n\t\t\t\t\t\t\t<ul class=\"elementor-icon-list-items\">\n\t\t\t\t\t\t\t<li class=\"elementor-icon-list-item\">\n\t\t\t\t\t\t\t\t\t\t\t<a href=\"mailto:lina@svietimoprofsajunga.lt\">\n\n\t\t\t\t\t\t\t\t\t\t\t\t<span class=\"elementor-icon-list-icon\">\n\t\t\t\t\t\t\t<svg aria-hidden=\"true\" class=\"e-font-icon-svg e-fas-envelope\" viewBox=\"0 0 512 512\" xmlns=\"http:\/\/www.w3.org\/2000\/svg\"><path d=\"M502.3 190.8c3.9-3.1 9.7-.2 9.7 4.7V400c0 26.5-21.5 48-48 48H48c-26.5 0-48-21.5-48-48V195.6c0-5 5.7-7.8 9.7-4.7 22.4 17.4 52.1 39.5 154.1 113.6 21.1 15.4 56.7 47.8 92.2 47.6 35.7.3 72-32.8 92.3-47.6 102-74.1 131.6-96.3 154-113.7zM256 320c23.2.4 56.6-29.2 73.4-41.4 132.7-96.3 142.8-104.7 173.4-128.7 5.8-4.5 9.2-11.5 9.2-18.9v-19c0-26.5-21.5-48-48-48H48C21.5 64 0 85.5 0 112v19c0 7.4 3.4 14.3 9.2 18.9 30.6 23.9 40.7 32.4 173.4 128.7 16.8 12.2 50.2 41.8 73.4 41.4z\"><\/path><\/svg>\t\t\t\t\t\t<\/span>\n\t\t\t\t\t\t\t\t\t\t<span class=\"elementor-icon-list-text\">lina@svietimoprofsajunga.lt<\/span>\n\t\t\t\t\t\t\t\t\t\t\t<\/a>\n\t\t\t\t\t\t\t\t\t<\/li>\n\t\t\t\t\t\t<\/ul>\n\t\t\t\t\t\t<\/div>\n\t\t\t\t<div class=\"elementor-element elementor-element-f718613 elementor-widget elementor-widget-button\" data-id=\"f718613\" data-element_type=\"widget\" data-widget_type=\"button.default\">\n\t\t\t\t\t\t\t\t\t\t<a class=\"elementor-button elementor-button-link elementor-size-sm elementor-animation-shrink\" href=\"#elementor-action%3Aaction%3Dpopup%3Aopen%26settings%3DeyJpZCI6MTY3OSwidG9nZ2xlIjpmYWxzZX0%3D\">\n\t\t\t\t\t\t<span class=\"elementor-button-content-wrapper\">\n\t\t\t\t\t\t<span class=\"elementor-button-icon\">\n\t\t\t\t<svg aria-hidden=\"true\" class=\"e-font-icon-svg e-fas-info-circle\" viewBox=\"0 0 512 512\" xmlns=\"http:\/\/www.w3.org\/2000\/svg\"><path d=\"M256 8C119.043 8 8 119.083 8 256c0 136.997 111.043 248 248 248s248-111.003 248-248C504 119.083 392.957 8 256 8zm0 110c23.196 0 42 18.804 42 42s-18.804 42-42 42-42-18.804-42-42 18.804-42 42-42zm56 254c0 6.627-5.373 12-12 12h-88c-6.627 0-12-5.373-12-12v-24c0-6.627 5.373-12 12-12h12v-64h-12c-6.627 0-12-5.373-12-12v-24c0-6.627 5.373-12 12-12h64c6.627 0 12 5.373 12 12v100h12c6.627 0 12 5.373 12 12v24z\"><\/path><\/svg>\t\t\t<\/span>\n\t\t\t\t\t\t\t\t\t<span class=\"elementor-button-text\">vi\u0161e<\/span>\n\t\t\t\t\t<\/span>\n\t\t\t\t\t<\/a>\n\t\t\t\t\t\t\t\t<\/div>\n\t\t\t\t<\/div>\n\t\t<div class=\"elementor-element elementor-element-e7f1fc0 e-con-full hover-swap-card e-flex e-con e-child\" data-id=\"e7f1fc0\" data-element_type=\"container\">\n\t\t\t\t<\/div>\n\t\t<div class=\"elementor-element elementor-element-c1b80b7 e-con-full hover-swap-card e-flex e-con e-child\" data-id=\"c1b80b7\" data-element_type=\"container\">\n\t\t\t\t<\/div>\n\t\t\t\t<\/div>\n\t\t\t\t<\/div>\n\t\t\t\t\t<\/div>\n\t\t\t\t<\/div>\n\t\t\t\t<\/div>\n\t\t","protected":false},"excerpt":{"rendered":"<p>Lietuvos \u0161vietimo ir mokslo profesin\u0117 s\u0105junga (LESTU) Litvanija \ud83c\uddf1\ud83c\uddf9 Globe Facebook Instagram Litvanski sindikat obrazovanja i nauke (LESTU) je najvec\u0301i sindikat obrazovanja u Litvaniji sa preko 12.000 \u010dlanova. Sa 12 centralnih zaposlenih i 40 regionalnih koordinatora, on jedinstveno predstavlja radnike u svim obrazovnim sektorima &#8211; od nastavnika u pred\u0161kolskim ustanovama do univerzitetskih istra\u017eiva\u010da i instruktora [&hellip;]<\/p>\n","protected":false},"author":3,"featured_media":1184,"parent":1631,"menu_order":0,"comment_status":"closed","ping_status":"closed","template":"","meta":{"footnotes":""},"class_list":["post-1657","page","type-page","status-publish","has-post-thumbnail","hentry"],"_links":{"self":[{"href":"https:\/\/digitalecec.eu\/sr\/wp-json\/wp\/v2\/pages\/1657","targetHints":{"allow":["GET"]}}],"collection":[{"href":"https:\/\/digitalecec.eu\/sr\/wp-json\/wp\/v2\/pages"}],"about":[{"href":"https:\/\/digitalecec.eu\/sr\/wp-json\/wp\/v2\/types\/page"}],"author":[{"embeddable":true,"href":"https:\/\/digitalecec.eu\/sr\/wp-json\/wp\/v2\/users\/3"}],"replies":[{"embeddable":true,"href":"https:\/\/digitalecec.eu\/sr\/wp-json\/wp\/v2\/comments?post=1657"}],"version-history":[{"count":1,"href":"https:\/\/digitalecec.eu\/sr\/wp-json\/wp\/v2\/pages\/1657\/revisions"}],"predecessor-version":[{"id":1658,"href":"https:\/\/digitalecec.eu\/sr\/wp-json\/wp\/v2\/pages\/1657\/revisions\/1658"}],"up":[{"embeddable":true,"href":"https:\/\/digitalecec.eu\/sr\/wp-json\/wp\/v2\/pages\/1631"}],"wp:featuredmedia":[{"embeddable":true,"href":"https:\/\/digitalecec.eu\/sr\/wp-json\/wp\/v2\/media\/1184"}],"wp:attachment":[{"href":"https:\/\/digitalecec.eu\/sr\/wp-json\/wp\/v2\/media?parent=1657"}],"curies":[{"name":"wp","href":"https:\/\/api.w.org\/{rel}","templated":true}]}}